{"id":1346,"date":"2025-08-14T08:26:35","date_gmt":"2025-08-14T08:26:35","guid":{"rendered":"https:\/\/operatrafik.com\/product\/la-galera-habano-el-lector\/"},"modified":"2025-08-18T07:16:14","modified_gmt":"2025-08-18T07:16:14","slug":"la-galera-habano-el-lector","status":"publish","type":"product","link":"https:\/\/operatrafik.com\/hu\/termek\/la-galera-habano-el-lector\/","title":{"rendered":"La Galera Habano El Lector"},"content":{"rendered":"<p>A La Galera Habano egy k\u00f6zepes test\u0171 dominikai szivar, amelyet a tekint\u00e9lyes ipar\u00e1gi veter\u00e1n, Jochy Blanco hozott el \u00d6nnek, \u00e9s amely egy gy\u00f6ny\u00f6r\u0171, r\u00e9zsz\u00edn\u0171 ecuadori Habano bor\u00edt\u00f3t tartalmaz, dominikai Corojo k\u00f6t\u0151anyaggal \u00e9s dominikai Piloto Cubano, Criollo 98 \u00e9s Pelo de Oro t\u00f6ltel\u00e9kekkel. A c\u00e9drus, k\u00e1v\u00e9 \u00e9s karamell kr\u00e9mes jegyeit tartalmaz\u00f3, gazdag kever\u00e9k az utols\u00f3 slukkig fejl\u0151dik \u00e9s leny\u0171g\u00f6zi az embert.<\/p>","protected":false},"excerpt":{"rendered":"<p>A La Galera Habano egy k\u00f6zepes test\u0171 dominikai szivar, amelyet a tekint\u00e9lyes ipar\u00e1gi veter\u00e1n, Jochy Blanco hozott el \u00d6nnek, \u00e9s amely egy gy\u00f6ny\u00f6r\u0171, r\u00e9zsz\u00edn\u0171 ecuadori Habano bor\u00edt\u00f3t tartalmaz, dominikai Corojo k\u00f6t\u0151anyaggal \u00e9s dominikai Piloto Cubano, Criollo 98 \u00e9s Pelo de Oro t\u00f6ltel\u00e9kekkel. A c\u00e9drus, k\u00e1v\u00e9 \u00e9s karamell kr\u00e9mes jegyeit tartalmaz\u00f3, gazdag kever\u00e9k az utols\u00f3 slukkig [&hellip;]<\/p>","protected":false},"featured_media":1345,"comment_status":"open","ping_status":"closed","template":"","meta":[],"product_brand":[431],"product_cat":[30],"product_tag":[],"class_list":{"0":"post-1346","1":"product","2":"type-product","3":"status-publish","4":"has-post-thumbnail","6":"product_brand-la-galera","7":"product_cat-cigars","8":"pa_binder-dominican-corojo","9":"pa_color-colorado","10":"pa_filler-origin-criollo-98-pelo-de-oro","11":"pa_filler-origin-dominican-piloto-cubano","12":"pa_filler-type-longfiller","13":"pa_format-parejo","14":"pa_handmade-kezi-sodrasu","15":"pa_manufacturer-dominica","16":"pa_size-toro","17":"pa_strength-kozepes","18":"pa_wrapper-ecuadorian-habano","20":"first","21":"instock","22":"purchasable","23":"product-type-simple"},"aioseo_notices":[],"_links":{"self":[{"href":"https:\/\/operatrafik.com\/hu\/wp-json\/wp\/v2\/product\/1346","targetHints":{"allow":["GET"]}}],"collection":[{"href":"https:\/\/operatrafik.com\/hu\/wp-json\/wp\/v2\/product"}],"about":[{"href":"https:\/\/operatrafik.com\/hu\/wp-json\/wp\/v2\/types\/product"}],"replies":[{"embeddable":true,"href":"https:\/\/operatrafik.com\/hu\/wp-json\/wp\/v2\/comments?post=1346"}],"wp:featuredmedia":[{"embeddable":true,"href":"https:\/\/operatrafik.com\/hu\/wp-json\/wp\/v2\/media\/1345"}],"wp:attachment":[{"href":"https:\/\/operatrafik.com\/hu\/wp-json\/wp\/v2\/media?parent=1346"}],"wp:term":[{"taxonomy":"product_brand","embeddable":true,"href":"https:\/\/operatrafik.com\/hu\/wp-json\/wp\/v2\/product_brand?post=1346"},{"taxonomy":"product_cat","embeddable":true,"href":"https:\/\/operatrafik.com\/hu\/wp-json\/wp\/v2\/product_cat?post=1346"},{"taxonomy":"product_tag","embeddable":true,"href":"https:\/\/operatrafik.com\/hu\/wp-json\/wp\/v2\/product_tag?post=1346"}],"curies":[{"name":"wp","href":"https:\/\/api.w.org\/{rel}","templated":true}]}}