{"id":1350,"date":"2025-08-14T08:26:38","date_gmt":"2025-08-14T08:26:38","guid":{"rendered":"https:\/\/operatrafik.com\/product\/la-galera-connecticut-el-lector\/"},"modified":"2025-08-18T07:16:14","modified_gmt":"2025-08-18T07:16:14","slug":"la-galera-connecticut-el-lector","status":"publish","type":"product","link":"https:\/\/operatrafik.com\/hu\/termek\/la-galera-connecticut-el-lector\/","title":{"rendered":"La Galera Connecticut El Lector"},"content":{"rendered":"<p>A La Galera Connecticut, amelyet a tekint\u00e9lyes ipar\u00e1gi veter\u00e1n, Jochy Blanco hozott el \u00d6nnek, egy enyhe \u00e9s k\u00f6zepes test\u0171 dominikai szivar, amely egy gy\u00f6ny\u00f6r\u0171 aranybarna ecuadori Connecticut Shade bor\u00edt\u00f3t tartalmaz, pr\u00e9mium dominikai k\u00f6t\u0151anyaggal \u00e9s t\u00f6lt\u0151anyaggal p\u00e1ros\u00edtva. A mandula, eszpressz\u00f3, f\u00f6ld \u00e9s kr\u00e9m jegyeit tartalmaz\u00f3 sima kever\u00e9k t\u00f6k\u00e9letes mindennapi szivar, a nap MINDEN szak\u00e1ban.<\/p>","protected":false},"excerpt":{"rendered":"<p>A La Galera Connecticut, amelyet a tekint\u00e9lyes ipar\u00e1gi veter\u00e1n, Jochy Blanco hozott el \u00d6nnek, egy enyhe \u00e9s k\u00f6zepes test\u0171 dominikai szivar, amely egy gy\u00f6ny\u00f6r\u0171 aranybarna ecuadori Connecticut Shade bor\u00edt\u00f3t tartalmaz, pr\u00e9mium dominikai k\u00f6t\u0151anyaggal \u00e9s t\u00f6lt\u0151anyaggal p\u00e1ros\u00edtva. A mandula, eszpressz\u00f3, f\u00f6ld \u00e9s kr\u00e9m jegyeit tartalmaz\u00f3 sima kever\u00e9k t\u00f6k\u00e9letes mindennapi szivar, a nap MINDEN szak\u00e1ban.<\/p>","protected":false},"featured_media":1349,"comment_status":"open","ping_status":"closed","template":"","meta":[],"product_brand":[431],"product_cat":[30],"product_tag":[],"class_list":{"0":"post-1350","1":"product","2":"type-product","3":"status-publish","4":"has-post-thumbnail","6":"product_brand-la-galera","7":"product_cat-cigars","8":"pa_binder-dominican-piloto-cubano","9":"pa_color-claro","10":"pa_filler-origin-dominican-t-112","11":"pa_filler-origin-piloto-cubano-criollo-99","12":"pa_filler-type-longfiller","13":"pa_format-parejo","14":"pa_handmade-kezi-sodrasu","15":"pa_manufacturer-dominica","16":"pa_size-toro","17":"pa_strength-gyenge-kozepes","18":"pa_wrapper-ecuadorian-connecticut-shade","20":"first","21":"instock","22":"purchasable","23":"product-type-simple"},"aioseo_notices":[],"_links":{"self":[{"href":"https:\/\/operatrafik.com\/hu\/wp-json\/wp\/v2\/product\/1350","targetHints":{"allow":["GET"]}}],"collection":[{"href":"https:\/\/operatrafik.com\/hu\/wp-json\/wp\/v2\/product"}],"about":[{"href":"https:\/\/operatrafik.com\/hu\/wp-json\/wp\/v2\/types\/product"}],"replies":[{"embeddable":true,"href":"https:\/\/operatrafik.com\/hu\/wp-json\/wp\/v2\/comments?post=1350"}],"wp:featuredmedia":[{"embeddable":true,"href":"https:\/\/operatrafik.com\/hu\/wp-json\/wp\/v2\/media\/1349"}],"wp:attachment":[{"href":"https:\/\/operatrafik.com\/hu\/wp-json\/wp\/v2\/media?parent=1350"}],"wp:term":[{"taxonomy":"product_brand","embeddable":true,"href":"https:\/\/operatrafik.com\/hu\/wp-json\/wp\/v2\/product_brand?post=1350"},{"taxonomy":"product_cat","embeddable":true,"href":"https:\/\/operatrafik.com\/hu\/wp-json\/wp\/v2\/product_cat?post=1350"},{"taxonomy":"product_tag","embeddable":true,"href":"https:\/\/operatrafik.com\/hu\/wp-json\/wp\/v2\/product_tag?post=1350"}],"curies":[{"name":"wp","href":"https:\/\/api.w.org\/{rel}","templated":true}]}}