{"id":1354,"date":"2025-08-14T08:26:42","date_gmt":"2025-08-14T08:26:42","guid":{"rendered":"https:\/\/operatrafik.com\/product\/kristoff-vengeance-6x60\/"},"modified":"2025-08-18T07:16:13","modified_gmt":"2025-08-18T07:16:13","slug":"kristoff-vengeance-6x60","status":"publish","type":"product","link":"https:\/\/operatrafik.com\/hu\/termek\/kristoff-vengeance-6x60\/","title":{"rendered":"Kristoff Vengeance 6&#215;60"},"content":{"rendered":"<p>A kubai hagyom\u00e1nyok szerint t\u00f6k\u00e9letesen sodort, copfos kupakkal ell\u00e1tott, \u00fajj\u00e1\u00e9lesztett Vengeance szivar Nicaragu\u00e1b\u00f3l \u00e9s a Dominikai K\u00f6zt\u00e1rsas\u00e1gb\u00f3l sz\u00e1rmaz\u00f3, \u00e9rlelt hossz\u00fa t\u00f6ltel\u00e9keket rejt a massz\u00edv indon\u00e9z k\u00f6t\u00f6z\u0151anyag \u00e9s a s\u00f6t\u00e9t \u00e9s \u00edzletes Connecticut Broadleaf bor\u00edt\u00f3 alatt. Ez a h\u00fasos kever\u00e9k egy er\u0151s \u00e9s kiel\u00e9g\u00edt\u0151 f\u00fcst\u00f6t eredm\u00e9nyez, amely tele van a k\u00e1v\u00e9, a pirospaprika, a graham keksz, a csokol\u00e1d\u00e9 \u00e9s a t\u00f6bbi mer\u00e9sz \u00edz jegy\u00e9vel. Borotvaegyenes \u00e9g\u00e9s \u00e9s k\u00f6nny\u0171 h\u00faz\u00e1s jellemez minden egyes sz\u00e1lat.<\/p>","protected":false},"excerpt":{"rendered":"<p>A kubai hagyom\u00e1nyok szerint t\u00f6k\u00e9letesen sodort, copfos kupakkal ell\u00e1tott, \u00fajj\u00e1\u00e9lesztett Vengeance szivar Nicaragu\u00e1b\u00f3l \u00e9s a Dominikai K\u00f6zt\u00e1rsas\u00e1gb\u00f3l sz\u00e1rmaz\u00f3, \u00e9rlelt hossz\u00fa t\u00f6ltel\u00e9keket rejt a massz\u00edv indon\u00e9z k\u00f6t\u00f6z\u0151anyag \u00e9s a s\u00f6t\u00e9t \u00e9s \u00edzletes Connecticut Broadleaf bor\u00edt\u00f3 alatt. Ez a h\u00fasos kever\u00e9k egy er\u0151s \u00e9s kiel\u00e9g\u00edt\u0151 f\u00fcst\u00f6t eredm\u00e9nyez, amely tele van a k\u00e1v\u00e9, a pirospaprika, a graham keksz, [&hellip;]<\/p>","protected":false},"featured_media":1353,"comment_status":"open","ping_status":"closed","template":"","meta":[],"product_brand":[429],"product_cat":[30],"product_tag":[],"class_list":{"0":"post-1354","1":"product","2":"type-product","3":"status-publish","4":"has-post-thumbnail","6":"product_brand-kristoff","7":"product_cat-cigars","8":"pa_binder-indonesia","9":"pa_color-colorado-claro","10":"pa_filler-origin-dominican","11":"pa_filler-origin-nicaraguan","12":"pa_filler-type-longfiller","13":"pa_format-parejo","14":"pa_handmade-kezi-sodrasu","15":"pa_manufacturer-dominica","16":"pa_size-double-toro","17":"pa_strength-kozepes-eros","18":"pa_wrapper-connecticut-broadleaf","20":"first","21":"instock","22":"purchasable","23":"product-type-simple"},"aioseo_notices":[],"_links":{"self":[{"href":"https:\/\/operatrafik.com\/hu\/wp-json\/wp\/v2\/product\/1354","targetHints":{"allow":["GET"]}}],"collection":[{"href":"https:\/\/operatrafik.com\/hu\/wp-json\/wp\/v2\/product"}],"about":[{"href":"https:\/\/operatrafik.com\/hu\/wp-json\/wp\/v2\/types\/product"}],"replies":[{"embeddable":true,"href":"https:\/\/operatrafik.com\/hu\/wp-json\/wp\/v2\/comments?post=1354"}],"wp:featuredmedia":[{"embeddable":true,"href":"https:\/\/operatrafik.com\/hu\/wp-json\/wp\/v2\/media\/1353"}],"wp:attachment":[{"href":"https:\/\/operatrafik.com\/hu\/wp-json\/wp\/v2\/media?parent=1354"}],"wp:term":[{"taxonomy":"product_brand","embeddable":true,"href":"https:\/\/operatrafik.com\/hu\/wp-json\/wp\/v2\/product_brand?post=1354"},{"taxonomy":"product_cat","embeddable":true,"href":"https:\/\/operatrafik.com\/hu\/wp-json\/wp\/v2\/product_cat?post=1354"},{"taxonomy":"product_tag","embeddable":true,"href":"https:\/\/operatrafik.com\/hu\/wp-json\/wp\/v2\/product_tag?post=1354"}],"curies":[{"name":"wp","href":"https:\/\/api.w.org\/{rel}","templated":true}]}}