{"id":1358,"date":"2025-08-14T08:26:46","date_gmt":"2025-08-14T08:26:46","guid":{"rendered":"https:\/\/operatrafik.com\/product\/kristoff-tres-compadres-toro\/"},"modified":"2025-08-18T07:16:13","modified_gmt":"2025-08-18T07:16:13","slug":"kristoff-tres-compadres-toro","status":"publish","type":"product","link":"https:\/\/operatrafik.com\/hu\/termek\/kristoff-tres-compadres-toro\/","title":{"rendered":"Kristoff Tres Compadres Toro"},"content":{"rendered":"<p>Nicaragua legjobb doh\u00e1nyaib\u00f3l sz\u00e1rmaz\u00f3, gazdag, \u00f6sszetett kever\u00e9k, \u00e9des c\u00e9drus, pir\u00edtott mandula, f\u0171szer \u00e9s kr\u00e9mes befejez\u00e9s jegyeivel. M\u00e1s nicaraguai puro szivarokkal ellent\u00e9tben, amelyek teltek \u00e9s f\u0171szeresek, a Tres Compadres \u00e9des \u00e9s k\u00f6zepes test\u0171, rengeteg \u00edzzel.<\/p>","protected":false},"excerpt":{"rendered":"<p>Nicaragua legjobb doh\u00e1nyaib\u00f3l sz\u00e1rmaz\u00f3, gazdag, \u00f6sszetett kever\u00e9k, \u00e9des c\u00e9drus, pir\u00edtott mandula, f\u0171szer \u00e9s kr\u00e9mes befejez\u00e9s jegyeivel. M\u00e1s nicaraguai puro szivarokkal ellent\u00e9tben, amelyek teltek \u00e9s f\u0171szeresek, a Tres Compadres \u00e9des \u00e9s k\u00f6zepes test\u0171, rengeteg \u00edzzel.<\/p>","protected":false},"featured_media":1357,"comment_status":"open","ping_status":"closed","template":"","meta":[],"product_brand":[429],"product_cat":[30],"product_tag":[],"class_list":{"0":"post-1358","1":"product","2":"type-product","3":"status-publish","4":"has-post-thumbnail","6":"product_brand-kristoff","7":"product_cat-cigars","8":"pa_binder-nicaraguan-condega","9":"pa_color-maduro","10":"pa_filler-origin-and-jalapa-in-nicaragua","11":"pa_filler-origin-blend-from-condega","12":"pa_filler-origin-esteli","13":"pa_filler-type-longfiller","14":"pa_format-parejo","15":"pa_handmade-kezi-sodrasu","16":"pa_manufacturer-dominica","17":"pa_size-toro","18":"pa_strength-kozepes-eros","19":"pa_wrapper-nicaraguan-habano","21":"first","22":"instock","23":"purchasable","24":"product-type-simple"},"aioseo_notices":[],"_links":{"self":[{"href":"https:\/\/operatrafik.com\/hu\/wp-json\/wp\/v2\/product\/1358","targetHints":{"allow":["GET"]}}],"collection":[{"href":"https:\/\/operatrafik.com\/hu\/wp-json\/wp\/v2\/product"}],"about":[{"href":"https:\/\/operatrafik.com\/hu\/wp-json\/wp\/v2\/types\/product"}],"replies":[{"embeddable":true,"href":"https:\/\/operatrafik.com\/hu\/wp-json\/wp\/v2\/comments?post=1358"}],"wp:featuredmedia":[{"embeddable":true,"href":"https:\/\/operatrafik.com\/hu\/wp-json\/wp\/v2\/media\/1357"}],"wp:attachment":[{"href":"https:\/\/operatrafik.com\/hu\/wp-json\/wp\/v2\/media?parent=1358"}],"wp:term":[{"taxonomy":"product_brand","embeddable":true,"href":"https:\/\/operatrafik.com\/hu\/wp-json\/wp\/v2\/product_brand?post=1358"},{"taxonomy":"product_cat","embeddable":true,"href":"https:\/\/operatrafik.com\/hu\/wp-json\/wp\/v2\/product_cat?post=1358"},{"taxonomy":"product_tag","embeddable":true,"href":"https:\/\/operatrafik.com\/hu\/wp-json\/wp\/v2\/product_tag?post=1358"}],"curies":[{"name":"wp","href":"https:\/\/api.w.org\/{rel}","templated":true}]}}