{"id":1360,"date":"2025-08-14T08:26:49","date_gmt":"2025-08-14T08:26:49","guid":{"rendered":"https:\/\/operatrafik.com\/product\/kristoff-sumatra-robusto\/"},"modified":"2025-08-18T07:16:13","modified_gmt":"2025-08-18T07:16:13","slug":"kristoff-sumatra-robusto","status":"publish","type":"product","link":"https:\/\/operatrafik.com\/hu\/termek\/kristoff-sumatra-robusto\/","title":{"rendered":"Kristoff Sumatra Robusto"},"content":{"rendered":"<p>A Kristoff Sumatra Robusto egy k\u00f6zepes test\u0171 szivar f\u00e1s, f\u00fcves, \u00e9des aszalt gy\u00fcm\u00f6lcs \u00edzekkel, f\u0171szerekkel, fah\u00e9jjal \u00e9s finom, \u00e9des b\u0151r illattal. Ennek a szivarnak a f\u0171szerei hajlamosak a torok h\u00e1ts\u00f3 r\u00e9sz\u00e9ben \u00fclni a f\u00fcst alatt. A copfos sapka, a durva l\u00e1bfej \u00e9s a kis visszafogott matt bor\u00edt\u00e1s a r\u00e9gi Kub\u00e1t id\u00e9zi.<\/p>","protected":false},"excerpt":{"rendered":"<p>A Kristoff Sumatra Robusto egy k\u00f6zepes test\u0171 szivar f\u00e1s, f\u00fcves, \u00e9des aszalt gy\u00fcm\u00f6lcs \u00edzekkel, f\u0171szerekkel, fah\u00e9jjal \u00e9s finom, \u00e9des b\u0151r illattal. Ennek a szivarnak a f\u0171szerei hajlamosak a torok h\u00e1ts\u00f3 r\u00e9sz\u00e9ben \u00fclni a f\u00fcst alatt. A copfos sapka, a durva l\u00e1bfej \u00e9s a kis visszafogott matt bor\u00edt\u00e1s a r\u00e9gi Kub\u00e1t id\u00e9zi.<\/p>","protected":false},"featured_media":1359,"comment_status":"open","ping_status":"closed","template":"","meta":[],"product_brand":[429],"product_cat":[30],"product_tag":[],"class_list":{"0":"post-1360","1":"product","2":"type-product","3":"status-publish","4":"has-post-thumbnail","6":"product_brand-kristoff","7":"product_cat-cigars","8":"pa_binder-brazil","9":"pa_color-colorado","10":"pa_filler-origin-cuban-seed-dominican","11":"pa_filler-origin-cuban-seed-nicaraguan","12":"pa_filler-type-longfiller","13":"pa_format-parejo","14":"pa_handmade-kezi-sodrasu","15":"pa_manufacturer-dominica","16":"pa_size-robusto","17":"pa_strength-kozepes","18":"pa_wrapper-ecuadorian-sumatra-seed","20":"first","21":"instock","22":"purchasable","23":"product-type-simple"},"aioseo_notices":[],"_links":{"self":[{"href":"https:\/\/operatrafik.com\/hu\/wp-json\/wp\/v2\/product\/1360","targetHints":{"allow":["GET"]}}],"collection":[{"href":"https:\/\/operatrafik.com\/hu\/wp-json\/wp\/v2\/product"}],"about":[{"href":"https:\/\/operatrafik.com\/hu\/wp-json\/wp\/v2\/types\/product"}],"replies":[{"embeddable":true,"href":"https:\/\/operatrafik.com\/hu\/wp-json\/wp\/v2\/comments?post=1360"}],"wp:featuredmedia":[{"embeddable":true,"href":"https:\/\/operatrafik.com\/hu\/wp-json\/wp\/v2\/media\/1359"}],"wp:attachment":[{"href":"https:\/\/operatrafik.com\/hu\/wp-json\/wp\/v2\/media?parent=1360"}],"wp:term":[{"taxonomy":"product_brand","embeddable":true,"href":"https:\/\/operatrafik.com\/hu\/wp-json\/wp\/v2\/product_brand?post=1360"},{"taxonomy":"product_cat","embeddable":true,"href":"https:\/\/operatrafik.com\/hu\/wp-json\/wp\/v2\/product_cat?post=1360"},{"taxonomy":"product_tag","embeddable":true,"href":"https:\/\/operatrafik.com\/hu\/wp-json\/wp\/v2\/product_tag?post=1360"}],"curies":[{"name":"wp","href":"https:\/\/api.w.org\/{rel}","templated":true}]}}