{"id":1366,"date":"2025-08-14T08:26:55","date_gmt":"2025-08-14T08:26:55","guid":{"rendered":"https:\/\/operatrafik.com\/product\/kristoff-san-andres-6x60\/"},"modified":"2025-08-18T07:16:13","modified_gmt":"2025-08-18T07:16:13","slug":"kristoff-san-andres-6x60","status":"publish","type":"product","link":"https:\/\/operatrafik.com\/hu\/termek\/kristoff-san-andres-6x60\/","title":{"rendered":"Kristoff San Andres 6&#215;60"},"content":{"rendered":"<p>S\u0171r\u0171 f\u00fcsttel \u00e1titatott, \u00edzvil\u00e1g\u00e1t a k\u00e1v\u00e9 \u00e9s a cr\u00e8me brulee fogja elragadtatni, amely k\u00eds\u00e9ri a fekete borsot \u00e9s a gazdag f\u00f6ldess\u00e9get, amelyek az \u00edzprofil alapj\u00e1t k\u00e9pezik. A keser\u00e9des mokka \u00e9s az \u00e9des f\u0171szerek szabadon \u00e1ramlanak a szivar egyenletes m\u00e1sodik fel\u00e9ben, \u00e9s egy k\u00f6zepesen telt lecseng\u00e9shez \u00e9rnek el, amely ugyanolyan h\u0171v\u00f6s \u00e9s sima, mint az elej\u00e9n.<\/p>","protected":false},"excerpt":{"rendered":"<p>S\u0171r\u0171 f\u00fcsttel \u00e1titatott, \u00edzvil\u00e1g\u00e1t a k\u00e1v\u00e9 \u00e9s a cr\u00e8me brulee fogja elragadtatni, amely k\u00eds\u00e9ri a fekete borsot \u00e9s a gazdag f\u00f6ldess\u00e9get, amelyek az \u00edzprofil alapj\u00e1t k\u00e9pezik. A keser\u00e9des mokka \u00e9s az \u00e9des f\u0171szerek szabadon \u00e1ramlanak a szivar egyenletes m\u00e1sodik fel\u00e9ben, \u00e9s egy k\u00f6zepesen telt lecseng\u00e9shez \u00e9rnek el, amely ugyanolyan h\u0171v\u00f6s \u00e9s sima, mint az elej\u00e9n.<\/p>","protected":false},"featured_media":1365,"comment_status":"open","ping_status":"closed","template":"","meta":[],"product_brand":[429],"product_cat":[30],"product_tag":[],"class_list":{"0":"post-1366","1":"product","2":"type-product","3":"status-publish","4":"has-post-thumbnail","6":"product_brand-kristoff","7":"product_cat-cigars","8":"pa_binder-ecuadorian-habano-seed","9":"pa_color-maduro","10":"pa_filler-origin-triple-nicaraguan-habano-seed","11":"pa_filler-type-longfiller","12":"pa_format-parejo","13":"pa_handmade-kezi-sodrasu","14":"pa_manufacturer-dominica","15":"pa_size-double-toro","16":"pa_strength-kozepes-eros","17":"pa_wrapper-mexican-san-andres-maduro","19":"first","20":"instock","21":"purchasable","22":"product-type-simple"},"aioseo_notices":[],"_links":{"self":[{"href":"https:\/\/operatrafik.com\/hu\/wp-json\/wp\/v2\/product\/1366","targetHints":{"allow":["GET"]}}],"collection":[{"href":"https:\/\/operatrafik.com\/hu\/wp-json\/wp\/v2\/product"}],"about":[{"href":"https:\/\/operatrafik.com\/hu\/wp-json\/wp\/v2\/types\/product"}],"replies":[{"embeddable":true,"href":"https:\/\/operatrafik.com\/hu\/wp-json\/wp\/v2\/comments?post=1366"}],"wp:featuredmedia":[{"embeddable":true,"href":"https:\/\/operatrafik.com\/hu\/wp-json\/wp\/v2\/media\/1365"}],"wp:attachment":[{"href":"https:\/\/operatrafik.com\/hu\/wp-json\/wp\/v2\/media?parent=1366"}],"wp:term":[{"taxonomy":"product_brand","embeddable":true,"href":"https:\/\/operatrafik.com\/hu\/wp-json\/wp\/v2\/product_brand?post=1366"},{"taxonomy":"product_cat","embeddable":true,"href":"https:\/\/operatrafik.com\/hu\/wp-json\/wp\/v2\/product_cat?post=1366"},{"taxonomy":"product_tag","embeddable":true,"href":"https:\/\/operatrafik.com\/hu\/wp-json\/wp\/v2\/product_tag?post=1366"}],"curies":[{"name":"wp","href":"https:\/\/api.w.org\/{rel}","templated":true}]}}