{"id":1368,"date":"2025-08-14T08:26:57","date_gmt":"2025-08-14T08:26:57","guid":{"rendered":"https:\/\/operatrafik.com\/product\/kristoff-robusto-8-cigar-sampler-box\/"},"modified":"2025-08-18T07:16:13","modified_gmt":"2025-08-18T07:16:13","slug":"kristoff-robusto-8-cigar-sampler-box","status":"publish","type":"product","link":"https:\/\/operatrafik.com\/hu\/termek\/kristoff-robusto-8-cigar-sampler-box\/","title":{"rendered":"Kristoff Robusto 8 Cigar Sampler Box"},"content":{"rendered":"<p>A Dominikai K\u00f6zt\u00e1rsas\u00e1gb\u00f3l sz\u00e1rmaz\u00f3 j\u00f3 \u00e1r-\u00e9rt\u00e9k ar\u00e1ny\u00fa m\u00e1rka nyolc finom pr\u00e9mium kever\u00e9k\u00e9t egyes\u00edtett\u00e9k ebben a nagyszer\u0171 \u00edz\u0171 aj\u00e1nlatban. Az \u00edzletes Kristoff szivarokra jellemz\u0151 a pimasz malacfarok minden egyes vitola fej\u00e9n megtal\u00e1lhat\u00f3ak. A k\u00f3stol\u00f3 rendk\u00edv\u00fcl reprezentat\u00edv keresztmetszetet ny\u00fajt a m\u00e1rka v\u00e1ltozatos sorozataib\u00f3l.<\/p>","protected":false},"excerpt":{"rendered":"<p>A Dominikai K\u00f6zt\u00e1rsas\u00e1gb\u00f3l sz\u00e1rmaz\u00f3 j\u00f3 \u00e1r-\u00e9rt\u00e9k ar\u00e1ny\u00fa m\u00e1rka nyolc finom pr\u00e9mium kever\u00e9k\u00e9t egyes\u00edtett\u00e9k ebben a nagyszer\u0171 \u00edz\u0171 aj\u00e1nlatban. Az \u00edzletes Kristoff szivarokra jellemz\u0151 a pimasz malacfarok minden egyes vitola fej\u00e9n megtal\u00e1lhat\u00f3ak. A k\u00f3stol\u00f3 rendk\u00edv\u00fcl reprezentat\u00edv keresztmetszetet ny\u00fajt a m\u00e1rka v\u00e1ltozatos sorozataib\u00f3l.<\/p>","protected":false},"featured_media":1367,"comment_status":"open","ping_status":"closed","template":"","meta":[],"product_brand":[429],"product_cat":[30],"product_tag":[],"class_list":{"0":"post-1368","1":"product","2":"type-product","3":"status-publish","4":"has-post-thumbnail","6":"product_brand-kristoff","7":"product_cat-cigars","8":"pa_binder-kezi-sodrasu","9":"pa_filler-origin-kristoff-exclusive-cigars","10":"pa_filler-type-dominica","11":"pa_format-parejo","12":"pa_size-robusto","14":"first","15":"instock","16":"purchasable","17":"product-type-simple"},"aioseo_notices":[],"_links":{"self":[{"href":"https:\/\/operatrafik.com\/hu\/wp-json\/wp\/v2\/product\/1368","targetHints":{"allow":["GET"]}}],"collection":[{"href":"https:\/\/operatrafik.com\/hu\/wp-json\/wp\/v2\/product"}],"about":[{"href":"https:\/\/operatrafik.com\/hu\/wp-json\/wp\/v2\/types\/product"}],"replies":[{"embeddable":true,"href":"https:\/\/operatrafik.com\/hu\/wp-json\/wp\/v2\/comments?post=1368"}],"wp:featuredmedia":[{"embeddable":true,"href":"https:\/\/operatrafik.com\/hu\/wp-json\/wp\/v2\/media\/1367"}],"wp:attachment":[{"href":"https:\/\/operatrafik.com\/hu\/wp-json\/wp\/v2\/media?parent=1368"}],"wp:term":[{"taxonomy":"product_brand","embeddable":true,"href":"https:\/\/operatrafik.com\/hu\/wp-json\/wp\/v2\/product_brand?post=1368"},{"taxonomy":"product_cat","embeddable":true,"href":"https:\/\/operatrafik.com\/hu\/wp-json\/wp\/v2\/product_cat?post=1368"},{"taxonomy":"product_tag","embeddable":true,"href":"https:\/\/operatrafik.com\/hu\/wp-json\/wp\/v2\/product_tag?post=1368"}],"curies":[{"name":"wp","href":"https:\/\/api.w.org\/{rel}","templated":true}]}}