{"id":1370,"date":"2025-08-14T08:26:59","date_gmt":"2025-08-14T08:26:59","guid":{"rendered":"https:\/\/operatrafik.com\/product\/kristoff-humid-a-bag-medium-sampler-4-szal\/"},"modified":"2025-08-18T07:16:09","modified_gmt":"2025-08-18T07:16:09","slug":"kristoff-humid-a-bag-medium-sampler-4-szal","status":"publish","type":"product","link":"https:\/\/operatrafik.com\/hu\/termek\/kristoff-humid-a-bag-medium-sampler-4-szal\/","title":{"rendered":"Kristoff Humid-A-Bag Medium Sampler 4 sz\u00e1l"},"content":{"rendered":"<p>A Kristoff Medium Sampler finom-f\u0171szeres kever\u00e9kei j\u00f3 lehet\u0151s\u00e9get ny\u00fajtanak arra, hogy tesztelje a k\u00fcl\u00f6nb\u00f6z\u0151 burkolatokkal \u00e9s k\u00fcl\u00f6nb\u00f6z\u0151 doh\u00e1nykever\u00e9kekkel k\u00e9sz\u00fclt szivarokat.<\/p>","protected":false},"excerpt":{"rendered":"<p>A Kristoff Medium Sampler finom-f\u0171szeres kever\u00e9kei j\u00f3 lehet\u0151s\u00e9get ny\u00fajtanak arra, hogy tesztelje a k\u00fcl\u00f6nb\u00f6z\u0151 burkolatokkal \u00e9s k\u00fcl\u00f6nb\u00f6z\u0151 doh\u00e1nykever\u00e9kekkel k\u00e9sz\u00fclt szivarokat.<\/p>","protected":false},"featured_media":1369,"comment_status":"open","ping_status":"closed","template":"","meta":[],"product_brand":[429],"product_cat":[30],"product_tag":[],"class_list":{"0":"post-1370","1":"product","2":"type-product","3":"status-publish","4":"has-post-thumbnail","6":"product_brand-kristoff","7":"product_cat-cigars","8":"pa_binder-kezi-sodrasu","9":"pa_filler-origin-kristoff-exclusive-cigars","10":"pa_filler-type-dominica","11":"pa_format-parejo","12":"pa_size-robusto","14":"first","15":"instock","16":"purchasable","17":"product-type-simple"},"aioseo_notices":[],"_links":{"self":[{"href":"https:\/\/operatrafik.com\/hu\/wp-json\/wp\/v2\/product\/1370","targetHints":{"allow":["GET"]}}],"collection":[{"href":"https:\/\/operatrafik.com\/hu\/wp-json\/wp\/v2\/product"}],"about":[{"href":"https:\/\/operatrafik.com\/hu\/wp-json\/wp\/v2\/types\/product"}],"replies":[{"embeddable":true,"href":"https:\/\/operatrafik.com\/hu\/wp-json\/wp\/v2\/comments?post=1370"}],"wp:featuredmedia":[{"embeddable":true,"href":"https:\/\/operatrafik.com\/hu\/wp-json\/wp\/v2\/media\/1369"}],"wp:attachment":[{"href":"https:\/\/operatrafik.com\/hu\/wp-json\/wp\/v2\/media?parent=1370"}],"wp:term":[{"taxonomy":"product_brand","embeddable":true,"href":"https:\/\/operatrafik.com\/hu\/wp-json\/wp\/v2\/product_brand?post=1370"},{"taxonomy":"product_cat","embeddable":true,"href":"https:\/\/operatrafik.com\/hu\/wp-json\/wp\/v2\/product_cat?post=1370"},{"taxonomy":"product_tag","embeddable":true,"href":"https:\/\/operatrafik.com\/hu\/wp-json\/wp\/v2\/product_tag?post=1370"}],"curies":[{"name":"wp","href":"https:\/\/api.w.org\/{rel}","templated":true}]}}