{"id":1372,"date":"2025-08-14T08:27:02","date_gmt":"2025-08-14T08:27:02","guid":{"rendered":"https:\/\/operatrafik.com\/product\/kristoff-humid-a-bag-natural-sampler-4-szal\/"},"modified":"2025-08-18T07:16:09","modified_gmt":"2025-08-18T07:16:09","slug":"kristoff-humid-a-bag-natural-sampler-4-szal","status":"publish","type":"product","link":"https:\/\/operatrafik.com\/hu\/termek\/kristoff-humid-a-bag-natural-sampler-4-szal\/","title":{"rendered":"Kristoff Humid-A-Bag Natural Sampler 4 sz\u00e1l"},"content":{"rendered":"<p>A Kristoff Natural Sampler n\u00e9gy \u00edzletes Robusto szivarb\u00f3l \u00e1ll, amelyek a k\u00f6zepesen testes f\u00fcst\u00f6l\u00e9s \u00e9lvezet\u00e9t ny\u00fajtj\u00e1k.<\/p>","protected":false},"excerpt":{"rendered":"<p>A Kristoff Natural Sampler n\u00e9gy \u00edzletes Robusto szivarb\u00f3l \u00e1ll, amelyek a k\u00f6zepesen testes f\u00fcst\u00f6l\u00e9s \u00e9lvezet\u00e9t ny\u00fajtj\u00e1k.<\/p>","protected":false},"featured_media":1371,"comment_status":"open","ping_status":"closed","template":"","meta":[],"product_brand":[429],"product_cat":[30],"product_tag":[],"class_list":{"0":"post-1372","1":"product","2":"type-product","3":"status-publish","4":"has-post-thumbnail","6":"product_brand-kristoff","7":"product_cat-cigars","8":"pa_binder-kezi-sodrasu","9":"pa_filler-origin-kristoff-exclusive-cigars","10":"pa_filler-type-dominica","11":"pa_format-parejo","12":"pa_size-robusto","14":"first","15":"instock","16":"purchasable","17":"product-type-simple"},"aioseo_notices":[],"_links":{"self":[{"href":"https:\/\/operatrafik.com\/hu\/wp-json\/wp\/v2\/product\/1372","targetHints":{"allow":["GET"]}}],"collection":[{"href":"https:\/\/operatrafik.com\/hu\/wp-json\/wp\/v2\/product"}],"about":[{"href":"https:\/\/operatrafik.com\/hu\/wp-json\/wp\/v2\/types\/product"}],"replies":[{"embeddable":true,"href":"https:\/\/operatrafik.com\/hu\/wp-json\/wp\/v2\/comments?post=1372"}],"wp:featuredmedia":[{"embeddable":true,"href":"https:\/\/operatrafik.com\/hu\/wp-json\/wp\/v2\/media\/1371"}],"wp:attachment":[{"href":"https:\/\/operatrafik.com\/hu\/wp-json\/wp\/v2\/media?parent=1372"}],"wp:term":[{"taxonomy":"product_brand","embeddable":true,"href":"https:\/\/operatrafik.com\/hu\/wp-json\/wp\/v2\/product_brand?post=1372"},{"taxonomy":"product_cat","embeddable":true,"href":"https:\/\/operatrafik.com\/hu\/wp-json\/wp\/v2\/product_cat?post=1372"},{"taxonomy":"product_tag","embeddable":true,"href":"https:\/\/operatrafik.com\/hu\/wp-json\/wp\/v2\/product_tag?post=1372"}],"curies":[{"name":"wp","href":"https:\/\/api.w.org\/{rel}","templated":true}]}}