{"id":1378,"date":"2025-08-14T08:27:08","date_gmt":"2025-08-14T08:27:08","guid":{"rendered":"https:\/\/operatrafik.com\/product\/kristoff-premium-selection-maduro-toro\/"},"modified":"2025-08-18T07:16:13","modified_gmt":"2025-08-18T07:16:13","slug":"kristoff-premium-selection-maduro-toro","status":"publish","type":"product","link":"https:\/\/operatrafik.com\/hu\/termek\/kristoff-premium-selection-maduro-toro\/","title":{"rendered":"Kristoff Premium Selection Maduro Toro"},"content":{"rendered":"<p>Az erjesztett Maduro csomagol\u00e1s \u00e9des, l\u00e1gy \u00e9s kr\u00e9mes arom\u00e1k sokf\u00e9les\u00e9g\u00e9t biztos\u00edtja. \u00d6sszess\u00e9g\u00e9ben a k\u00e1v\u00e9 \u00e9s a csokol\u00e1d\u00e9 arom\u00e1i \u00e9rv\u00e9nyes\u00fclnek.<\/p>","protected":false},"excerpt":{"rendered":"<p>Az erjesztett Maduro csomagol\u00e1s \u00e9des, l\u00e1gy \u00e9s kr\u00e9mes arom\u00e1k sokf\u00e9les\u00e9g\u00e9t biztos\u00edtja. \u00d6sszess\u00e9g\u00e9ben a k\u00e1v\u00e9 \u00e9s a csokol\u00e1d\u00e9 arom\u00e1i \u00e9rv\u00e9nyes\u00fclnek.<\/p>","protected":false},"featured_media":1377,"comment_status":"open","ping_status":"closed","template":"","meta":[],"product_brand":[429],"product_cat":[30],"product_tag":[],"class_list":{"0":"post-1378","1":"product","2":"type-product","3":"status-publish","4":"has-post-thumbnail","6":"product_brand-kristoff","7":"product_cat-cigars","8":"pa_binder-indonesia","9":"pa_color-maduro","10":"pa_filler-origin-dominican","11":"pa_filler-origin-nicaraguan","12":"pa_filler-type-longfiller","13":"pa_format-parejo","14":"pa_handmade-kezi-sodrasu","15":"pa_manufacturer-dominica","16":"pa_size-toro","17":"pa_strength-kozepes","18":"pa_wrapper-brazilian-maduro","20":"first","21":"instock","22":"purchasable","23":"product-type-simple"},"aioseo_notices":[],"_links":{"self":[{"href":"https:\/\/operatrafik.com\/hu\/wp-json\/wp\/v2\/product\/1378","targetHints":{"allow":["GET"]}}],"collection":[{"href":"https:\/\/operatrafik.com\/hu\/wp-json\/wp\/v2\/product"}],"about":[{"href":"https:\/\/operatrafik.com\/hu\/wp-json\/wp\/v2\/types\/product"}],"replies":[{"embeddable":true,"href":"https:\/\/operatrafik.com\/hu\/wp-json\/wp\/v2\/comments?post=1378"}],"wp:featuredmedia":[{"embeddable":true,"href":"https:\/\/operatrafik.com\/hu\/wp-json\/wp\/v2\/media\/1377"}],"wp:attachment":[{"href":"https:\/\/operatrafik.com\/hu\/wp-json\/wp\/v2\/media?parent=1378"}],"wp:term":[{"taxonomy":"product_brand","embeddable":true,"href":"https:\/\/operatrafik.com\/hu\/wp-json\/wp\/v2\/product_brand?post=1378"},{"taxonomy":"product_cat","embeddable":true,"href":"https:\/\/operatrafik.com\/hu\/wp-json\/wp\/v2\/product_cat?post=1378"},{"taxonomy":"product_tag","embeddable":true,"href":"https:\/\/operatrafik.com\/hu\/wp-json\/wp\/v2\/product_tag?post=1378"}],"curies":[{"name":"wp","href":"https:\/\/api.w.org\/{rel}","templated":true}]}}