{"id":1380,"date":"2025-08-14T08:27:12","date_gmt":"2025-08-14T08:27:12","guid":{"rendered":"https:\/\/operatrafik.com\/product\/kristoff-pistoff-kristoff-lil-corona\/"},"modified":"2025-08-18T07:16:12","modified_gmt":"2025-08-18T07:16:12","slug":"kristoff-pistoff-kristoff-lil-corona","status":"publish","type":"product","link":"https:\/\/operatrafik.com\/hu\/termek\/kristoff-pistoff-kristoff-lil-corona\/","title":{"rendered":"Kristoff Pistoff Kristoff Lil (Corona)"},"content":{"rendered":"<p>A Pistoff Kristoff egy er\u0151s, telt \u00edz\u0171 szivar, figyelemre m\u00e9lt\u00f3 di\u00f3s karakterrel, f\u0171szerrel, karamell\u00e1val, pir\u00edt\u00f3ssal \u00e9s hossz\u00fa \u00e9des lecseng\u00e9ssel. Ne hagyja, hogy a szivar simas\u00e1ga megt\u00e9vesszen, \u00fct\u0151s szivar, csak teli gyomorral aj\u00e1nljuk!<\/p>","protected":false},"excerpt":{"rendered":"<p>A Pistoff Kristoff egy er\u0151s, telt \u00edz\u0171 szivar, figyelemre m\u00e9lt\u00f3 di\u00f3s karakterrel, f\u0171szerrel, karamell\u00e1val, pir\u00edt\u00f3ssal \u00e9s hossz\u00fa \u00e9des lecseng\u00e9ssel. Ne hagyja, hogy a szivar simas\u00e1ga megt\u00e9vesszen, \u00fct\u0151s szivar, csak teli gyomorral aj\u00e1nljuk!<\/p>","protected":false},"featured_media":1379,"comment_status":"open","ping_status":"closed","template":"","meta":[],"product_brand":[429],"product_cat":[30],"product_tag":[],"class_list":{"0":"post-1380","1":"product","2":"type-product","3":"status-publish","4":"has-post-thumbnail","6":"product_brand-kristoff","7":"product_cat-cigars","8":"pa_binder-indonesia","9":"pa_color-maduro","10":"pa_filler-origin-nicaraguan","11":"pa_filler-type-longfiller","12":"pa_format-parejo","13":"pa_handmade-kezi-sodrasu","14":"pa_manufacturer-dominica","15":"pa_size-corona","16":"pa_strength-eros","17":"pa_wrapper-san-andres-natural","19":"first","20":"instock","21":"purchasable","22":"product-type-simple"},"aioseo_notices":[],"_links":{"self":[{"href":"https:\/\/operatrafik.com\/hu\/wp-json\/wp\/v2\/product\/1380","targetHints":{"allow":["GET"]}}],"collection":[{"href":"https:\/\/operatrafik.com\/hu\/wp-json\/wp\/v2\/product"}],"about":[{"href":"https:\/\/operatrafik.com\/hu\/wp-json\/wp\/v2\/types\/product"}],"replies":[{"embeddable":true,"href":"https:\/\/operatrafik.com\/hu\/wp-json\/wp\/v2\/comments?post=1380"}],"wp:featuredmedia":[{"embeddable":true,"href":"https:\/\/operatrafik.com\/hu\/wp-json\/wp\/v2\/media\/1379"}],"wp:attachment":[{"href":"https:\/\/operatrafik.com\/hu\/wp-json\/wp\/v2\/media?parent=1380"}],"wp:term":[{"taxonomy":"product_brand","embeddable":true,"href":"https:\/\/operatrafik.com\/hu\/wp-json\/wp\/v2\/product_brand?post=1380"},{"taxonomy":"product_cat","embeddable":true,"href":"https:\/\/operatrafik.com\/hu\/wp-json\/wp\/v2\/product_cat?post=1380"},{"taxonomy":"product_tag","embeddable":true,"href":"https:\/\/operatrafik.com\/hu\/wp-json\/wp\/v2\/product_tag?post=1380"}],"curies":[{"name":"wp","href":"https:\/\/api.w.org\/{rel}","templated":true}]}}