{"id":1386,"date":"2025-08-14T08:27:17","date_gmt":"2025-08-14T08:27:17","guid":{"rendered":"https:\/\/operatrafik.com\/product\/kristoff-original-maduro-corona\/"},"modified":"2025-08-18T07:16:11","modified_gmt":"2025-08-18T07:16:11","slug":"kristoff-original-maduro-corona","status":"publish","type":"product","link":"https:\/\/operatrafik.com\/hu\/termek\/kristoff-original-maduro-corona\/","title":{"rendered":"Kristoff Original Maduro Corona"},"content":{"rendered":"<p>A Kristoff Maduro-v\u00e1ltozata egy s\u00f6t\u00e9t, olajos brazil Maduro-csomagol\u00e1sba van \u00f6lt\u00f6zve, amely tele van \u00edzekkel. Bel\u00fcl a robusztus nicaraguai \u00e9s dominikai hossz\u00fa t\u00f6ltel\u00e9kek j\u00f3l erjesztett, j\u00f3l \u00e9rlelt kever\u00e9ke. Ez a kombin\u00e1ci\u00f3 \u00edzgazdag, telt profilhoz vezet, amely eszpressz\u00f3, bors \u00e9s f\u00f6ld jegyeit k\u00edn\u00e1lja. A kiegyens\u00falyozott, zamatos \u00e9s sima Kristoff Maduro rendk\u00edv\u00fcl \u00e9lvezetes.<\/p>","protected":false},"excerpt":{"rendered":"<p>A Kristoff Maduro-v\u00e1ltozata egy s\u00f6t\u00e9t, olajos brazil Maduro-csomagol\u00e1sba van \u00f6lt\u00f6zve, amely tele van \u00edzekkel. Bel\u00fcl a robusztus nicaraguai \u00e9s dominikai hossz\u00fa t\u00f6ltel\u00e9kek j\u00f3l erjesztett, j\u00f3l \u00e9rlelt kever\u00e9ke. Ez a kombin\u00e1ci\u00f3 \u00edzgazdag, telt profilhoz vezet, amely eszpressz\u00f3, bors \u00e9s f\u00f6ld jegyeit k\u00edn\u00e1lja. A kiegyens\u00falyozott, zamatos \u00e9s sima Kristoff Maduro rendk\u00edv\u00fcl \u00e9lvezetes.<\/p>","protected":false},"featured_media":1385,"comment_status":"open","ping_status":"closed","template":"","meta":[],"product_brand":[429],"product_cat":[30],"product_tag":[],"class_list":{"0":"post-1386","1":"product","2":"type-product","3":"status-publish","4":"has-post-thumbnail","6":"product_brand-kristoff","7":"product_cat-cigars","8":"pa_binder-cuban-seed-dominican","9":"pa_color-maduro","10":"pa_filler-origin-cuban-seed-dominican","11":"pa_filler-origin-cuban-seed-nicaraguan","12":"pa_filler-type-longfiller","13":"pa_format-parejo","14":"pa_handmade-kezi-sodrasu","15":"pa_manufacturer-dominica","16":"pa_size-corona","17":"pa_strength-kozepes","18":"pa_wrapper-brazilian-maduro","20":"first","21":"instock","22":"purchasable","23":"product-type-simple"},"aioseo_notices":[],"_links":{"self":[{"href":"https:\/\/operatrafik.com\/hu\/wp-json\/wp\/v2\/product\/1386","targetHints":{"allow":["GET"]}}],"collection":[{"href":"https:\/\/operatrafik.com\/hu\/wp-json\/wp\/v2\/product"}],"about":[{"href":"https:\/\/operatrafik.com\/hu\/wp-json\/wp\/v2\/types\/product"}],"replies":[{"embeddable":true,"href":"https:\/\/operatrafik.com\/hu\/wp-json\/wp\/v2\/comments?post=1386"}],"wp:featuredmedia":[{"embeddable":true,"href":"https:\/\/operatrafik.com\/hu\/wp-json\/wp\/v2\/media\/1385"}],"wp:attachment":[{"href":"https:\/\/operatrafik.com\/hu\/wp-json\/wp\/v2\/media?parent=1386"}],"wp:term":[{"taxonomy":"product_brand","embeddable":true,"href":"https:\/\/operatrafik.com\/hu\/wp-json\/wp\/v2\/product_brand?post=1386"},{"taxonomy":"product_cat","embeddable":true,"href":"https:\/\/operatrafik.com\/hu\/wp-json\/wp\/v2\/product_cat?post=1386"},{"taxonomy":"product_tag","embeddable":true,"href":"https:\/\/operatrafik.com\/hu\/wp-json\/wp\/v2\/product_tag?post=1386"}],"curies":[{"name":"wp","href":"https:\/\/api.w.org\/{rel}","templated":true}]}}