{"id":1390,"date":"2025-08-14T08:27:21","date_gmt":"2025-08-14T08:27:21","guid":{"rendered":"https:\/\/operatrafik.com\/product\/kristoff-original-maduro-matador\/"},"modified":"2025-08-18T07:16:11","modified_gmt":"2025-08-18T07:16:11","slug":"kristoff-original-maduro-matador","status":"publish","type":"product","link":"https:\/\/operatrafik.com\/hu\/termek\/kristoff-original-maduro-matador\/","title":{"rendered":"Kristoff Original Maduro Matador"},"content":{"rendered":"<p>Ez a k\u00f6zepes test\u0171 szivar a k\u00e1v\u00e9, a kaka\u00f3, a f\u0171szerek \u00e9s az \u00e9tcsokol\u00e1d\u00e9 \u00edzletes jegyeit k\u00edn\u00e1lja. Brazil Maduro bor\u00edt\u00f3ja kubai magvas dominikai k\u00f6t\u0151anyagot, valamint kubai magvas dominikai \u00e9s nicaraguai t\u00f6lt\u0151anyagot takar. A Dominikai K\u00f6zt\u00e1rsas\u00e1gban k\u00e9zzel k\u00e9sz\u00edtett Kristoff Maduro a fejn\u00e9l copfokkal van lez\u00e1rva, \u00e9s a z\u00e1rt l\u00e1bfej\u00e9vel kiemeli a szivar rusztikus megjelen\u00e9s\u00e9t.<\/p>","protected":false},"excerpt":{"rendered":"<p>Ez a k\u00f6zepes test\u0171 szivar a k\u00e1v\u00e9, a kaka\u00f3, a f\u0171szerek \u00e9s az \u00e9tcsokol\u00e1d\u00e9 \u00edzletes jegyeit k\u00edn\u00e1lja. Brazil Maduro bor\u00edt\u00f3ja kubai magvas dominikai k\u00f6t\u0151anyagot, valamint kubai magvas dominikai \u00e9s nicaraguai t\u00f6lt\u0151anyagot takar. A Dominikai K\u00f6zt\u00e1rsas\u00e1gban k\u00e9zzel k\u00e9sz\u00edtett Kristoff Maduro a fejn\u00e9l copfokkal van lez\u00e1rva, \u00e9s a z\u00e1rt l\u00e1bfej\u00e9vel kiemeli a szivar rusztikus megjelen\u00e9s\u00e9t.<\/p>","protected":false},"featured_media":1389,"comment_status":"open","ping_status":"closed","template":"","meta":[],"product_brand":[429],"product_cat":[30],"product_tag":[],"class_list":{"0":"post-1390","1":"product","2":"type-product","3":"status-publish","4":"has-post-thumbnail","6":"product_brand-kristoff","7":"product_cat-cigars","8":"pa_binder-cuban-seed-dominican","9":"pa_color-maduro","10":"pa_filler-origin-cuban-seed-dominican","11":"pa_filler-origin-cuban-seed-nicaraguan","12":"pa_filler-type-longfiller","13":"pa_format-parejo","14":"pa_handmade-kezi-sodrasu","15":"pa_manufacturer-dominica","16":"pa_size-double-toro","17":"pa_strength-kozepes","18":"pa_wrapper-brazilian-maduro","20":"first","21":"instock","22":"purchasable","23":"product-type-simple"},"aioseo_notices":[],"_links":{"self":[{"href":"https:\/\/operatrafik.com\/hu\/wp-json\/wp\/v2\/product\/1390","targetHints":{"allow":["GET"]}}],"collection":[{"href":"https:\/\/operatrafik.com\/hu\/wp-json\/wp\/v2\/product"}],"about":[{"href":"https:\/\/operatrafik.com\/hu\/wp-json\/wp\/v2\/types\/product"}],"replies":[{"embeddable":true,"href":"https:\/\/operatrafik.com\/hu\/wp-json\/wp\/v2\/comments?post=1390"}],"wp:featuredmedia":[{"embeddable":true,"href":"https:\/\/operatrafik.com\/hu\/wp-json\/wp\/v2\/media\/1389"}],"wp:attachment":[{"href":"https:\/\/operatrafik.com\/hu\/wp-json\/wp\/v2\/media?parent=1390"}],"wp:term":[{"taxonomy":"product_brand","embeddable":true,"href":"https:\/\/operatrafik.com\/hu\/wp-json\/wp\/v2\/product_brand?post=1390"},{"taxonomy":"product_cat","embeddable":true,"href":"https:\/\/operatrafik.com\/hu\/wp-json\/wp\/v2\/product_cat?post=1390"},{"taxonomy":"product_tag","embeddable":true,"href":"https:\/\/operatrafik.com\/hu\/wp-json\/wp\/v2\/product_tag?post=1390"}],"curies":[{"name":"wp","href":"https:\/\/api.w.org\/{rel}","templated":true}]}}