{"id":1392,"date":"2025-08-14T08:27:22","date_gmt":"2025-08-14T08:27:22","guid":{"rendered":"https:\/\/operatrafik.com\/product\/kristoff-original-criollo-lancero\/"},"modified":"2025-08-18T07:16:10","modified_gmt":"2025-08-18T07:16:10","slug":"kristoff-original-criollo-lancero","status":"publish","type":"product","link":"https:\/\/operatrafik.com\/hu\/termek\/kristoff-original-criollo-lancero\/","title":{"rendered":"Kristoff Original Criollo Lancero"},"content":{"rendered":"<p>Az elit kubai szivarok szellem\u00e9ben k\u00e9sz\u00fclt Kristoff Criollo megtestes\u00edti azt az \u00edzt \u00e9s gazdags\u00e1got, amit egy igazi rajong\u00f3 keres. A nyersen v\u00e1gott c\u00e9drusdobozba csomagolt \u00e9s laza doh\u00e1nnyal k\u00f6r\u00fclvett Kristoff gy\u00f6ny\u00f6r\u0171, embargo el\u0151tti \u00e9rzetet kelt. Gazdag olajos pap\u00edrral, copfokkal \u00e9s v\u00e1gatlan l\u00e1bbal, a Kristoff \u00edze olyan j\u00f3, mint amilyennek l\u00e1tszik; pir\u00edtott mandula jegyeket, f\u0171szeres jegyeket \u00e9s \u00e9des befejez\u00e9st k\u00edn\u00e1l. K\u00e9nyeztesse az \u00edzl\u00e9s\u00e9t ezzel a hihetetlen\u00fcl sima, k\u00f6zepes test\u0171 szivarral.<\/p>","protected":false},"excerpt":{"rendered":"<p>Az elit kubai szivarok szellem\u00e9ben k\u00e9sz\u00fclt Kristoff Criollo megtestes\u00edti azt az \u00edzt \u00e9s gazdags\u00e1got, amit egy igazi rajong\u00f3 keres. A nyersen v\u00e1gott c\u00e9drusdobozba csomagolt \u00e9s laza doh\u00e1nnyal k\u00f6r\u00fclvett Kristoff gy\u00f6ny\u00f6r\u0171, embargo el\u0151tti \u00e9rzetet kelt. Gazdag olajos pap\u00edrral, copfokkal \u00e9s v\u00e1gatlan l\u00e1bbal, a Kristoff \u00edze olyan j\u00f3, mint amilyennek l\u00e1tszik; pir\u00edtott mandula jegyeket, f\u0171szeres jegyeket \u00e9s [&hellip;]<\/p>","protected":false},"featured_media":1391,"comment_status":"open","ping_status":"closed","template":"","meta":[],"product_brand":[429],"product_cat":[30],"product_tag":[],"class_list":{"0":"post-1392","1":"product","2":"type-product","3":"status-publish","4":"has-post-thumbnail","6":"product_brand-kristoff","7":"product_cat-cigars","8":"pa_binder-cuban-seed-dominican","9":"pa_color-colorado-maduro","10":"pa_filler-origin-cuban-seed-dominican","11":"pa_filler-origin-cuban-seed-nicaraguan","12":"pa_filler-type-longfiller","13":"pa_format-parejo","14":"pa_handmade-kezi-sodrasu","15":"pa_manufacturer-dominica","16":"pa_size-lancero","17":"pa_strength-kozepes","18":"pa_wrapper-cuban-seed-honduran-criollo","20":"first","21":"instock","22":"purchasable","23":"product-type-simple"},"aioseo_notices":[],"_links":{"self":[{"href":"https:\/\/operatrafik.com\/hu\/wp-json\/wp\/v2\/product\/1392","targetHints":{"allow":["GET"]}}],"collection":[{"href":"https:\/\/operatrafik.com\/hu\/wp-json\/wp\/v2\/product"}],"about":[{"href":"https:\/\/operatrafik.com\/hu\/wp-json\/wp\/v2\/types\/product"}],"replies":[{"embeddable":true,"href":"https:\/\/operatrafik.com\/hu\/wp-json\/wp\/v2\/comments?post=1392"}],"wp:featuredmedia":[{"embeddable":true,"href":"https:\/\/operatrafik.com\/hu\/wp-json\/wp\/v2\/media\/1391"}],"wp:attachment":[{"href":"https:\/\/operatrafik.com\/hu\/wp-json\/wp\/v2\/media?parent=1392"}],"wp:term":[{"taxonomy":"product_brand","embeddable":true,"href":"https:\/\/operatrafik.com\/hu\/wp-json\/wp\/v2\/product_brand?post=1392"},{"taxonomy":"product_cat","embeddable":true,"href":"https:\/\/operatrafik.com\/hu\/wp-json\/wp\/v2\/product_cat?post=1392"},{"taxonomy":"product_tag","embeddable":true,"href":"https:\/\/operatrafik.com\/hu\/wp-json\/wp\/v2\/product_tag?post=1392"}],"curies":[{"name":"wp","href":"https:\/\/api.w.org\/{rel}","templated":true}]}}