{"id":1394,"date":"2025-08-14T08:27:24","date_gmt":"2025-08-14T08:27:24","guid":{"rendered":"https:\/\/operatrafik.com\/product\/kristoff-original-criollo-robusto\/"},"modified":"2025-08-18T07:16:11","modified_gmt":"2025-08-18T07:16:11","slug":"kristoff-original-criollo-robusto","status":"publish","type":"product","link":"https:\/\/operatrafik.com\/hu\/termek\/kristoff-original-criollo-robusto\/","title":{"rendered":"Kristoff Original Criollo Robusto"},"content":{"rendered":"<p>Ez a k\u00f6zepes test\u0171 szivar p\u00f6rk\u00f6lt mandul\u00e1t, f\u0171szereket \u00e9s \u00e9des befejez\u00e9st k\u00edn\u00e1l. A kubai magvas hondurasi Criollo bor\u00edt\u00f3 kubai magvas dominikai k\u00f6t\u0151anyagot, valamint kubai magvas dominikai \u00e9s nicaraguai t\u00f6lt\u0151anyagot takar. A Dominikai K\u00f6zt\u00e1rsas\u00e1gban k\u00e9zzel k\u00e9sz\u00edtett Kristoff Criollo szivarnak fedett talpa van, ami kiemeli a szivar rusztikus megjelen\u00e9s\u00e9t.<\/p>","protected":false},"excerpt":{"rendered":"<p>Ez a k\u00f6zepes test\u0171 szivar p\u00f6rk\u00f6lt mandul\u00e1t, f\u0171szereket \u00e9s \u00e9des befejez\u00e9st k\u00edn\u00e1l. A kubai magvas hondurasi Criollo bor\u00edt\u00f3 kubai magvas dominikai k\u00f6t\u0151anyagot, valamint kubai magvas dominikai \u00e9s nicaraguai t\u00f6lt\u0151anyagot takar. A Dominikai K\u00f6zt\u00e1rsas\u00e1gban k\u00e9zzel k\u00e9sz\u00edtett Kristoff Criollo szivarnak fedett talpa van, ami kiemeli a szivar rusztikus megjelen\u00e9s\u00e9t.<\/p>","protected":false},"featured_media":1393,"comment_status":"open","ping_status":"closed","template":"","meta":[],"product_brand":[429],"product_cat":[30],"product_tag":[],"class_list":{"0":"post-1394","1":"product","2":"type-product","3":"status-publish","4":"has-post-thumbnail","6":"product_brand-kristoff","7":"product_cat-cigars","8":"pa_binder-cuban-seed-dominican","9":"pa_color-colorado-maduro","10":"pa_filler-origin-cuban-seed-dominican","11":"pa_filler-origin-cuban-seed-nicaraguan","12":"pa_filler-type-longfiller","13":"pa_format-parejo","14":"pa_handmade-kezi-sodrasu","15":"pa_manufacturer-dominica","16":"pa_size-robusto","17":"pa_strength-kozepes","18":"pa_wrapper-cuban-seed-honduran-criollo","20":"first","21":"instock","22":"purchasable","23":"product-type-simple"},"aioseo_notices":[],"_links":{"self":[{"href":"https:\/\/operatrafik.com\/hu\/wp-json\/wp\/v2\/product\/1394","targetHints":{"allow":["GET"]}}],"collection":[{"href":"https:\/\/operatrafik.com\/hu\/wp-json\/wp\/v2\/product"}],"about":[{"href":"https:\/\/operatrafik.com\/hu\/wp-json\/wp\/v2\/types\/product"}],"replies":[{"embeddable":true,"href":"https:\/\/operatrafik.com\/hu\/wp-json\/wp\/v2\/comments?post=1394"}],"wp:featuredmedia":[{"embeddable":true,"href":"https:\/\/operatrafik.com\/hu\/wp-json\/wp\/v2\/media\/1393"}],"wp:attachment":[{"href":"https:\/\/operatrafik.com\/hu\/wp-json\/wp\/v2\/media?parent=1394"}],"wp:term":[{"taxonomy":"product_brand","embeddable":true,"href":"https:\/\/operatrafik.com\/hu\/wp-json\/wp\/v2\/product_brand?post=1394"},{"taxonomy":"product_cat","embeddable":true,"href":"https:\/\/operatrafik.com\/hu\/wp-json\/wp\/v2\/product_cat?post=1394"},{"taxonomy":"product_tag","embeddable":true,"href":"https:\/\/operatrafik.com\/hu\/wp-json\/wp\/v2\/product_tag?post=1394"}],"curies":[{"name":"wp","href":"https:\/\/api.w.org\/{rel}","templated":true}]}}