{"id":1398,"date":"2025-08-14T08:27:28","date_gmt":"2025-08-14T08:27:28","guid":{"rendered":"https:\/\/operatrafik.com\/product\/kristoff-nicaragua-toro\/"},"modified":"2025-08-18T07:16:10","modified_gmt":"2025-08-18T07:16:10","slug":"kristoff-nicaragua-toro","status":"publish","type":"product","link":"https:\/\/operatrafik.com\/hu\/termek\/kristoff-nicaragua-toro\/","title":{"rendered":"Kristoff Nicaragua Toro"},"content":{"rendered":"<p>Ez egy igazi nicaraguai puro, amely b\u00fcszk\u00e9n tartalmazza a Condega, Esteli \u00e9s Jalapa r\u00e9gi\u00f3kb\u00f3l sz\u00e1rmaz\u00f3 pr\u00e9mium doh\u00e1nyt Nicaragu\u00e1ban. K\u00f6zepes er\u0151ss\u00e9g\u00e9vel \u00e9s a Corojo lev\u00e9l k\u00f6t\u0151anyagb\u00f3l sz\u00e1rmaz\u00f3 extra f\u0171szeress\u00e9ggel a Kristoff Nicaragua egy dekadens, gazdag \u00e9s \u00f6sszetett f\u00fcst\u00f6l\u00e9s.<\/p>","protected":false},"excerpt":{"rendered":"<p>Ez egy igazi nicaraguai puro, amely b\u00fcszk\u00e9n tartalmazza a Condega, Esteli \u00e9s Jalapa r\u00e9gi\u00f3kb\u00f3l sz\u00e1rmaz\u00f3 pr\u00e9mium doh\u00e1nyt Nicaragu\u00e1ban. K\u00f6zepes er\u0151ss\u00e9g\u00e9vel \u00e9s a Corojo lev\u00e9l k\u00f6t\u0151anyagb\u00f3l sz\u00e1rmaz\u00f3 extra f\u0171szeress\u00e9ggel a Kristoff Nicaragua egy dekadens, gazdag \u00e9s \u00f6sszetett f\u00fcst\u00f6l\u00e9s.<\/p>","protected":false},"featured_media":1397,"comment_status":"open","ping_status":"closed","template":"","meta":[],"product_brand":[429],"product_cat":[30],"product_tag":[],"class_list":{"0":"post-1398","1":"product","2":"type-product","3":"status-publish","4":"has-post-thumbnail","6":"product_brand-kristoff","7":"product_cat-cigars","8":"pa_binder-nicaragua-corojo","9":"pa_color-maduro","10":"pa_filler-origin-and-jalapa-in-nicaragua","11":"pa_filler-origin-blend-from-condega","12":"pa_filler-origin-esteli","13":"pa_filler-type-longfiller","14":"pa_format-parejo","15":"pa_handmade-kezi-sodrasu","16":"pa_manufacturer-dominica","17":"pa_size-toro","18":"pa_wrapper-nicaragua","20":"first","21":"instock","22":"purchasable","23":"product-type-simple"},"aioseo_notices":[],"_links":{"self":[{"href":"https:\/\/operatrafik.com\/hu\/wp-json\/wp\/v2\/product\/1398","targetHints":{"allow":["GET"]}}],"collection":[{"href":"https:\/\/operatrafik.com\/hu\/wp-json\/wp\/v2\/product"}],"about":[{"href":"https:\/\/operatrafik.com\/hu\/wp-json\/wp\/v2\/types\/product"}],"replies":[{"embeddable":true,"href":"https:\/\/operatrafik.com\/hu\/wp-json\/wp\/v2\/comments?post=1398"}],"wp:featuredmedia":[{"embeddable":true,"href":"https:\/\/operatrafik.com\/hu\/wp-json\/wp\/v2\/media\/1397"}],"wp:attachment":[{"href":"https:\/\/operatrafik.com\/hu\/wp-json\/wp\/v2\/media?parent=1398"}],"wp:term":[{"taxonomy":"product_brand","embeddable":true,"href":"https:\/\/operatrafik.com\/hu\/wp-json\/wp\/v2\/product_brand?post=1398"},{"taxonomy":"product_cat","embeddable":true,"href":"https:\/\/operatrafik.com\/hu\/wp-json\/wp\/v2\/product_cat?post=1398"},{"taxonomy":"product_tag","embeddable":true,"href":"https:\/\/operatrafik.com\/hu\/wp-json\/wp\/v2\/product_tag?post=1398"}],"curies":[{"name":"wp","href":"https:\/\/api.w.org\/{rel}","templated":true}]}}