{"id":1405,"date":"2025-08-14T08:27:35","date_gmt":"2025-08-14T08:27:35","guid":{"rendered":"https:\/\/operatrafik.com\/product\/kristoff-ligero-criollo-lancero\/"},"modified":"2025-08-18T07:16:10","modified_gmt":"2025-08-18T07:16:10","slug":"kristoff-ligero-criollo-lancero","status":"publish","type":"product","link":"https:\/\/operatrafik.com\/hu\/termek\/kristoff-ligero-criollo-lancero\/","title":{"rendered":"Kristoff Ligero Criollo Lancero"},"content":{"rendered":"<p>A Kristoff Ligero Criollo Lancero szivarok a Kristoff Cigars \u00e1ltal k\u00e9sz\u00edtett intenz\u00edv pr\u00e9mium szivarok. Szakk\u00e9pzett munk\u00e1saik seg\u00edts\u00e9g\u00e9vel h\u00e1romszoros adag ligero lev\u00e9l felhaszn\u00e1l\u00e1s\u00e1val keverik ezeket a szivarokat. Ezek kubai magvas nicaraguai \u00e9s dominikai hossz\u00fa t\u00f6ltel\u00e9keket rejtenek az alapban. Egy m\u00e1sik kubai magvas dominikai k\u00f6t\u0151anyag fogja \u00f6ssze \u0151ket. Ezt a kever\u00e9ket t\u00f6k\u00e9letesen bor\u00edtja a s\u00f6t\u00e9t, f\u00e9nyes hondurasi Criollo bor\u00edt\u00f3. Az eredm\u00e9ny egy k\u00f6zepes vagy telt test\u0171, \u00edzgazdag f\u00fcst. A f\u00fcst intenzit\u00e1sa fokozatosan n\u00f6vekszik, \u00e9s hossz\u00fa, kifinomult befejez\u00e9ssel z\u00e1rul. \u00datk\u00f6zben a c\u00e9drus, a di\u00f3, a pir\u00edt\u00f3s \u00e9s az \u00e9des f\u0171szerek kellemes jegyei \u00e1radnak bel\u0151le.<\/p>","protected":false},"excerpt":{"rendered":"<p>A Kristoff Ligero Criollo Lancero szivarok a Kristoff Cigars \u00e1ltal k\u00e9sz\u00edtett intenz\u00edv pr\u00e9mium szivarok. Szakk\u00e9pzett munk\u00e1saik seg\u00edts\u00e9g\u00e9vel h\u00e1romszoros adag ligero lev\u00e9l felhaszn\u00e1l\u00e1s\u00e1val keverik ezeket a szivarokat. Ezek kubai magvas nicaraguai \u00e9s dominikai hossz\u00fa t\u00f6ltel\u00e9keket rejtenek az alapban. Egy m\u00e1sik kubai magvas dominikai k\u00f6t\u0151anyag fogja \u00f6ssze \u0151ket. Ezt a kever\u00e9ket t\u00f6k\u00e9letesen bor\u00edtja a s\u00f6t\u00e9t, f\u00e9nyes hondurasi [&hellip;]<\/p>","protected":false},"featured_media":1404,"comment_status":"open","ping_status":"closed","template":"","meta":[],"product_brand":[429],"product_cat":[30],"product_tag":[],"class_list":{"0":"post-1405","1":"product","2":"type-product","3":"status-publish","4":"has-post-thumbnail","6":"product_brand-kristoff","7":"product_cat-cigars","8":"pa_binder-cuban-seed-dominican","9":"pa_color-maduro","10":"pa_filler-origin-cuban-seed-dominican","11":"pa_filler-origin-cuban-seed-honduran","12":"pa_filler-type-longfiller","13":"pa_format-parejo","14":"pa_handmade-kezi-sodrasu","15":"pa_manufacturer-dominica","16":"pa_size-lancero","17":"pa_strength-kozepes-eros","18":"pa_wrapper-cuban-seed-honduran-criollo","20":"first","21":"instock","22":"purchasable","23":"product-type-simple"},"aioseo_notices":[],"_links":{"self":[{"href":"https:\/\/operatrafik.com\/hu\/wp-json\/wp\/v2\/product\/1405","targetHints":{"allow":["GET"]}}],"collection":[{"href":"https:\/\/operatrafik.com\/hu\/wp-json\/wp\/v2\/product"}],"about":[{"href":"https:\/\/operatrafik.com\/hu\/wp-json\/wp\/v2\/types\/product"}],"replies":[{"embeddable":true,"href":"https:\/\/operatrafik.com\/hu\/wp-json\/wp\/v2\/comments?post=1405"}],"wp:featuredmedia":[{"embeddable":true,"href":"https:\/\/operatrafik.com\/hu\/wp-json\/wp\/v2\/media\/1404"}],"wp:attachment":[{"href":"https:\/\/operatrafik.com\/hu\/wp-json\/wp\/v2\/media?parent=1405"}],"wp:term":[{"taxonomy":"product_brand","embeddable":true,"href":"https:\/\/operatrafik.com\/hu\/wp-json\/wp\/v2\/product_brand?post=1405"},{"taxonomy":"product_cat","embeddable":true,"href":"https:\/\/operatrafik.com\/hu\/wp-json\/wp\/v2\/product_cat?post=1405"},{"taxonomy":"product_tag","embeddable":true,"href":"https:\/\/operatrafik.com\/hu\/wp-json\/wp\/v2\/product_tag?post=1405"}],"curies":[{"name":"wp","href":"https:\/\/api.w.org\/{rel}","templated":true}]}}