{"id":1411,"date":"2025-08-14T08:27:40","date_gmt":"2025-08-14T08:27:40","guid":{"rendered":"https:\/\/operatrafik.com\/product\/kristoff-kristania-kristania-5-5x60\/"},"modified":"2025-08-18T07:16:09","modified_gmt":"2025-08-18T07:16:09","slug":"kristoff-kristania-kristania-5-5x60","status":"publish","type":"product","link":"https:\/\/operatrafik.com\/hu\/termek\/kristoff-kristania-kristania-5-5x60\/","title":{"rendered":"Kristoff Kristania &#038; Kristania 5.5&#215;60"},"content":{"rendered":"<p>Mint a legt\u00f6bb Kristoff szivar, a Kristania 60 szalagja nagyon hom\u00e1lyos, \u00e9s szinte megegyezik a bor\u00edt\u00f3val, \u00edgy \u00e1lc\u00e1zva a szivarral szemben. B\u00e1r a kezdeti szippant\u00e1sokban van n\u00e9mi f\u0171szeress\u00e9g, ez gyorsan al\u00e1bbhagyott, hogy felfedje a kaka\u00f3s \u00e9s c\u00e9drusos magot.<\/p>","protected":false},"excerpt":{"rendered":"<p>Mint a legt\u00f6bb Kristoff szivar, a Kristania 60 szalagja nagyon hom\u00e1lyos, \u00e9s szinte megegyezik a bor\u00edt\u00f3val, \u00edgy \u00e1lc\u00e1zva a szivarral szemben. B\u00e1r a kezdeti szippant\u00e1sokban van n\u00e9mi f\u0171szeress\u00e9g, ez gyorsan al\u00e1bbhagyott, hogy felfedje a kaka\u00f3s \u00e9s c\u00e9drusos magot.<\/p>","protected":false},"featured_media":1410,"comment_status":"open","ping_status":"closed","template":"","meta":[],"product_brand":[429],"product_cat":[30],"product_tag":[],"class_list":{"0":"post-1411","1":"product","2":"type-product","3":"status-publish","4":"has-post-thumbnail","6":"product_brand-kristoff","7":"product_cat-cigars","8":"pa_binder-dominican-habano","9":"pa_color-colorado-maduro","10":"pa_filler-origin-dominican-habano","11":"pa_filler-type-longfiller","12":"pa_format-parejo","13":"pa_handmade-kezi-sodrasu","14":"pa_manufacturer-dominica","15":"pa_size-double-robusto","16":"pa_strength-kozepes","17":"pa_wrapper-nicaraguan-habano","19":"first","20":"instock","21":"purchasable","22":"product-type-simple"},"aioseo_notices":[],"_links":{"self":[{"href":"https:\/\/operatrafik.com\/hu\/wp-json\/wp\/v2\/product\/1411","targetHints":{"allow":["GET"]}}],"collection":[{"href":"https:\/\/operatrafik.com\/hu\/wp-json\/wp\/v2\/product"}],"about":[{"href":"https:\/\/operatrafik.com\/hu\/wp-json\/wp\/v2\/types\/product"}],"replies":[{"embeddable":true,"href":"https:\/\/operatrafik.com\/hu\/wp-json\/wp\/v2\/comments?post=1411"}],"wp:featuredmedia":[{"embeddable":true,"href":"https:\/\/operatrafik.com\/hu\/wp-json\/wp\/v2\/media\/1410"}],"wp:attachment":[{"href":"https:\/\/operatrafik.com\/hu\/wp-json\/wp\/v2\/media?parent=1411"}],"wp:term":[{"taxonomy":"product_brand","embeddable":true,"href":"https:\/\/operatrafik.com\/hu\/wp-json\/wp\/v2\/product_brand?post=1411"},{"taxonomy":"product_cat","embeddable":true,"href":"https:\/\/operatrafik.com\/hu\/wp-json\/wp\/v2\/product_cat?post=1411"},{"taxonomy":"product_tag","embeddable":true,"href":"https:\/\/operatrafik.com\/hu\/wp-json\/wp\/v2\/product_tag?post=1411"}],"curies":[{"name":"wp","href":"https:\/\/api.w.org\/{rel}","templated":true}]}}