{"id":1417,"date":"2025-08-14T08:27:45","date_gmt":"2025-08-14T08:27:45","guid":{"rendered":"https:\/\/operatrafik.com\/product\/kristoff-kristania-kristania-maduro-5-5x60\/"},"modified":"2025-08-18T07:16:10","modified_gmt":"2025-08-18T07:16:10","slug":"kristoff-kristania-kristania-maduro-5-5x60","status":"publish","type":"product","link":"https:\/\/operatrafik.com\/hu\/termek\/kristoff-kristania-kristania-maduro-5-5x60\/","title":{"rendered":"Kristoff Kristania &#038; Kristania Maduro 5.5&#215;60"},"content":{"rendered":"<p>A Kristania &#038; Kristania Maduro 5.5 X 60 b\u00e1rsonyos f\u00fcst\u00f6t bocs\u00e1t ki, amely tele van f\u00e9l\u00e9des kaka\u00f3, fekete bors, eszpressz\u00f3, \u00e9des van\u00edliakr\u00e9m, narancsh\u00e9j \u00e9s egy csipetnyi pir\u00edtott k\u00f3kusz \u00edz\u00e9vel.<\/p>","protected":false},"excerpt":{"rendered":"<p>A Kristania &#038; Kristania Maduro 5.5 X 60 b\u00e1rsonyos f\u00fcst\u00f6t bocs\u00e1t ki, amely tele van f\u00e9l\u00e9des kaka\u00f3, fekete bors, eszpressz\u00f3, \u00e9des van\u00edliakr\u00e9m, narancsh\u00e9j \u00e9s egy csipetnyi pir\u00edtott k\u00f3kusz \u00edz\u00e9vel.<\/p>","protected":false},"featured_media":1416,"comment_status":"open","ping_status":"closed","template":"","meta":[],"product_brand":[429],"product_cat":[30],"product_tag":[],"class_list":{"0":"post-1417","1":"product","2":"type-product","3":"status-publish","4":"has-post-thumbnail","6":"product_brand-kristoff","7":"product_cat-cigars","8":"pa_binder-dominican-habano","9":"pa_color-maduro","10":"pa_filler-origin-dominican-habano","11":"pa_filler-type-longfiller","12":"pa_format-parejo","13":"pa_handmade-kezi-sodrasu","14":"pa_manufacturer-dominica","15":"pa_size-double-robusto","16":"pa_strength-kozepes","17":"pa_wrapper-nicaraguan-habano-criollo","19":"first","20":"instock","21":"purchasable","22":"product-type-simple"},"aioseo_notices":[],"_links":{"self":[{"href":"https:\/\/operatrafik.com\/hu\/wp-json\/wp\/v2\/product\/1417","targetHints":{"allow":["GET"]}}],"collection":[{"href":"https:\/\/operatrafik.com\/hu\/wp-json\/wp\/v2\/product"}],"about":[{"href":"https:\/\/operatrafik.com\/hu\/wp-json\/wp\/v2\/types\/product"}],"replies":[{"embeddable":true,"href":"https:\/\/operatrafik.com\/hu\/wp-json\/wp\/v2\/comments?post=1417"}],"wp:featuredmedia":[{"embeddable":true,"href":"https:\/\/operatrafik.com\/hu\/wp-json\/wp\/v2\/media\/1416"}],"wp:attachment":[{"href":"https:\/\/operatrafik.com\/hu\/wp-json\/wp\/v2\/media?parent=1417"}],"wp:term":[{"taxonomy":"product_brand","embeddable":true,"href":"https:\/\/operatrafik.com\/hu\/wp-json\/wp\/v2\/product_brand?post=1417"},{"taxonomy":"product_cat","embeddable":true,"href":"https:\/\/operatrafik.com\/hu\/wp-json\/wp\/v2\/product_cat?post=1417"},{"taxonomy":"product_tag","embeddable":true,"href":"https:\/\/operatrafik.com\/hu\/wp-json\/wp\/v2\/product_tag?post=1417"}],"curies":[{"name":"wp","href":"https:\/\/api.w.org\/{rel}","templated":true}]}}