{"id":1421,"date":"2025-08-14T08:27:49","date_gmt":"2025-08-14T08:27:49","guid":{"rendered":"https:\/\/operatrafik.com\/product\/kristoff-jt-signature-series-toro\/"},"modified":"2025-08-18T07:16:09","modified_gmt":"2025-08-18T07:16:09","slug":"kristoff-jt-signature-series-toro","status":"publish","type":"product","link":"https:\/\/operatrafik.com\/hu\/termek\/kristoff-jt-signature-series-toro\/","title":{"rendered":"Kristoff JT Signature Series Toro"},"content":{"rendered":"<p>A Kristoff JT Signature sorozat egyike azon kev\u00e9s dobozban sajtolt szivaroknak, amelyeket a Kristoff tulajdonosa, Glen Case k\u00e9sz\u00edtett. A &#8220;JT&#8221; Jarrid Trudeau, a Kristoff bar\u00e1tja \u00e9s aleln\u00f6ke.\u00a0<br \/>\nA szivar azt k\u00e9pviseli, amit Jarrid &#8220;az \u0151 kever\u00e9k\u00e9nek&#8221; tekint, \u00e9s az \u0151 szem\u00e9lyes \u00edzl\u00e9se szerint k\u00e9sz\u00fclt.<\/p>","protected":false},"excerpt":{"rendered":"<p>A Kristoff JT Signature sorozat egyike azon kev\u00e9s dobozban sajtolt szivaroknak, amelyeket a Kristoff tulajdonosa, Glen Case k\u00e9sz\u00edtett. A &#8220;JT&#8221; Jarrid Trudeau, a Kristoff bar\u00e1tja \u00e9s aleln\u00f6ke.\u00a0 A szivar azt k\u00e9pviseli, amit Jarrid &#8220;az \u0151 kever\u00e9k\u00e9nek&#8221; tekint, \u00e9s az \u0151 szem\u00e9lyes \u00edzl\u00e9se szerint k\u00e9sz\u00fclt.<\/p>","protected":false},"featured_media":1420,"comment_status":"open","ping_status":"closed","template":"","meta":[],"product_brand":[429],"product_cat":[30],"product_tag":[],"class_list":{"0":"post-1421","1":"product","2":"type-product","3":"status-publish","4":"has-post-thumbnail","6":"product_brand-kristoff","7":"product_cat-cigars","8":"pa_binder-sumatra","9":"pa_color-colorado","10":"pa_filler-origin-dominican","11":"pa_filler-origin-mexican-san-andres","12":"pa_filler-type-longfiller","13":"pa_format-parejo","14":"pa_handmade-kezi-sodrasu","15":"pa_manufacturer-dominica","16":"pa_size-toro","17":"pa_strength-kozepes","18":"pa_wrapper-ecuadorian-hva-habano","20":"first","21":"instock","22":"purchasable","23":"product-type-simple"},"aioseo_notices":[],"_links":{"self":[{"href":"https:\/\/operatrafik.com\/hu\/wp-json\/wp\/v2\/product\/1421","targetHints":{"allow":["GET"]}}],"collection":[{"href":"https:\/\/operatrafik.com\/hu\/wp-json\/wp\/v2\/product"}],"about":[{"href":"https:\/\/operatrafik.com\/hu\/wp-json\/wp\/v2\/types\/product"}],"replies":[{"embeddable":true,"href":"https:\/\/operatrafik.com\/hu\/wp-json\/wp\/v2\/comments?post=1421"}],"wp:featuredmedia":[{"embeddable":true,"href":"https:\/\/operatrafik.com\/hu\/wp-json\/wp\/v2\/media\/1420"}],"wp:attachment":[{"href":"https:\/\/operatrafik.com\/hu\/wp-json\/wp\/v2\/media?parent=1421"}],"wp:term":[{"taxonomy":"product_brand","embeddable":true,"href":"https:\/\/operatrafik.com\/hu\/wp-json\/wp\/v2\/product_brand?post=1421"},{"taxonomy":"product_cat","embeddable":true,"href":"https:\/\/operatrafik.com\/hu\/wp-json\/wp\/v2\/product_cat?post=1421"},{"taxonomy":"product_tag","embeddable":true,"href":"https:\/\/operatrafik.com\/hu\/wp-json\/wp\/v2\/product_tag?post=1421"}],"curies":[{"name":"wp","href":"https:\/\/api.w.org\/{rel}","templated":true}]}}