{"id":1425,"date":"2025-08-14T08:27:53","date_gmt":"2025-08-14T08:27:53","guid":{"rendered":"https:\/\/operatrafik.com\/product\/kristoff-its-a-boy\/"},"modified":"2025-08-18T07:16:09","modified_gmt":"2025-08-18T07:16:09","slug":"kristoff-its-a-boy","status":"publish","type":"product","link":"https:\/\/operatrafik.com\/hu\/termek\/kristoff-its-a-boy\/","title":{"rendered":"Kristoff It&#8217;s A Boy"},"content":{"rendered":"<p>Kristoff It&#8217;s a Boy &#8211; A Kristoff Cigars a b\u00fcszke ap\u00e1k sz\u00e1m\u00e1ra, akik kisfiuk sz\u00fclet\u00e9s\u00e9t szeretn\u00e9k meg\u00fcnnepelni, egy enyhe-k\u00f6zepes test\u0171 szivart k\u00edn\u00e1l, amely a tapasztalt \u00e9s a kezd\u0151 szivarf\u00fcst\u00f6l\u0151k sz\u00e1m\u00e1ra egyar\u00e1nt vonz\u00f3. Ezek a szivarok sima f\u00fcst\u00f6t k\u00edn\u00e1lnak t\u00f6lgy, di\u00f3 \u00e9s c\u00e9drus jegyeivel.<\/p>","protected":false},"excerpt":{"rendered":"<p>Kristoff It&#8217;s a Boy &#8211; A Kristoff Cigars a b\u00fcszke ap\u00e1k sz\u00e1m\u00e1ra, akik kisfiuk sz\u00fclet\u00e9s\u00e9t szeretn\u00e9k meg\u00fcnnepelni, egy enyhe-k\u00f6zepes test\u0171 szivart k\u00edn\u00e1l, amely a tapasztalt \u00e9s a kezd\u0151 szivarf\u00fcst\u00f6l\u0151k sz\u00e1m\u00e1ra egyar\u00e1nt vonz\u00f3. Ezek a szivarok sima f\u00fcst\u00f6t k\u00edn\u00e1lnak t\u00f6lgy, di\u00f3 \u00e9s c\u00e9drus jegyeivel.<\/p>","protected":false},"featured_media":1424,"comment_status":"open","ping_status":"closed","template":"","meta":[],"product_brand":[429],"product_cat":[30],"product_tag":[],"class_list":{"0":"post-1425","1":"product","2":"type-product","3":"status-publish","4":"has-post-thumbnail","6":"product_brand-kristoff","7":"product_cat-cigars","8":"pa_binder-dominica","9":"pa_color-colorado-claro","10":"pa_filler-origin-dominica","11":"pa_filler-type-longfiller","12":"pa_format-parejo","13":"pa_handmade-kezi-sodrasu","14":"pa_manufacturer-dominica","15":"pa_size-corona","16":"pa_strength-gyenge-kozepes","17":"pa_wrapper-dominica","19":"first","20":"instock","21":"purchasable","22":"product-type-simple"},"aioseo_notices":[],"_links":{"self":[{"href":"https:\/\/operatrafik.com\/hu\/wp-json\/wp\/v2\/product\/1425","targetHints":{"allow":["GET"]}}],"collection":[{"href":"https:\/\/operatrafik.com\/hu\/wp-json\/wp\/v2\/product"}],"about":[{"href":"https:\/\/operatrafik.com\/hu\/wp-json\/wp\/v2\/types\/product"}],"replies":[{"embeddable":true,"href":"https:\/\/operatrafik.com\/hu\/wp-json\/wp\/v2\/comments?post=1425"}],"wp:featuredmedia":[{"embeddable":true,"href":"https:\/\/operatrafik.com\/hu\/wp-json\/wp\/v2\/media\/1424"}],"wp:attachment":[{"href":"https:\/\/operatrafik.com\/hu\/wp-json\/wp\/v2\/media?parent=1425"}],"wp:term":[{"taxonomy":"product_brand","embeddable":true,"href":"https:\/\/operatrafik.com\/hu\/wp-json\/wp\/v2\/product_brand?post=1425"},{"taxonomy":"product_cat","embeddable":true,"href":"https:\/\/operatrafik.com\/hu\/wp-json\/wp\/v2\/product_cat?post=1425"},{"taxonomy":"product_tag","embeddable":true,"href":"https:\/\/operatrafik.com\/hu\/wp-json\/wp\/v2\/product_tag?post=1425"}],"curies":[{"name":"wp","href":"https:\/\/api.w.org\/{rel}","templated":true}]}}