{"id":1433,"date":"2025-08-14T08:28:01","date_gmt":"2025-08-14T08:28:01","guid":{"rendered":"https:\/\/operatrafik.com\/product\/kristoff-guardrail-churchill\/"},"modified":"2025-08-18T07:16:08","modified_gmt":"2025-08-18T07:16:08","slug":"kristoff-guardrail-churchill","status":"publish","type":"product","link":"https:\/\/operatrafik.com\/hu\/termek\/kristoff-guardrail-churchill\/","title":{"rendered":"Kristoff Guardrail Churchill"},"content":{"rendered":"<p>K\u00f3stol\u00e1si jegyzetek: K\u00e1v\u00e9, sz\u00e1raz kaka\u00f3, \u00e9des c\u00e9drus, \u00e9des f\u0171szeres jegyek \u00e9s kr\u00e9mes lecseng\u00e9s.<\/p>","protected":false},"excerpt":{"rendered":"<p>K\u00f3stol\u00e1si jegyzetek: K\u00e1v\u00e9, sz\u00e1raz kaka\u00f3, \u00e9des c\u00e9drus, \u00e9des f\u0171szeres jegyek \u00e9s kr\u00e9mes lecseng\u00e9s.<\/p>","protected":false},"featured_media":1432,"comment_status":"open","ping_status":"closed","template":"","meta":[],"product_brand":[429],"product_cat":[30],"product_tag":[],"class_list":{"0":"post-1433","1":"product","2":"type-product","3":"status-publish","4":"has-post-thumbnail","6":"product_brand-kristoff","7":"product_cat-cigars","8":"pa_binder-dominica","9":"pa_color-maduro","10":"pa_filler-origin-dominican","11":"pa_filler-origin-zimbabwe","12":"pa_filler-type-longfiller","13":"pa_format-parejo","14":"pa_handmade-kezi-sodrasu","15":"pa_manufacturer-dominica","16":"pa_size-churchill","17":"pa_strength-kozepes","18":"pa_wrapper-brazilian-maduro","20":"first","21":"instock","22":"purchasable","23":"product-type-simple"},"aioseo_notices":[],"_links":{"self":[{"href":"https:\/\/operatrafik.com\/hu\/wp-json\/wp\/v2\/product\/1433","targetHints":{"allow":["GET"]}}],"collection":[{"href":"https:\/\/operatrafik.com\/hu\/wp-json\/wp\/v2\/product"}],"about":[{"href":"https:\/\/operatrafik.com\/hu\/wp-json\/wp\/v2\/types\/product"}],"replies":[{"embeddable":true,"href":"https:\/\/operatrafik.com\/hu\/wp-json\/wp\/v2\/comments?post=1433"}],"wp:featuredmedia":[{"embeddable":true,"href":"https:\/\/operatrafik.com\/hu\/wp-json\/wp\/v2\/media\/1432"}],"wp:attachment":[{"href":"https:\/\/operatrafik.com\/hu\/wp-json\/wp\/v2\/media?parent=1433"}],"wp:term":[{"taxonomy":"product_brand","embeddable":true,"href":"https:\/\/operatrafik.com\/hu\/wp-json\/wp\/v2\/product_brand?post=1433"},{"taxonomy":"product_cat","embeddable":true,"href":"https:\/\/operatrafik.com\/hu\/wp-json\/wp\/v2\/product_cat?post=1433"},{"taxonomy":"product_tag","embeddable":true,"href":"https:\/\/operatrafik.com\/hu\/wp-json\/wp\/v2\/product_tag?post=1433"}],"curies":[{"name":"wp","href":"https:\/\/api.w.org\/{rel}","templated":true}]}}