{"id":1437,"date":"2025-08-14T08:28:05","date_gmt":"2025-08-14T08:28:05","guid":{"rendered":"https:\/\/operatrafik.com\/product\/kristoff-cuban-selection-toro\/"},"modified":"2025-08-18T07:16:08","modified_gmt":"2025-08-18T07:16:08","slug":"kristoff-cuban-selection-toro","status":"publish","type":"product","link":"https:\/\/operatrafik.com\/hu\/termek\/kristoff-cuban-selection-toro\/","title":{"rendered":"Kristoff Cuban Selection Toro"},"content":{"rendered":"<p>A l\u00e1gy h\u00faz\u00e1s selymesen sima f\u00fcst\u00f6t eredm\u00e9nyez, amely vajas kr\u00e9mmel \u00e9s c\u00e9drus, f\u00f6ld \u00e9s fah\u00e9j jegyeivel k\u00f6sz\u00f6nti a sz\u00e1jpadl\u00e1st. A h\u00e1tt\u00e9rben f\u00fcves doh\u00e1ny\u00edz \u00e9s egy halv\u00e1ny feh\u00e9rborsos jegy marad meg, mindezt az \u00edzes\u00edtett sapka \u00e1ltal biztos\u00edtott \u00f6sszet\u00e9veszthetetlen \u00e9dess\u00e9g teszi teljess\u00e9. Enyhe test\u0171 \u00e9s k\u00f6nnyen elsz\u00edvhat\u00f3, a Cuban Selection meglehet\u0151sen pihentet\u0151, kiel\u00e9g\u00edt\u0151 kever\u00e9k.<\/p>","protected":false},"excerpt":{"rendered":"<p>A l\u00e1gy h\u00faz\u00e1s selymesen sima f\u00fcst\u00f6t eredm\u00e9nyez, amely vajas kr\u00e9mmel \u00e9s c\u00e9drus, f\u00f6ld \u00e9s fah\u00e9j jegyeivel k\u00f6sz\u00f6nti a sz\u00e1jpadl\u00e1st. A h\u00e1tt\u00e9rben f\u00fcves doh\u00e1ny\u00edz \u00e9s egy halv\u00e1ny feh\u00e9rborsos jegy marad meg, mindezt az \u00edzes\u00edtett sapka \u00e1ltal biztos\u00edtott \u00f6sszet\u00e9veszthetetlen \u00e9dess\u00e9g teszi teljess\u00e9. Enyhe test\u0171 \u00e9s k\u00f6nnyen elsz\u00edvhat\u00f3, a Cuban Selection meglehet\u0151sen pihentet\u0151, kiel\u00e9g\u00edt\u0151 kever\u00e9k.<\/p>","protected":false},"featured_media":1436,"comment_status":"open","ping_status":"closed","template":"","meta":[],"product_brand":[429],"product_cat":[30],"product_tag":[],"class_list":{"0":"post-1437","1":"product","2":"type-product","3":"status-publish","4":"has-post-thumbnail","6":"product_brand-kristoff","7":"product_cat-cigars","8":"pa_binder-indonesia","9":"pa_color-colorado","10":"pa_filler-origin-dominican","11":"pa_filler-origin-nicaraguan","12":"pa_filler-type-longfiller","13":"pa_format-parejo","14":"pa_handmade-kezi-sodrasu","15":"pa_manufacturer-dominica","16":"pa_size-toro","17":"pa_strength-kozepes","18":"pa_wrapper-ecuadorian-connecticut-with-a-sweet-tip","20":"first","21":"instock","22":"purchasable","23":"product-type-simple"},"aioseo_notices":[],"_links":{"self":[{"href":"https:\/\/operatrafik.com\/hu\/wp-json\/wp\/v2\/product\/1437","targetHints":{"allow":["GET"]}}],"collection":[{"href":"https:\/\/operatrafik.com\/hu\/wp-json\/wp\/v2\/product"}],"about":[{"href":"https:\/\/operatrafik.com\/hu\/wp-json\/wp\/v2\/types\/product"}],"replies":[{"embeddable":true,"href":"https:\/\/operatrafik.com\/hu\/wp-json\/wp\/v2\/comments?post=1437"}],"wp:featuredmedia":[{"embeddable":true,"href":"https:\/\/operatrafik.com\/hu\/wp-json\/wp\/v2\/media\/1436"}],"wp:attachment":[{"href":"https:\/\/operatrafik.com\/hu\/wp-json\/wp\/v2\/media?parent=1437"}],"wp:term":[{"taxonomy":"product_brand","embeddable":true,"href":"https:\/\/operatrafik.com\/hu\/wp-json\/wp\/v2\/product_brand?post=1437"},{"taxonomy":"product_cat","embeddable":true,"href":"https:\/\/operatrafik.com\/hu\/wp-json\/wp\/v2\/product_cat?post=1437"},{"taxonomy":"product_tag","embeddable":true,"href":"https:\/\/operatrafik.com\/hu\/wp-json\/wp\/v2\/product_tag?post=1437"}],"curies":[{"name":"wp","href":"https:\/\/api.w.org\/{rel}","templated":true}]}}