{"id":1439,"date":"2025-08-14T08:28:07","date_gmt":"2025-08-14T08:28:07","guid":{"rendered":"https:\/\/operatrafik.com\/product\/kristoff-corojo-limitada-lancero\/"},"modified":"2025-08-18T07:16:08","modified_gmt":"2025-08-18T07:16:08","slug":"kristoff-corojo-limitada-lancero","status":"publish","type":"product","link":"https:\/\/operatrafik.com\/hu\/termek\/kristoff-corojo-limitada-lancero\/","title":{"rendered":"Kristoff Corojo Limitada Lancero"},"content":{"rendered":"<p>A Kristoff Corojo Limitada k\u00e9zzel k\u00e9sz\u00fcl a Dominikai K\u00f6zt\u00e1rsas\u00e1gban, dupla \u00e9s tripla ferment\u00e1lt kubai magvas doh\u00e1nyok felhaszn\u00e1l\u00e1s\u00e1val. A nicaraguai \u00e9s dominikai k\u00f6t\u0151- \u00e9s t\u00f6lt\u0151anyagokat csillog\u00f3 Corojo bor\u00edt\u00f3 bor\u00edtja, amelyek egy\u00fcttesen egy k\u00f6zepes \u00e9s telt test\u0171 f\u00fcst\u00f6t alkotnak, amely f\u0171szeres, szerecsendi\u00f3 \u00e9s di\u00f3 \u00edzeket k\u00edn\u00e1l.<\/p>","protected":false},"excerpt":{"rendered":"<p>A Kristoff Corojo Limitada k\u00e9zzel k\u00e9sz\u00fcl a Dominikai K\u00f6zt\u00e1rsas\u00e1gban, dupla \u00e9s tripla ferment\u00e1lt kubai magvas doh\u00e1nyok felhaszn\u00e1l\u00e1s\u00e1val. A nicaraguai \u00e9s dominikai k\u00f6t\u0151- \u00e9s t\u00f6lt\u0151anyagokat csillog\u00f3 Corojo bor\u00edt\u00f3 bor\u00edtja, amelyek egy\u00fcttesen egy k\u00f6zepes \u00e9s telt test\u0171 f\u00fcst\u00f6t alkotnak, amely f\u0171szeres, szerecsendi\u00f3 \u00e9s di\u00f3 \u00edzeket k\u00edn\u00e1l.<\/p>","protected":false},"featured_media":1438,"comment_status":"open","ping_status":"closed","template":"","meta":[],"product_brand":[429],"product_cat":[30],"product_tag":[],"class_list":{"0":"post-1439","1":"product","2":"type-product","3":"status-publish","4":"has-post-thumbnail","6":"product_brand-kristoff","7":"product_cat-cigars","8":"pa_binder-nicaraguan-habano","9":"pa_color-colorado-maduro","10":"pa_filler-origin-dominican-habano","11":"pa_filler-origin-nicaraguan-habano","12":"pa_filler-type-longfiller","13":"pa_format-parejo","14":"pa_handmade-kezi-sodrasu","15":"pa_manufacturer-dominica","16":"pa_size-lancero","17":"pa_strength-kozepes","18":"pa_wrapper-nicaraguan-corojo-habano","20":"first","21":"instock","22":"purchasable","23":"product-type-simple"},"aioseo_notices":[],"_links":{"self":[{"href":"https:\/\/operatrafik.com\/hu\/wp-json\/wp\/v2\/product\/1439","targetHints":{"allow":["GET"]}}],"collection":[{"href":"https:\/\/operatrafik.com\/hu\/wp-json\/wp\/v2\/product"}],"about":[{"href":"https:\/\/operatrafik.com\/hu\/wp-json\/wp\/v2\/types\/product"}],"replies":[{"embeddable":true,"href":"https:\/\/operatrafik.com\/hu\/wp-json\/wp\/v2\/comments?post=1439"}],"wp:featuredmedia":[{"embeddable":true,"href":"https:\/\/operatrafik.com\/hu\/wp-json\/wp\/v2\/media\/1438"}],"wp:attachment":[{"href":"https:\/\/operatrafik.com\/hu\/wp-json\/wp\/v2\/media?parent=1439"}],"wp:term":[{"taxonomy":"product_brand","embeddable":true,"href":"https:\/\/operatrafik.com\/hu\/wp-json\/wp\/v2\/product_brand?post=1439"},{"taxonomy":"product_cat","embeddable":true,"href":"https:\/\/operatrafik.com\/hu\/wp-json\/wp\/v2\/product_cat?post=1439"},{"taxonomy":"product_tag","embeddable":true,"href":"https:\/\/operatrafik.com\/hu\/wp-json\/wp\/v2\/product_tag?post=1439"}],"curies":[{"name":"wp","href":"https:\/\/api.w.org\/{rel}","templated":true}]}}