{"id":1447,"date":"2025-08-14T08:28:14","date_gmt":"2025-08-14T08:28:14","guid":{"rendered":"https:\/\/operatrafik.com\/product\/kristoff-connecticut-6x60\/"},"modified":"2025-08-18T07:16:07","modified_gmt":"2025-08-18T07:16:07","slug":"kristoff-connecticut-6x60","status":"publish","type":"product","link":"https:\/\/operatrafik.com\/hu\/termek\/kristoff-connecticut-6x60\/","title":{"rendered":"Kristoff Connecticut 6&#215;60"},"content":{"rendered":"<p>A Kristoff Connecticut 660 a hagyom\u00e1nyos copfos kupakj\u00e1t\u00f3l kezdve eg\u00e9szen a nubj\u00e1ig egy teljesen elb\u0171v\u00f6l\u0151 pr\u00e9mium szivar. A mandula, a van\u00edlia \u00e9s a c\u00e9drus l\u00e1gy test\u0171 jegyei lass\u00fa \u00e9g\u00e9s k\u00f6zben bontakoznak ki.<\/p>","protected":false},"excerpt":{"rendered":"<p>A Kristoff Connecticut 660 a hagyom\u00e1nyos copfos kupakj\u00e1t\u00f3l kezdve eg\u00e9szen a nubj\u00e1ig egy teljesen elb\u0171v\u00f6l\u0151 pr\u00e9mium szivar. A mandula, a van\u00edlia \u00e9s a c\u00e9drus l\u00e1gy test\u0171 jegyei lass\u00fa \u00e9g\u00e9s k\u00f6zben bontakoznak ki.<\/p>","protected":false},"featured_media":1446,"comment_status":"open","ping_status":"closed","template":"","meta":[],"product_brand":[429],"product_cat":[30],"product_tag":[],"class_list":{"0":"post-1447","1":"product","2":"type-product","3":"status-publish","4":"has-post-thumbnail","6":"product_brand-kristoff","7":"product_cat-cigars","8":"pa_binder-nicaraguan-habano-seed","9":"pa_color-colorado-claro","10":"pa_filler-origin-quad-dominican-habano-seed","11":"pa_filler-type-longfiller","12":"pa_format-parejo","13":"pa_handmade-kezi-sodrasu","14":"pa_manufacturer-dominica","15":"pa_size-double-toro","16":"pa_strength-gyenge-kozepes","17":"pa_wrapper-ecuador","19":"first","20":"instock","21":"purchasable","22":"product-type-simple"},"aioseo_notices":[],"_links":{"self":[{"href":"https:\/\/operatrafik.com\/hu\/wp-json\/wp\/v2\/product\/1447","targetHints":{"allow":["GET"]}}],"collection":[{"href":"https:\/\/operatrafik.com\/hu\/wp-json\/wp\/v2\/product"}],"about":[{"href":"https:\/\/operatrafik.com\/hu\/wp-json\/wp\/v2\/types\/product"}],"replies":[{"embeddable":true,"href":"https:\/\/operatrafik.com\/hu\/wp-json\/wp\/v2\/comments?post=1447"}],"wp:featuredmedia":[{"embeddable":true,"href":"https:\/\/operatrafik.com\/hu\/wp-json\/wp\/v2\/media\/1446"}],"wp:attachment":[{"href":"https:\/\/operatrafik.com\/hu\/wp-json\/wp\/v2\/media?parent=1447"}],"wp:term":[{"taxonomy":"product_brand","embeddable":true,"href":"https:\/\/operatrafik.com\/hu\/wp-json\/wp\/v2\/product_brand?post=1447"},{"taxonomy":"product_cat","embeddable":true,"href":"https:\/\/operatrafik.com\/hu\/wp-json\/wp\/v2\/product_cat?post=1447"},{"taxonomy":"product_tag","embeddable":true,"href":"https:\/\/operatrafik.com\/hu\/wp-json\/wp\/v2\/product_tag?post=1447"}],"curies":[{"name":"wp","href":"https:\/\/api.w.org\/{rel}","templated":true}]}}