{"id":1455,"date":"2025-08-14T08:28:22","date_gmt":"2025-08-14T08:28:22","guid":{"rendered":"https:\/\/operatrafik.com\/product\/jfr-maduro-super-toro\/"},"modified":"2025-09-01T12:25:40","modified_gmt":"2025-09-01T12:25:40","slug":"jfr-maduro-super-toro","status":"publish","type":"product","link":"https:\/\/operatrafik.com\/hu\/termek\/jfr-maduro-super-toro\/","title":{"rendered":"JFR Maduro Super Toro"},"content":{"rendered":"<p>Ezek a kiv\u00e1l\u00f3 f\u00fcst\u00f6lnival\u00f3k felhajtott talppal \u00e9s copfokkal k\u00e9sz\u00fclnek, hogy intenz\u00edv \u00edz\u00fckh\u00f6z ill\u0151, leny\u0171g\u00f6z\u0151 megjelen\u00e9st biztos\u00edtsanak. A JFR olyan \u00e9lm\u00e9nyt ny\u00fajt, ami norm\u00e1l esetben k\u00e9tszer annyiba ker\u00fclne, \u00edgy ez a szivar a legjobb \u00e1r-\u00e9rt\u00e9k ar\u00e1ny\u00fa a piacon.<\/p>","protected":false},"excerpt":{"rendered":"<p>Ezek a kiv\u00e1l\u00f3 f\u00fcst\u00f6lnival\u00f3k felhajtott talppal \u00e9s copfokkal k\u00e9sz\u00fclnek, hogy intenz\u00edv \u00edz\u00fckh\u00f6z ill\u0151, leny\u0171g\u00f6z\u0151 megjelen\u00e9st biztos\u00edtsanak. A JFR olyan \u00e9lm\u00e9nyt ny\u00fajt, ami norm\u00e1l esetben k\u00e9tszer annyiba ker\u00fclne, \u00edgy ez a szivar a legjobb \u00e1r-\u00e9rt\u00e9k ar\u00e1ny\u00fa a piacon.<\/p>","protected":false},"featured_media":1454,"comment_status":"open","ping_status":"closed","template":"","meta":[],"product_brand":[319],"product_cat":[30],"product_tag":[],"class_list":{"0":"post-1455","1":"product","2":"type-product","3":"status-publish","4":"has-post-thumbnail","6":"product_brand-aganorsa-leaf","7":"product_cat-cigars","8":"pa_binder-aganorsa","9":"pa_binder-nicaragua","10":"pa_color-maduro","11":"pa_filler-origin-aganorsa","12":"pa_filler-origin-nicaragua","13":"pa_filler-type-longfiller","14":"pa_format-parejo","15":"pa_handmade-kezi-sodrasu","16":"pa_manufacturer-nicaragua","17":"pa_size-toro","18":"pa_strength-kozepes-eros","19":"pa_wrapper-aganorsa-corojo","20":"pa_wrapper-nicaragua","22":"first","23":"instock","24":"purchasable","25":"product-type-simple"},"aioseo_notices":[],"_links":{"self":[{"href":"https:\/\/operatrafik.com\/hu\/wp-json\/wp\/v2\/product\/1455","targetHints":{"allow":["GET"]}}],"collection":[{"href":"https:\/\/operatrafik.com\/hu\/wp-json\/wp\/v2\/product"}],"about":[{"href":"https:\/\/operatrafik.com\/hu\/wp-json\/wp\/v2\/types\/product"}],"replies":[{"embeddable":true,"href":"https:\/\/operatrafik.com\/hu\/wp-json\/wp\/v2\/comments?post=1455"}],"wp:featuredmedia":[{"embeddable":true,"href":"https:\/\/operatrafik.com\/hu\/wp-json\/wp\/v2\/media\/1454"}],"wp:attachment":[{"href":"https:\/\/operatrafik.com\/hu\/wp-json\/wp\/v2\/media?parent=1455"}],"wp:term":[{"taxonomy":"product_brand","embeddable":true,"href":"https:\/\/operatrafik.com\/hu\/wp-json\/wp\/v2\/product_brand?post=1455"},{"taxonomy":"product_cat","embeddable":true,"href":"https:\/\/operatrafik.com\/hu\/wp-json\/wp\/v2\/product_cat?post=1455"},{"taxonomy":"product_tag","embeddable":true,"href":"https:\/\/operatrafik.com\/hu\/wp-json\/wp\/v2\/product_tag?post=1455"}],"curies":[{"name":"wp","href":"https:\/\/api.w.org\/{rel}","templated":true}]}}