{"id":1457,"date":"2025-08-14T08:28:24","date_gmt":"2025-08-14T08:28:24","guid":{"rendered":"https:\/\/operatrafik.com\/product\/jfr-lunatic-maduro-short-titan\/"},"modified":"2025-09-01T12:25:47","modified_gmt":"2025-09-01T12:25:47","slug":"jfr-lunatic-maduro-short-titan","status":"publish","type":"product","link":"https:\/\/operatrafik.com\/hu\/termek\/jfr-lunatic-maduro-short-titan\/","title":{"rendered":"JFR Lunatic Maduro Short Titan"},"content":{"rendered":"<p>Ez a zamatos, m\u00e9gis er\u0151teljes szivar az \u00edzek harmonikus sor\u00e1t k\u00edn\u00e1lja, bele\u00e9rtve a f\u0171szereket, a k\u00e1v\u00e9t \u00e9s a f\u00f6ldet.<\/p>","protected":false},"excerpt":{"rendered":"<p>Ez a zamatos, m\u00e9gis er\u0151teljes szivar az \u00edzek harmonikus sor\u00e1t k\u00edn\u00e1lja, bele\u00e9rtve a f\u0171szereket, a k\u00e1v\u00e9t \u00e9s a f\u00f6ldet.<\/p>","protected":false},"featured_media":1456,"comment_status":"open","ping_status":"closed","template":"","meta":[],"product_brand":[319],"product_cat":[30],"product_tag":[],"class_list":{"0":"post-1457","1":"product","2":"type-product","3":"status-publish","4":"has-post-thumbnail","6":"product_brand-aganorsa-leaf","7":"product_cat-cigars","8":"pa_binder-aganorsa","9":"pa_binder-nicaragua","10":"pa_color-maduro","11":"pa_filler-origin-aganorsa","12":"pa_filler-origin-nicaragua","13":"pa_filler-type-longfiller","14":"pa_format-parejo","15":"pa_handmade-kezi-sodrasu","16":"pa_manufacturer-nicaragua","17":"pa_size-gordito","18":"pa_strength-eros","19":"pa_wrapper-mexico","20":"pa_wrapper-san-andres-maduro","22":"first","23":"instock","24":"purchasable","25":"product-type-simple"},"aioseo_notices":[],"_links":{"self":[{"href":"https:\/\/operatrafik.com\/hu\/wp-json\/wp\/v2\/product\/1457","targetHints":{"allow":["GET"]}}],"collection":[{"href":"https:\/\/operatrafik.com\/hu\/wp-json\/wp\/v2\/product"}],"about":[{"href":"https:\/\/operatrafik.com\/hu\/wp-json\/wp\/v2\/types\/product"}],"replies":[{"embeddable":true,"href":"https:\/\/operatrafik.com\/hu\/wp-json\/wp\/v2\/comments?post=1457"}],"wp:featuredmedia":[{"embeddable":true,"href":"https:\/\/operatrafik.com\/hu\/wp-json\/wp\/v2\/media\/1456"}],"wp:attachment":[{"href":"https:\/\/operatrafik.com\/hu\/wp-json\/wp\/v2\/media?parent=1457"}],"wp:term":[{"taxonomy":"product_brand","embeddable":true,"href":"https:\/\/operatrafik.com\/hu\/wp-json\/wp\/v2\/product_brand?post=1457"},{"taxonomy":"product_cat","embeddable":true,"href":"https:\/\/operatrafik.com\/hu\/wp-json\/wp\/v2\/product_cat?post=1457"},{"taxonomy":"product_tag","embeddable":true,"href":"https:\/\/operatrafik.com\/hu\/wp-json\/wp\/v2\/product_tag?post=1457"}],"curies":[{"name":"wp","href":"https:\/\/api.w.org\/{rel}","templated":true}]}}