{"id":1459,"date":"2025-08-14T08:28:26","date_gmt":"2025-08-14T08:28:26","guid":{"rendered":"https:\/\/operatrafik.com\/product\/jfr-lunatic-loco-el-gran-loco\/"},"modified":"2025-09-01T12:25:53","modified_gmt":"2025-09-01T12:25:53","slug":"jfr-lunatic-loco-el-gran-loco","status":"publish","type":"product","link":"https:\/\/operatrafik.com\/hu\/termek\/jfr-lunatic-loco-el-gran-loco\/","title":{"rendered":"JFR Lunatic Loco El Gran Loco"},"content":{"rendered":"<p>A JFR Lunatic Loco egy teljes er\u0151ss\u00e9g\u0171 szivar, amelyet az Aganorsa Leaf k\u00e9zzel k\u00e9sz\u00edt Nicaragu\u00e1ban. Olajos, nicaraguai Shade Grown Corojo maduro bor\u00edt\u00f3ja nicaraguai k\u00f6t\u0151anyagot \u00e9s t\u00f6lt\u0151anyagot takar. Ez a nicaraguai puro mer\u00e9sz f\u0171szeres profillal rendelkezik, bors, f\u00f6ld \u00e9s c\u00e9drus jegyeivel.<\/p>","protected":false},"excerpt":{"rendered":"<p>A JFR Lunatic Loco egy teljes er\u0151ss\u00e9g\u0171 szivar, amelyet az Aganorsa Leaf k\u00e9zzel k\u00e9sz\u00edt Nicaragu\u00e1ban. Olajos, nicaraguai Shade Grown Corojo maduro bor\u00edt\u00f3ja nicaraguai k\u00f6t\u0151anyagot \u00e9s t\u00f6lt\u0151anyagot takar. Ez a nicaraguai puro mer\u00e9sz f\u0171szeres profillal rendelkezik, bors, f\u00f6ld \u00e9s c\u00e9drus jegyeivel.<\/p>","protected":false},"featured_media":1458,"comment_status":"open","ping_status":"closed","template":"","meta":[],"product_brand":[319],"product_cat":[30],"product_tag":[],"class_list":{"0":"post-1459","1":"product","2":"type-product","3":"status-publish","4":"has-post-thumbnail","6":"product_brand-aganorsa-leaf","7":"product_cat-cigars","8":"pa_binder-aganorsa-leaf-shade-grown","9":"pa_color-maduro","10":"pa_filler-origin-aganorsa","11":"pa_filler-origin-nicaragua","12":"pa_filler-type-aganorsa","13":"pa_filler-type-nicaragua","14":"pa_format-perfecto","15":"pa_handmade-eros","16":"pa_manufacturer-aganorsa-leaf","17":"pa_strength-eros","18":"pa_wrapper-nicaragua","20":"first","21":"instock","22":"purchasable","23":"product-type-simple"},"aioseo_notices":[],"_links":{"self":[{"href":"https:\/\/operatrafik.com\/hu\/wp-json\/wp\/v2\/product\/1459","targetHints":{"allow":["GET"]}}],"collection":[{"href":"https:\/\/operatrafik.com\/hu\/wp-json\/wp\/v2\/product"}],"about":[{"href":"https:\/\/operatrafik.com\/hu\/wp-json\/wp\/v2\/types\/product"}],"replies":[{"embeddable":true,"href":"https:\/\/operatrafik.com\/hu\/wp-json\/wp\/v2\/comments?post=1459"}],"wp:featuredmedia":[{"embeddable":true,"href":"https:\/\/operatrafik.com\/hu\/wp-json\/wp\/v2\/media\/1458"}],"wp:attachment":[{"href":"https:\/\/operatrafik.com\/hu\/wp-json\/wp\/v2\/media?parent=1459"}],"wp:term":[{"taxonomy":"product_brand","embeddable":true,"href":"https:\/\/operatrafik.com\/hu\/wp-json\/wp\/v2\/product_brand?post=1459"},{"taxonomy":"product_cat","embeddable":true,"href":"https:\/\/operatrafik.com\/hu\/wp-json\/wp\/v2\/product_cat?post=1459"},{"taxonomy":"product_tag","embeddable":true,"href":"https:\/\/operatrafik.com\/hu\/wp-json\/wp\/v2\/product_tag?post=1459"}],"curies":[{"name":"wp","href":"https:\/\/api.w.org\/{rel}","templated":true}]}}