{"id":1473,"date":"2025-08-14T08:28:38","date_gmt":"2025-08-14T08:28:38","guid":{"rendered":"https:\/\/operatrafik.com\/product\/island-jim-2-by-oscar-torpedo-corojo-jalapa\/"},"modified":"2025-09-01T12:27:42","modified_gmt":"2025-09-01T12:27:42","slug":"island-jim-2-by-oscar-torpedo-corojo-jalapa","status":"publish","type":"product","link":"https:\/\/operatrafik.com\/hu\/termek\/island-jim-2-by-oscar-torpedo-corojo-jalapa\/","title":{"rendered":"Island Jim #2 by Oscar Torpedo Corojo Jalapa"},"content":{"rendered":"<p>A robosztus megjelen\u00e9se ellen\u00e9re az Island Jim egy t\u00f6k\u00e9letesen sodort \u00e9s makul\u00e1tlanul befejezett szivar. Hatalmas mennyis\u00e9g\u0171 f\u00fcsttel, k\u00f6nny\u0171 huzattal \u00e9s t\u00f6k\u00e9letes \u00e9g\u00e9ssel rendelkezik. A f\u00f6ld \u00e9s di\u00f3f\u00e9l\u00e9k gazdag jegyeivel kezd\u0151dik, majd a szivar el\u0151rehaladt\u00e1val egyre \u00f6sszetettebb\u00e9 v\u00e1lik. A feh\u00e9r bors, a szerecsendi\u00f3 \u00e9s a fekete cseresznye finom jegyei a f\u00fcst folyam\u00e1n ker\u00fclnek bele. Er\u0151s, kr\u00e9mes doh\u00e1nyjegyek minden slukkban, amelyek \u00e9des, csokol\u00e1d\u00e9s befejez\u00e9ssel \u00e9s egy csipetnyi karamell\u00e1val z\u00e1rulnak.<\/p>","protected":false},"excerpt":{"rendered":"<p>A robosztus megjelen\u00e9se ellen\u00e9re az Island Jim egy t\u00f6k\u00e9letesen sodort \u00e9s makul\u00e1tlanul befejezett szivar. Hatalmas mennyis\u00e9g\u0171 f\u00fcsttel, k\u00f6nny\u0171 huzattal \u00e9s t\u00f6k\u00e9letes \u00e9g\u00e9ssel rendelkezik. A f\u00f6ld \u00e9s di\u00f3f\u00e9l\u00e9k gazdag jegyeivel kezd\u0151dik, majd a szivar el\u0151rehaladt\u00e1val egyre \u00f6sszetettebb\u00e9 v\u00e1lik. A feh\u00e9r bors, a szerecsendi\u00f3 \u00e9s a fekete cseresznye finom jegyei a f\u00fcst folyam\u00e1n ker\u00fclnek bele. Er\u0151s, kr\u00e9mes [&hellip;]<\/p>","protected":false},"featured_media":1472,"comment_status":"open","ping_status":"closed","template":"","meta":[],"product_brand":[435],"product_cat":[30],"product_tag":[],"class_list":{"0":"post-1473","1":"product","2":"type-product","3":"status-publish","4":"has-post-thumbnail","6":"product_brand-oscar-valladares","7":"product_cat-cigars","8":"pa_binder-honduras","9":"pa_color-colorado-maduro","10":"pa_filler-origin-honduras","11":"pa_filler-type-longfiller","12":"pa_format-torpedo","13":"pa_handmade-kezi-sodrasu","14":"pa_manufacturer-honduras","15":"pa_size-toro","16":"pa_strength-kozepes","17":"pa_wrapper-nicaraguan-jalapa","19":"first","20":"instock","21":"purchasable","22":"product-type-simple"},"aioseo_notices":[],"_links":{"self":[{"href":"https:\/\/operatrafik.com\/hu\/wp-json\/wp\/v2\/product\/1473","targetHints":{"allow":["GET"]}}],"collection":[{"href":"https:\/\/operatrafik.com\/hu\/wp-json\/wp\/v2\/product"}],"about":[{"href":"https:\/\/operatrafik.com\/hu\/wp-json\/wp\/v2\/types\/product"}],"replies":[{"embeddable":true,"href":"https:\/\/operatrafik.com\/hu\/wp-json\/wp\/v2\/comments?post=1473"}],"wp:featuredmedia":[{"embeddable":true,"href":"https:\/\/operatrafik.com\/hu\/wp-json\/wp\/v2\/media\/1472"}],"wp:attachment":[{"href":"https:\/\/operatrafik.com\/hu\/wp-json\/wp\/v2\/media?parent=1473"}],"wp:term":[{"taxonomy":"product_brand","embeddable":true,"href":"https:\/\/operatrafik.com\/hu\/wp-json\/wp\/v2\/product_brand?post=1473"},{"taxonomy":"product_cat","embeddable":true,"href":"https:\/\/operatrafik.com\/hu\/wp-json\/wp\/v2\/product_cat?post=1473"},{"taxonomy":"product_tag","embeddable":true,"href":"https:\/\/operatrafik.com\/hu\/wp-json\/wp\/v2\/product_tag?post=1473"}],"curies":[{"name":"wp","href":"https:\/\/api.w.org\/{rel}","templated":true}]}}