{"id":1662,"date":"2025-08-15T09:38:49","date_gmt":"2025-08-15T09:38:49","guid":{"rendered":"https:\/\/operatrafik.com\/product\/caldwell-blind-mans-bluff-maduro-robusto\/"},"modified":"2025-08-18T07:15:55","modified_gmt":"2025-08-18T07:15:55","slug":"caldwell-blind-mans-bluff-maduro-robusto","status":"publish","type":"product","link":"https:\/\/operatrafik.com\/hu\/termek\/caldwell-blind-mans-bluff-maduro-robusto\/","title":{"rendered":"Caldwell Blind Man&#8217;s Bluff Maduro Robusto"},"content":{"rendered":"<p>A Caldwell Blind Man&#8217;s Bluff Maduro Robusto egy k\u00f6zepes \u00e9s telt test\u0171 robusto, \u00e9s ez a m\u00e1sodik sorozatkiterjeszt\u00e9se az egyre n\u00e9pszer\u0171bb Blind Man&#8217;s Bluff term\u00e9kcsal\u00e1dnak. \u00cdnycsikland\u00f3, csokol\u00e1d\u00e9s USA Pennsylvania bor\u00edt\u00f3ja alig l\u00e1that\u00f3 erezettel rendelkezik, \u00e9s egy Sumatra k\u00f6t\u0151anyagot \u00e9s egy Dominikai K\u00f6zt\u00e1rsas\u00e1gi t\u00f6lt\u0151anyagot takar. Ez az er\u0151s, de nem nyomaszt\u00f3 kever\u00e9k f\u00e1s profil\u00fa, kifejezett borsos jegyekkel. A Caldwell Blind Man&#8217;s Bluff Maduro k\u00e9zzel k\u00e9sz\u00fcl a William Ventura gy\u00e1rban a Dominikai K\u00f6zt\u00e1rsas\u00e1gban.<\/p>","protected":false},"excerpt":{"rendered":"<p>A Caldwell Blind Man&#8217;s Bluff Maduro Robusto egy k\u00f6zepes \u00e9s telt test\u0171 robusto, \u00e9s ez a m\u00e1sodik sorozatkiterjeszt\u00e9se az egyre n\u00e9pszer\u0171bb Blind Man&#8217;s Bluff term\u00e9kcsal\u00e1dnak. \u00cdnycsikland\u00f3, csokol\u00e1d\u00e9s USA Pennsylvania bor\u00edt\u00f3ja alig l\u00e1that\u00f3 erezettel rendelkezik, \u00e9s egy Sumatra k\u00f6t\u0151anyagot \u00e9s egy Dominikai K\u00f6zt\u00e1rsas\u00e1gi t\u00f6lt\u0151anyagot takar. Ez az er\u0151s, de nem nyomaszt\u00f3 kever\u00e9k f\u00e1s profil\u00fa, kifejezett borsos [&hellip;]<\/p>","protected":false},"featured_media":1789,"comment_status":"open","ping_status":"closed","template":"","meta":[],"product_brand":[326],"product_cat":[30],"product_tag":[],"class_list":{"0":"post-1662","1":"product","2":"type-product","3":"status-publish","4":"has-post-thumbnail","6":"product_brand-caldwell","7":"product_cat-cigars","8":"pa_binder-sumatra","9":"pa_color-maduro","10":"pa_filler-origin-dominica","11":"pa_filler-type-longfiller","12":"pa_format-parejo","13":"pa_handmade-kezi-sodrasu","14":"pa_manufacturer-dominica","15":"pa_size-robusto","16":"pa_strength-kozepes","17":"pa_wrapper-pennsylvania-broadleaf-maduro-usa","19":"first","20":"instock","21":"purchasable","22":"product-type-simple"},"aioseo_notices":[],"_links":{"self":[{"href":"https:\/\/operatrafik.com\/hu\/wp-json\/wp\/v2\/product\/1662","targetHints":{"allow":["GET"]}}],"collection":[{"href":"https:\/\/operatrafik.com\/hu\/wp-json\/wp\/v2\/product"}],"about":[{"href":"https:\/\/operatrafik.com\/hu\/wp-json\/wp\/v2\/types\/product"}],"replies":[{"embeddable":true,"href":"https:\/\/operatrafik.com\/hu\/wp-json\/wp\/v2\/comments?post=1662"}],"wp:featuredmedia":[{"embeddable":true,"href":"https:\/\/operatrafik.com\/hu\/wp-json\/wp\/v2\/media\/1789"}],"wp:attachment":[{"href":"https:\/\/operatrafik.com\/hu\/wp-json\/wp\/v2\/media?parent=1662"}],"wp:term":[{"taxonomy":"product_brand","embeddable":true,"href":"https:\/\/operatrafik.com\/hu\/wp-json\/wp\/v2\/product_brand?post=1662"},{"taxonomy":"product_cat","embeddable":true,"href":"https:\/\/operatrafik.com\/hu\/wp-json\/wp\/v2\/product_cat?post=1662"},{"taxonomy":"product_tag","embeddable":true,"href":"https:\/\/operatrafik.com\/hu\/wp-json\/wp\/v2\/product_tag?post=1662"}],"curies":[{"name":"wp","href":"https:\/\/api.w.org\/{rel}","templated":true}]}}