{"id":1663,"date":"2025-08-15T09:38:49","date_gmt":"2025-08-15T09:38:49","guid":{"rendered":"https:\/\/operatrafik.com\/product\/caldwell-crafted-and-curated-girls-guns-gold-lancero\/"},"modified":"2025-08-18T07:15:55","modified_gmt":"2025-08-18T07:15:55","slug":"caldwell-crafted-and-curated-girls-guns-gold-lancero","status":"publish","type":"product","link":"https:\/\/operatrafik.com\/hu\/termek\/caldwell-crafted-and-curated-girls-guns-gold-lancero\/","title":{"rendered":"Caldwell Crafted and Curated Girls Guns Gold Lancero"},"content":{"rendered":"<p>A 2022-ben megjelen\u0151 Caldwell&#8217;s Crafted and Curated sorozat Robert Caldwell kreat\u00edv term\u00e9ke, egyedi kever\u00e9si \u00e9s m\u00e9retez\u00e9si k\u00eds\u00e9rleteket k\u00edn\u00e1lva az ig\u00e9nyes \u00ednyenceknek. N\u00e9h\u00e1ny Crafted and Curated szivar a megl\u00e9v\u0151 Caldwell kever\u00e9keket m\u00f3dos\u00edtja k\u00fcl\u00f6nb\u00f6z\u0151 \u00f6sszetev\u0151kkel vagy elj\u00e1r\u00e1ssal, m\u00edg m\u00e1sok teljesen egyedi kever\u00e9kek. Mindegyik azonban rendk\u00edv\u00fcl korl\u00e1tozott mennyis\u00e9gben k\u00e9sz\u00fcl, \u00e9s Robert szem\u00e9lyes \u00edzl\u00e9s\u00e9t \u00e9s m\u0171v\u00e9szet\u00e9t k\u00e9pviseli.<\/p>","protected":false},"excerpt":{"rendered":"<p>A 2022-ben megjelen\u0151 Caldwell&#8217;s Crafted and Curated sorozat Robert Caldwell kreat\u00edv term\u00e9ke, egyedi kever\u00e9si \u00e9s m\u00e9retez\u00e9si k\u00eds\u00e9rleteket k\u00edn\u00e1lva az ig\u00e9nyes \u00ednyenceknek. N\u00e9h\u00e1ny Crafted and Curated szivar a megl\u00e9v\u0151 Caldwell kever\u00e9keket m\u00f3dos\u00edtja k\u00fcl\u00f6nb\u00f6z\u0151 \u00f6sszetev\u0151kkel vagy elj\u00e1r\u00e1ssal, m\u00edg m\u00e1sok teljesen egyedi kever\u00e9kek. Mindegyik azonban rendk\u00edv\u00fcl korl\u00e1tozott mennyis\u00e9gben k\u00e9sz\u00fcl, \u00e9s Robert szem\u00e9lyes \u00edzl\u00e9s\u00e9t \u00e9s m\u0171v\u00e9szet\u00e9t k\u00e9pviseli.<\/p>","protected":false},"featured_media":1790,"comment_status":"open","ping_status":"closed","template":"","meta":[],"product_brand":[326],"product_cat":[30],"product_tag":[],"class_list":{"0":"post-1663","1":"product","2":"type-product","3":"status-publish","4":"has-post-thumbnail","6":"product_brand-caldwell","7":"product_cat-cigars","8":"pa_binder-undisclosed-sumatra","9":"pa_color-colorado-claro","10":"pa_filler-origin-dominican-republic-nicaragua","11":"pa_filler-type-longfiller","12":"pa_format-parejo","13":"pa_handmade-kezi-sodrasu","14":"pa_manufacturer-dominica","15":"pa_size-lancero","16":"pa_strength-gyenge-kozepes","17":"pa_wrapper-ecuadorian-connecticut","19":"first","20":"instock","21":"purchasable","22":"product-type-simple"},"aioseo_notices":[],"_links":{"self":[{"href":"https:\/\/operatrafik.com\/hu\/wp-json\/wp\/v2\/product\/1663","targetHints":{"allow":["GET"]}}],"collection":[{"href":"https:\/\/operatrafik.com\/hu\/wp-json\/wp\/v2\/product"}],"about":[{"href":"https:\/\/operatrafik.com\/hu\/wp-json\/wp\/v2\/types\/product"}],"replies":[{"embeddable":true,"href":"https:\/\/operatrafik.com\/hu\/wp-json\/wp\/v2\/comments?post=1663"}],"wp:featuredmedia":[{"embeddable":true,"href":"https:\/\/operatrafik.com\/hu\/wp-json\/wp\/v2\/media\/1790"}],"wp:attachment":[{"href":"https:\/\/operatrafik.com\/hu\/wp-json\/wp\/v2\/media?parent=1663"}],"wp:term":[{"taxonomy":"product_brand","embeddable":true,"href":"https:\/\/operatrafik.com\/hu\/wp-json\/wp\/v2\/product_brand?post=1663"},{"taxonomy":"product_cat","embeddable":true,"href":"https:\/\/operatrafik.com\/hu\/wp-json\/wp\/v2\/product_cat?post=1663"},{"taxonomy":"product_tag","embeddable":true,"href":"https:\/\/operatrafik.com\/hu\/wp-json\/wp\/v2\/product_tag?post=1663"}],"curies":[{"name":"wp","href":"https:\/\/api.w.org\/{rel}","templated":true}]}}