{"id":1665,"date":"2025-08-15T09:38:50","date_gmt":"2025-08-15T09:38:50","guid":{"rendered":"https:\/\/operatrafik.com\/product\/caldwell-eastern-standard-dark-connecticut-manzanita-half-corona\/"},"modified":"2025-08-18T07:15:55","modified_gmt":"2025-08-18T07:15:55","slug":"caldwell-eastern-standard-dark-connecticut-manzanita-half-corona","status":"publish","type":"product","link":"https:\/\/operatrafik.com\/hu\/termek\/caldwell-eastern-standard-dark-connecticut-manzanita-half-corona\/","title":{"rendered":"Caldwell Eastern Standard Dark Connecticut Manzanita Half Corona"},"content":{"rendered":"<p>K\u00f6zepes test\u0171 f\u00fcst, f\u00f6ld, di\u00f3 \u00e9s f\u0171szerek vil\u00e1gos jegyeivel. Aranysz\u00edn\u0171 ecuadori Connecticut bor\u00edt\u00f3ja dominikai k\u00f6t\u0151anyagot, valamint nicaraguai \u00e9s dominikai k\u00f6zt\u00e1rsas\u00e1gi t\u00f6ltel\u00e9kleveleket takar. A Caldwell Eastern Standard Manzanita k\u00e9zzel k\u00e9sz\u00fcl a William Ventura gy\u00e1rban a Dominikai K\u00f6zt\u00e1rsas\u00e1gban.<\/p>","protected":false},"excerpt":{"rendered":"<p>K\u00f6zepes test\u0171 f\u00fcst, f\u00f6ld, di\u00f3 \u00e9s f\u0171szerek vil\u00e1gos jegyeivel. Aranysz\u00edn\u0171 ecuadori Connecticut bor\u00edt\u00f3ja dominikai k\u00f6t\u0151anyagot, valamint nicaraguai \u00e9s dominikai k\u00f6zt\u00e1rsas\u00e1gi t\u00f6ltel\u00e9kleveleket takar. A Caldwell Eastern Standard Manzanita k\u00e9zzel k\u00e9sz\u00fcl a William Ventura gy\u00e1rban a Dominikai K\u00f6zt\u00e1rsas\u00e1gban.<\/p>","protected":false},"featured_media":1792,"comment_status":"open","ping_status":"closed","template":"","meta":[],"product_brand":[326],"product_cat":[30],"product_tag":[],"class_list":{"0":"post-1665","1":"product","2":"type-product","3":"status-publish","4":"has-post-thumbnail","6":"product_brand-caldwell","7":"product_cat-cigars","8":"pa_binder-indonesia","9":"pa_color-colorado-claro","10":"pa_filler-origin-dominica","11":"pa_filler-origin-nicaragua","12":"pa_filler-type-longfiller","13":"pa_format-parejo","14":"pa_handmade-kezi-sodrasu","15":"pa_manufacturer-dominica","16":"pa_size-half-corona","17":"pa_strength-kozepes","18":"pa_wrapper-aracon-hybrid-ecuador","20":"first","21":"instock","22":"purchasable","23":"product-type-simple"},"aioseo_notices":[],"_links":{"self":[{"href":"https:\/\/operatrafik.com\/hu\/wp-json\/wp\/v2\/product\/1665","targetHints":{"allow":["GET"]}}],"collection":[{"href":"https:\/\/operatrafik.com\/hu\/wp-json\/wp\/v2\/product"}],"about":[{"href":"https:\/\/operatrafik.com\/hu\/wp-json\/wp\/v2\/types\/product"}],"replies":[{"embeddable":true,"href":"https:\/\/operatrafik.com\/hu\/wp-json\/wp\/v2\/comments?post=1665"}],"wp:featuredmedia":[{"embeddable":true,"href":"https:\/\/operatrafik.com\/hu\/wp-json\/wp\/v2\/media\/1792"}],"wp:attachment":[{"href":"https:\/\/operatrafik.com\/hu\/wp-json\/wp\/v2\/media?parent=1665"}],"wp:term":[{"taxonomy":"product_brand","embeddable":true,"href":"https:\/\/operatrafik.com\/hu\/wp-json\/wp\/v2\/product_brand?post=1665"},{"taxonomy":"product_cat","embeddable":true,"href":"https:\/\/operatrafik.com\/hu\/wp-json\/wp\/v2\/product_cat?post=1665"},{"taxonomy":"product_tag","embeddable":true,"href":"https:\/\/operatrafik.com\/hu\/wp-json\/wp\/v2\/product_tag?post=1665"}],"curies":[{"name":"wp","href":"https:\/\/api.w.org\/{rel}","templated":true}]}}