{"id":1671,"date":"2025-08-15T09:38:50","date_gmt":"2025-08-15T09:38:50","guid":{"rendered":"https:\/\/operatrafik.com\/product\/caldwell-long-live-the-king-corojo-petit-double-wide-short-churchill\/"},"modified":"2025-08-18T07:15:56","modified_gmt":"2025-08-18T07:15:56","slug":"caldwell-long-live-the-king-corojo-petit-double-wide-short-churchill","status":"publish","type":"product","link":"https:\/\/operatrafik.com\/hu\/termek\/caldwell-long-live-the-king-corojo-petit-double-wide-short-churchill\/","title":{"rendered":"Caldwell Long Live The King Corojo Petit Double Wide Short Churchill"},"content":{"rendered":"<p>A Caldwell Long Live The King a j\u00f3l ismert The King is Dead vonal kiterjeszt\u00e9se. A Petit Double Wide Short Churchill egy er\u0151s toro, amely dominikai \u00e9s nicaraguai levelek pomp\u00e1s kever\u00e9k\u00e9t tartalmazza, amelyet dominikai Corojo k\u00f6t\u0151anyag tart \u00f6ssze, \u00e9s v\u00f6r\u00f6ses dominikai Corojo bor\u00edt\u00f3 koron\u00e1zza meg. Ez a robusztus kever\u00e9k gazdag f\u0171szeres \u00e9s \u00e9l\u00e9nk\u00edt\u0151 profillal rendelkezik, amelyet egy nyugtat\u00f3 \u00e9dess\u00e9ggel m\u00e9rs\u00e9kel. A Caldwell Long Live The King k\u00e9zzel k\u00e9sz\u00fcl a Dominikai K\u00f6zt\u00e1rsas\u00e1gban.<\/p>","protected":false},"excerpt":{"rendered":"<p>A Caldwell Long Live The King a j\u00f3l ismert The King is Dead vonal kiterjeszt\u00e9se. A Petit Double Wide Short Churchill egy er\u0151s toro, amely dominikai \u00e9s nicaraguai levelek pomp\u00e1s kever\u00e9k\u00e9t tartalmazza, amelyet dominikai Corojo k\u00f6t\u0151anyag tart \u00f6ssze, \u00e9s v\u00f6r\u00f6ses dominikai Corojo bor\u00edt\u00f3 koron\u00e1zza meg. Ez a robusztus kever\u00e9k gazdag f\u0171szeres \u00e9s \u00e9l\u00e9nk\u00edt\u0151 profillal rendelkezik, [&hellip;]<\/p>","protected":false},"featured_media":1798,"comment_status":"open","ping_status":"closed","template":"","meta":[],"product_brand":[326],"product_cat":[30],"product_tag":[],"class_list":{"0":"post-1671","1":"product","2":"type-product","3":"status-publish","4":"has-post-thumbnail","6":"product_brand-caldwell","7":"product_cat-cigars","8":"pa_binder-corojo","9":"pa_color-colorado","10":"pa_filler-origin-dominica","11":"pa_filler-origin-nicaragua","12":"pa_filler-origin-peru","13":"pa_filler-type-longfiller","14":"pa_format-parejo","15":"pa_handmade-kezi-sodrasu","16":"pa_manufacturer-dominica","17":"pa_size-toro","18":"pa_strength-eros","19":"pa_wrapper-corojo-dominican-republic","21":"first","22":"instock","23":"purchasable","24":"product-type-simple"},"aioseo_notices":[],"_links":{"self":[{"href":"https:\/\/operatrafik.com\/hu\/wp-json\/wp\/v2\/product\/1671","targetHints":{"allow":["GET"]}}],"collection":[{"href":"https:\/\/operatrafik.com\/hu\/wp-json\/wp\/v2\/product"}],"about":[{"href":"https:\/\/operatrafik.com\/hu\/wp-json\/wp\/v2\/types\/product"}],"replies":[{"embeddable":true,"href":"https:\/\/operatrafik.com\/hu\/wp-json\/wp\/v2\/comments?post=1671"}],"wp:featuredmedia":[{"embeddable":true,"href":"https:\/\/operatrafik.com\/hu\/wp-json\/wp\/v2\/media\/1798"}],"wp:attachment":[{"href":"https:\/\/operatrafik.com\/hu\/wp-json\/wp\/v2\/media?parent=1671"}],"wp:term":[{"taxonomy":"product_brand","embeddable":true,"href":"https:\/\/operatrafik.com\/hu\/wp-json\/wp\/v2\/product_brand?post=1671"},{"taxonomy":"product_cat","embeddable":true,"href":"https:\/\/operatrafik.com\/hu\/wp-json\/wp\/v2\/product_cat?post=1671"},{"taxonomy":"product_tag","embeddable":true,"href":"https:\/\/operatrafik.com\/hu\/wp-json\/wp\/v2\/product_tag?post=1671"}],"curies":[{"name":"wp","href":"https:\/\/api.w.org\/{rel}","templated":true}]}}