{"id":1682,"date":"2025-08-15T09:38:54","date_gmt":"2025-08-15T09:38:54","guid":{"rendered":"https:\/\/operatrafik.com\/product\/caldwell-long-live-the-king-mad-mofo-super-toro\/"},"modified":"2025-08-18T07:15:57","modified_gmt":"2025-08-18T07:15:57","slug":"caldwell-long-live-the-king-mad-mofo-super-toro","status":"publish","type":"product","link":"https:\/\/operatrafik.com\/hu\/termek\/caldwell-long-live-the-king-mad-mofo-super-toro\/","title":{"rendered":"Caldwell Long Live The King Mad Mofo Super Toro"},"content":{"rendered":"<p>A f\u0171szeres, mexik\u00f3i San Andres bor\u00edt\u00f3levellel fedett, indon\u00e9z k\u00f6t\u0151anyagot, valamint a Corojo &#8217;98 \u00e9s Pennsylvania dupla ligero t\u00f6lt\u0151anyagokat tartalmaz\u00f3 szivart enyh\u00e9n sz\u00f3lva is testesnek nevezhetn\u00e9nk. Rendk\u00edv\u00fcl gazdag, nyirkos \u00e9s s\u00f6t\u00e9t, minden egyes slukkban rengeteg tejcsokol\u00e1d\u00e9, fekete bors, t\u00f6lgy \u00e9s b\u0151r\u00f6s jegyek jelennek meg.<\/p>","protected":false},"excerpt":{"rendered":"<p>A f\u0171szeres, mexik\u00f3i San Andres bor\u00edt\u00f3levellel fedett, indon\u00e9z k\u00f6t\u0151anyagot, valamint a Corojo &#8217;98 \u00e9s Pennsylvania dupla ligero t\u00f6lt\u0151anyagokat tartalmaz\u00f3 szivart enyh\u00e9n sz\u00f3lva is testesnek nevezhetn\u00e9nk. Rendk\u00edv\u00fcl gazdag, nyirkos \u00e9s s\u00f6t\u00e9t, minden egyes slukkban rengeteg tejcsokol\u00e1d\u00e9, fekete bors, t\u00f6lgy \u00e9s b\u0151r\u00f6s jegyek jelennek meg.<\/p>","protected":false},"featured_media":1802,"comment_status":"open","ping_status":"closed","template":"","meta":[],"product_brand":[326],"product_cat":[30],"product_tag":[],"class_list":{"0":"post-1682","1":"product","2":"type-product","3":"status-publish","4":"has-post-thumbnail","6":"product_brand-caldwell","7":"product_cat-cigars","8":"pa_binder-indonesia","9":"pa_color-maduro","10":"pa_filler-origin-dominica","11":"pa_filler-origin-nicaragua","12":"pa_filler-origin-usa","13":"pa_filler-type-longfiller","14":"pa_format-parejo","15":"pa_handmade-kezi-sodrasu","16":"pa_manufacturer-dominica","17":"pa_size-toro","18":"pa_strength-kozepes-eros","19":"pa_wrapper-mexican-san-andres-maduro","21":"first","22":"instock","23":"purchasable","24":"product-type-simple"},"aioseo_notices":[],"_links":{"self":[{"href":"https:\/\/operatrafik.com\/hu\/wp-json\/wp\/v2\/product\/1682","targetHints":{"allow":["GET"]}}],"collection":[{"href":"https:\/\/operatrafik.com\/hu\/wp-json\/wp\/v2\/product"}],"about":[{"href":"https:\/\/operatrafik.com\/hu\/wp-json\/wp\/v2\/types\/product"}],"replies":[{"embeddable":true,"href":"https:\/\/operatrafik.com\/hu\/wp-json\/wp\/v2\/comments?post=1682"}],"wp:featuredmedia":[{"embeddable":true,"href":"https:\/\/operatrafik.com\/hu\/wp-json\/wp\/v2\/media\/1802"}],"wp:attachment":[{"href":"https:\/\/operatrafik.com\/hu\/wp-json\/wp\/v2\/media?parent=1682"}],"wp:term":[{"taxonomy":"product_brand","embeddable":true,"href":"https:\/\/operatrafik.com\/hu\/wp-json\/wp\/v2\/product_brand?post=1682"},{"taxonomy":"product_cat","embeddable":true,"href":"https:\/\/operatrafik.com\/hu\/wp-json\/wp\/v2\/product_cat?post=1682"},{"taxonomy":"product_tag","embeddable":true,"href":"https:\/\/operatrafik.com\/hu\/wp-json\/wp\/v2\/product_tag?post=1682"}],"curies":[{"name":"wp","href":"https:\/\/api.w.org\/{rel}","templated":true}]}}