{"id":1684,"date":"2025-08-15T09:38:54","date_gmt":"2025-08-15T09:38:54","guid":{"rendered":"https:\/\/operatrafik.com\/product\/caldwell-long-live-the-queen-queens-club\/"},"modified":"2025-08-18T07:15:57","modified_gmt":"2025-08-18T07:15:57","slug":"caldwell-long-live-the-queen-queens-club","status":"publish","type":"product","link":"https:\/\/operatrafik.com\/hu\/termek\/caldwell-long-live-the-queen-queens-club\/","title":{"rendered":"Caldwell Long Live the Queen Queen&#8217;s Club"},"content":{"rendered":"<p>F\u00e1s, borsos, \u00e9s tele van lend\u00fcletes \u00edzekkel.<\/p>","protected":false},"excerpt":{"rendered":"<p>F\u00e1s, borsos, \u00e9s tele van lend\u00fcletes \u00edzekkel.<\/p>","protected":false},"featured_media":1804,"comment_status":"open","ping_status":"closed","template":"","meta":[],"product_brand":[326],"product_cat":[30],"product_tag":[],"class_list":{"0":"post-1684","1":"product","2":"type-product","3":"status-publish","4":"has-post-thumbnail","6":"product_brand-caldwell","7":"product_cat-cigars","8":"pa_binder-sumatra","9":"pa_color-colorado","10":"pa_filler-origin-dominica","11":"pa_filler-origin-nicaragua","12":"pa_filler-type-longfiller","13":"pa_format-parejo","14":"pa_handmade-kezi-sodrasu","15":"pa_manufacturer-dominica","16":"pa_size-toro","17":"pa_strength-kozepes-eros","18":"pa_wrapper-cameroon","20":"first","21":"instock","22":"purchasable","23":"product-type-simple"},"aioseo_notices":[],"_links":{"self":[{"href":"https:\/\/operatrafik.com\/hu\/wp-json\/wp\/v2\/product\/1684","targetHints":{"allow":["GET"]}}],"collection":[{"href":"https:\/\/operatrafik.com\/hu\/wp-json\/wp\/v2\/product"}],"about":[{"href":"https:\/\/operatrafik.com\/hu\/wp-json\/wp\/v2\/types\/product"}],"replies":[{"embeddable":true,"href":"https:\/\/operatrafik.com\/hu\/wp-json\/wp\/v2\/comments?post=1684"}],"wp:featuredmedia":[{"embeddable":true,"href":"https:\/\/operatrafik.com\/hu\/wp-json\/wp\/v2\/media\/1804"}],"wp:attachment":[{"href":"https:\/\/operatrafik.com\/hu\/wp-json\/wp\/v2\/media?parent=1684"}],"wp:term":[{"taxonomy":"product_brand","embeddable":true,"href":"https:\/\/operatrafik.com\/hu\/wp-json\/wp\/v2\/product_brand?post=1684"},{"taxonomy":"product_cat","embeddable":true,"href":"https:\/\/operatrafik.com\/hu\/wp-json\/wp\/v2\/product_cat?post=1684"},{"taxonomy":"product_tag","embeddable":true,"href":"https:\/\/operatrafik.com\/hu\/wp-json\/wp\/v2\/product_tag?post=1684"}],"curies":[{"name":"wp","href":"https:\/\/api.w.org\/{rel}","templated":true}]}}