{"id":1686,"date":"2025-08-15T09:38:54","date_gmt":"2025-08-15T09:38:54","guid":{"rendered":"https:\/\/operatrafik.com\/product\/caldwell-the-king-is-dead-negrito-manzanita-half-corona\/"},"modified":"2025-08-18T07:15:57","modified_gmt":"2025-08-18T07:15:57","slug":"caldwell-the-king-is-dead-negrito-manzanita-half-corona","status":"publish","type":"product","link":"https:\/\/operatrafik.com\/hu\/termek\/caldwell-the-king-is-dead-negrito-manzanita-half-corona\/","title":{"rendered":"Caldwell The King is Dead Negrito Manzanita Half Corona"},"content":{"rendered":"<p>A Caldwell The King is Dead Manzanita \u00f6sszes doh\u00e1nya a Dominikai K\u00f6zt\u00e1rsas\u00e1gb\u00f3l sz\u00e1rmazik, \u00e9s hossz\u00fa \u00e9rlel\u00e9si id\u0151 \u00e1ll m\u00f6g\u00f6tt\u00fck. Az \u00edzletes Puro egy &#8220;diszn\u00f3farokkal&#8221; is el lett l\u00e1tva a fej\u00e9n\u00e9l, amelyet egyszer\u0171en le lehet pattintani, hogy a finom dominikai k\u00e9szen \u00e1lljon az \u00e9lvezetre. Meggy\u00fajt\u00e1sa ut\u00e1n azonnal vajas kr\u00e9mess\u00e9ggel csalogatja a f\u00fcst\u00f6t, amely vil\u00e1gos f\u00f6ld, c\u00e9drus \u00e9s di\u00f3 arom\u00e1kat, valamint finom \u00e9dess\u00e9get tartalmaz. Az eg\u00e9szet azt\u00e1n egy visszafogott borsos jegy d\u00edsz\u00edti, amely t\u00f6k\u00e9letesen illeszkedik az \u00edzvil\u00e1g \u00f6sszk\u00e9p\u00e9be.<\/p>","protected":false},"excerpt":{"rendered":"<p>A Caldwell The King is Dead Manzanita \u00f6sszes doh\u00e1nya a Dominikai K\u00f6zt\u00e1rsas\u00e1gb\u00f3l sz\u00e1rmazik, \u00e9s hossz\u00fa \u00e9rlel\u00e9si id\u0151 \u00e1ll m\u00f6g\u00f6tt\u00fck. Az \u00edzletes Puro egy &#8220;diszn\u00f3farokkal&#8221; is el lett l\u00e1tva a fej\u00e9n\u00e9l, amelyet egyszer\u0171en le lehet pattintani, hogy a finom dominikai k\u00e9szen \u00e1lljon az \u00e9lvezetre. Meggy\u00fajt\u00e1sa ut\u00e1n azonnal vajas kr\u00e9mess\u00e9ggel csalogatja a f\u00fcst\u00f6t, amely vil\u00e1gos f\u00f6ld, c\u00e9drus [&hellip;]<\/p>","protected":false},"featured_media":1806,"comment_status":"open","ping_status":"closed","template":"","meta":[],"product_brand":[326],"product_cat":[30],"product_tag":[],"class_list":{"0":"post-1686","1":"product","2":"type-product","3":"status-publish","4":"has-post-thumbnail","6":"product_brand-caldwell","7":"product_cat-cigars","8":"pa_binder-dominica","9":"pa_color-colorado-maduro","10":"pa_filler-origin-dominica","11":"pa_filler-type-longfiller","12":"pa_format-parejo","13":"pa_handmade-kezi-sodrasu","14":"pa_manufacturer-dominica","15":"pa_size-half-corona","16":"pa_strength-kozepes-eros","17":"pa_wrapper-negrito-dominican-republic","19":"first","20":"instock","21":"purchasable","22":"product-type-simple"},"aioseo_notices":[],"_links":{"self":[{"href":"https:\/\/operatrafik.com\/hu\/wp-json\/wp\/v2\/product\/1686","targetHints":{"allow":["GET"]}}],"collection":[{"href":"https:\/\/operatrafik.com\/hu\/wp-json\/wp\/v2\/product"}],"about":[{"href":"https:\/\/operatrafik.com\/hu\/wp-json\/wp\/v2\/types\/product"}],"replies":[{"embeddable":true,"href":"https:\/\/operatrafik.com\/hu\/wp-json\/wp\/v2\/comments?post=1686"}],"wp:featuredmedia":[{"embeddable":true,"href":"https:\/\/operatrafik.com\/hu\/wp-json\/wp\/v2\/media\/1806"}],"wp:attachment":[{"href":"https:\/\/operatrafik.com\/hu\/wp-json\/wp\/v2\/media?parent=1686"}],"wp:term":[{"taxonomy":"product_brand","embeddable":true,"href":"https:\/\/operatrafik.com\/hu\/wp-json\/wp\/v2\/product_brand?post=1686"},{"taxonomy":"product_cat","embeddable":true,"href":"https:\/\/operatrafik.com\/hu\/wp-json\/wp\/v2\/product_cat?post=1686"},{"taxonomy":"product_tag","embeddable":true,"href":"https:\/\/operatrafik.com\/hu\/wp-json\/wp\/v2\/product_tag?post=1686"}],"curies":[{"name":"wp","href":"https:\/\/api.w.org\/{rel}","templated":true}]}}