{"id":1687,"date":"2025-08-15T09:38:54","date_gmt":"2025-08-15T09:38:54","guid":{"rendered":"https:\/\/operatrafik.com\/product\/caldwell-the-king-is-dead-negrito-petit-corona\/"},"modified":"2025-08-18T07:15:57","modified_gmt":"2025-08-18T07:15:57","slug":"caldwell-the-king-is-dead-negrito-petit-corona","status":"publish","type":"product","link":"https:\/\/operatrafik.com\/hu\/termek\/caldwell-the-king-is-dead-negrito-petit-corona\/","title":{"rendered":"Caldwell The King is Dead Negrito Petit Corona"},"content":{"rendered":"<p>Ez a kiv\u00e1l\u00f3 pr\u00e9mium szivar gazdag, \u00f6sszetett, c\u00e9drus, f\u00f6ld, f\u0171szer \u00e9s \u00e9dess\u00e9g jegyeivel. Dominikai bor\u00edt\u00f3t tartalmaz a Corojo k\u00f6t\u0151anyag \u00e9s az \u00e9rlelt dominikai t\u00f6ltel\u00e9klevelek tetej\u00e9n. A Caldwell The King is Dead Toro k\u00e9zzel k\u00e9sz\u00fcl a Dominikai K\u00f6zt\u00e1rsas\u00e1gban.<\/p>","protected":false},"excerpt":{"rendered":"<p>Ez a kiv\u00e1l\u00f3 pr\u00e9mium szivar gazdag, \u00f6sszetett, c\u00e9drus, f\u00f6ld, f\u0171szer \u00e9s \u00e9dess\u00e9g jegyeivel. Dominikai bor\u00edt\u00f3t tartalmaz a Corojo k\u00f6t\u0151anyag \u00e9s az \u00e9rlelt dominikai t\u00f6ltel\u00e9klevelek tetej\u00e9n. A Caldwell The King is Dead Toro k\u00e9zzel k\u00e9sz\u00fcl a Dominikai K\u00f6zt\u00e1rsas\u00e1gban.<\/p>","protected":false},"featured_media":1807,"comment_status":"open","ping_status":"closed","template":"","meta":[],"product_brand":[326],"product_cat":[30],"product_tag":[],"class_list":{"0":"post-1687","1":"product","2":"type-product","3":"status-publish","4":"has-post-thumbnail","6":"product_brand-caldwell","7":"product_cat-cigars","8":"pa_binder-dominica","9":"pa_color-colorado-maduro","10":"pa_filler-origin-dominica","11":"pa_filler-type-longfiller","12":"pa_format-parejo","13":"pa_handmade-kezi-sodrasu","14":"pa_manufacturer-dominica","15":"pa_size-petit-corona","16":"pa_strength-eros","17":"pa_wrapper-negrito-dominican-republic","19":"first","20":"instock","21":"purchasable","22":"product-type-simple"},"aioseo_notices":[],"_links":{"self":[{"href":"https:\/\/operatrafik.com\/hu\/wp-json\/wp\/v2\/product\/1687","targetHints":{"allow":["GET"]}}],"collection":[{"href":"https:\/\/operatrafik.com\/hu\/wp-json\/wp\/v2\/product"}],"about":[{"href":"https:\/\/operatrafik.com\/hu\/wp-json\/wp\/v2\/types\/product"}],"replies":[{"embeddable":true,"href":"https:\/\/operatrafik.com\/hu\/wp-json\/wp\/v2\/comments?post=1687"}],"wp:featuredmedia":[{"embeddable":true,"href":"https:\/\/operatrafik.com\/hu\/wp-json\/wp\/v2\/media\/1807"}],"wp:attachment":[{"href":"https:\/\/operatrafik.com\/hu\/wp-json\/wp\/v2\/media?parent=1687"}],"wp:term":[{"taxonomy":"product_brand","embeddable":true,"href":"https:\/\/operatrafik.com\/hu\/wp-json\/wp\/v2\/product_brand?post=1687"},{"taxonomy":"product_cat","embeddable":true,"href":"https:\/\/operatrafik.com\/hu\/wp-json\/wp\/v2\/product_cat?post=1687"},{"taxonomy":"product_tag","embeddable":true,"href":"https:\/\/operatrafik.com\/hu\/wp-json\/wp\/v2\/product_tag?post=1687"}],"curies":[{"name":"wp","href":"https:\/\/api.w.org\/{rel}","templated":true}]}}