{"id":1691,"date":"2025-08-15T09:38:54","date_gmt":"2025-08-15T09:38:54","guid":{"rendered":"https:\/\/operatrafik.com\/product\/casa-magna-colorado-belicoso\/"},"modified":"2025-08-18T07:15:58","modified_gmt":"2025-08-18T07:15:58","slug":"casa-magna-colorado-belicoso","status":"publish","type":"product","link":"https:\/\/operatrafik.com\/hu\/termek\/casa-magna-colorado-belicoso\/","title":{"rendered":"Casa Magna Colorado Belicoso"},"content":{"rendered":"<p>A Casa Magna Colorado Robusto term\u00e9szetes doh\u00e1ny, f\u00f6ld, di\u00f3, c\u00e9drus, fekete bors jegyeivel indul.<br \/>\nAz els\u0151 harmad k\u00f6zep\u00e9n n\u00e9mi k\u00e1v\u00e9s jegyek jelentek meg. Ek\u00f6zben a retro-hale-ben egy tov\u00e1bbi r\u00e9teg fekete bors jelent meg.<\/p>","protected":false},"excerpt":{"rendered":"<p>A Casa Magna Colorado Robusto term\u00e9szetes doh\u00e1ny, f\u00f6ld, di\u00f3, c\u00e9drus, fekete bors jegyeivel indul. Az els\u0151 harmad k\u00f6zep\u00e9n n\u00e9mi k\u00e1v\u00e9s jegyek jelentek meg. Ek\u00f6zben a retro-hale-ben egy tov\u00e1bbi r\u00e9teg fekete bors jelent meg.<\/p>","protected":false},"featured_media":1811,"comment_status":"open","ping_status":"closed","template":"","meta":[],"product_brand":[349],"product_cat":[30],"product_tag":[],"class_list":{"0":"post-1691","1":"product","2":"type-product","3":"status-publish","4":"has-post-thumbnail","6":"product_brand-casa-magna","7":"product_cat-cigars","8":"pa_binder-nicaragua","9":"pa_color-colorado-maduro","10":"pa_filler-origin-nicaragua","11":"pa_filler-type-longfiller","12":"pa_format-belicoso","13":"pa_handmade-kezi-sodrasu","14":"pa_manufacturer-nicaragua","15":"pa_size-toro","16":"pa_strength-eros","17":"pa_wrapper-jalapa","18":"pa_wrapper-nicaraguan-cuban-seed","19":"pa_wrapper-shade-grown","21":"first","22":"instock","23":"purchasable","24":"product-type-simple"},"aioseo_notices":[],"_links":{"self":[{"href":"https:\/\/operatrafik.com\/hu\/wp-json\/wp\/v2\/product\/1691","targetHints":{"allow":["GET"]}}],"collection":[{"href":"https:\/\/operatrafik.com\/hu\/wp-json\/wp\/v2\/product"}],"about":[{"href":"https:\/\/operatrafik.com\/hu\/wp-json\/wp\/v2\/types\/product"}],"replies":[{"embeddable":true,"href":"https:\/\/operatrafik.com\/hu\/wp-json\/wp\/v2\/comments?post=1691"}],"wp:featuredmedia":[{"embeddable":true,"href":"https:\/\/operatrafik.com\/hu\/wp-json\/wp\/v2\/media\/1811"}],"wp:attachment":[{"href":"https:\/\/operatrafik.com\/hu\/wp-json\/wp\/v2\/media?parent=1691"}],"wp:term":[{"taxonomy":"product_brand","embeddable":true,"href":"https:\/\/operatrafik.com\/hu\/wp-json\/wp\/v2\/product_brand?post=1691"},{"taxonomy":"product_cat","embeddable":true,"href":"https:\/\/operatrafik.com\/hu\/wp-json\/wp\/v2\/product_cat?post=1691"},{"taxonomy":"product_tag","embeddable":true,"href":"https:\/\/operatrafik.com\/hu\/wp-json\/wp\/v2\/product_tag?post=1691"}],"curies":[{"name":"wp","href":"https:\/\/api.w.org\/{rel}","templated":true}]}}