{"id":1692,"date":"2025-08-15T09:38:54","date_gmt":"2025-08-15T09:38:54","guid":{"rendered":"https:\/\/operatrafik.com\/product\/casa-magna-colorado-churchill\/"},"modified":"2025-08-18T07:15:58","modified_gmt":"2025-08-18T07:15:58","slug":"casa-magna-colorado-churchill","status":"publish","type":"product","link":"https:\/\/operatrafik.com\/hu\/termek\/casa-magna-colorado-churchill\/","title":{"rendered":"Casa Magna Colorado Churchill"},"content":{"rendered":"<p>A Casa Magna Colorado Churchill teljes eg\u00e9sz\u00e9ben nicaraguai doh\u00e1nyt tartalmaz. Nagyon f\u00f6ldes \u00edzprofillal rendelkezik, amely a szivar fogyaszt\u00e1sa folyam\u00e1n v\u00e1ltozik, a kr\u00e9mess\u00e9g, a mandulavaj, az \u00e9des cseresznye, a karamell, a meleg f\u0171szerek, a c\u00e9drus \u00e9s a b\u0151r\u00f6s jegyek kiemel\u00e9sei mind csatlakoznak a f\u00f6ldes profilhoz. Ez a Casa Magna sok \u00e1rnyalt \u00edzjegyet tartalmaz, \u00e9s figyelni kell a doh\u00e1nyz\u00e1s k\u00f6zben, hogy mindet meg\u00edzlelj\u00fck.<\/p>","protected":false},"excerpt":{"rendered":"<p>A Casa Magna Colorado Churchill teljes eg\u00e9sz\u00e9ben nicaraguai doh\u00e1nyt tartalmaz. Nagyon f\u00f6ldes \u00edzprofillal rendelkezik, amely a szivar fogyaszt\u00e1sa folyam\u00e1n v\u00e1ltozik, a kr\u00e9mess\u00e9g, a mandulavaj, az \u00e9des cseresznye, a karamell, a meleg f\u0171szerek, a c\u00e9drus \u00e9s a b\u0151r\u00f6s jegyek kiemel\u00e9sei mind csatlakoznak a f\u00f6ldes profilhoz. Ez a Casa Magna sok \u00e1rnyalt \u00edzjegyet tartalmaz, \u00e9s figyelni kell [&hellip;]<\/p>","protected":false},"featured_media":1812,"comment_status":"open","ping_status":"closed","template":"","meta":[],"product_brand":[349],"product_cat":[30],"product_tag":[],"class_list":{"0":"post-1692","1":"product","2":"type-product","3":"status-publish","4":"has-post-thumbnail","6":"product_brand-casa-magna","7":"product_cat-cigars","8":"pa_binder-nicaragua","9":"pa_color-colorado-maduro","10":"pa_filler-origin-nicaragua","11":"pa_filler-type-longfiller","12":"pa_format-parejo","13":"pa_handmade-kezi-sodrasu","14":"pa_manufacturer-nicaragua","15":"pa_size-churchill","16":"pa_strength-eros","17":"pa_wrapper-jalapa","18":"pa_wrapper-nicaraguan-cuban-seed","19":"pa_wrapper-shade-grown","21":"first","22":"instock","23":"purchasable","24":"product-type-simple"},"aioseo_notices":[],"_links":{"self":[{"href":"https:\/\/operatrafik.com\/hu\/wp-json\/wp\/v2\/product\/1692","targetHints":{"allow":["GET"]}}],"collection":[{"href":"https:\/\/operatrafik.com\/hu\/wp-json\/wp\/v2\/product"}],"about":[{"href":"https:\/\/operatrafik.com\/hu\/wp-json\/wp\/v2\/types\/product"}],"replies":[{"embeddable":true,"href":"https:\/\/operatrafik.com\/hu\/wp-json\/wp\/v2\/comments?post=1692"}],"wp:featuredmedia":[{"embeddable":true,"href":"https:\/\/operatrafik.com\/hu\/wp-json\/wp\/v2\/media\/1812"}],"wp:attachment":[{"href":"https:\/\/operatrafik.com\/hu\/wp-json\/wp\/v2\/media?parent=1692"}],"wp:term":[{"taxonomy":"product_brand","embeddable":true,"href":"https:\/\/operatrafik.com\/hu\/wp-json\/wp\/v2\/product_brand?post=1692"},{"taxonomy":"product_cat","embeddable":true,"href":"https:\/\/operatrafik.com\/hu\/wp-json\/wp\/v2\/product_cat?post=1692"},{"taxonomy":"product_tag","embeddable":true,"href":"https:\/\/operatrafik.com\/hu\/wp-json\/wp\/v2\/product_tag?post=1692"}],"curies":[{"name":"wp","href":"https:\/\/api.w.org\/{rel}","templated":true}]}}