{"id":1698,"date":"2025-08-15T09:38:55","date_gmt":"2025-08-15T09:38:55","guid":{"rendered":"https:\/\/operatrafik.com\/product\/casa-magna-colorado-torito\/"},"modified":"2025-08-18T07:15:58","modified_gmt":"2025-08-18T07:15:58","slug":"casa-magna-colorado-torito","status":"publish","type":"product","link":"https:\/\/operatrafik.com\/hu\/termek\/casa-magna-colorado-torito\/","title":{"rendered":"Casa Magna Colorado Torito"},"content":{"rendered":"<p>Az ebben a kever\u00e9kben haszn\u00e1lt k\u00e9t nicaraguai lev\u00e9l egy\u00fcttesen egy telt \u00edz\u0171 szivart eredm\u00e9nyez, amely tele van gazdag k\u00e1v\u00e9s jegyekkel, \u00e9s amelyet egy c\u00e9drusos \u00e9dess\u00e9ggel \u00e9s egy csipetnyi mazsol\u00e1val egyens\u00falyoz ki. A m\u00e1rkan\u00e9vben szerepl\u0151 &#8220;Colorado&#8221; sz\u00f3 a bor\u00edt\u00f3 s\u00f6t\u00e9t, enyh\u00e9n v\u00f6r\u00f6ses \u00e1rnyalat\u00e1ra utal.<\/p>","protected":false},"excerpt":{"rendered":"<p>Az ebben a kever\u00e9kben haszn\u00e1lt k\u00e9t nicaraguai lev\u00e9l egy\u00fcttesen egy telt \u00edz\u0171 szivart eredm\u00e9nyez, amely tele van gazdag k\u00e1v\u00e9s jegyekkel, \u00e9s amelyet egy c\u00e9drusos \u00e9dess\u00e9ggel \u00e9s egy csipetnyi mazsol\u00e1val egyens\u00falyoz ki. A m\u00e1rkan\u00e9vben szerepl\u0151 &#8220;Colorado&#8221; sz\u00f3 a bor\u00edt\u00f3 s\u00f6t\u00e9t, enyh\u00e9n v\u00f6r\u00f6ses \u00e1rnyalat\u00e1ra utal.<\/p>","protected":false},"featured_media":1818,"comment_status":"open","ping_status":"closed","template":"","meta":[],"product_brand":[349],"product_cat":[30],"product_tag":[],"class_list":{"0":"post-1698","1":"product","2":"type-product","3":"status-publish","4":"has-post-thumbnail","6":"product_brand-casa-magna","7":"product_cat-cigars","8":"pa_binder-nicaragua","9":"pa_color-colorado-maduro","10":"pa_filler-origin-nicaragua","11":"pa_filler-type-longfiller","12":"pa_format-parejo","13":"pa_handmade-kezi-sodrasu","14":"pa_manufacturer-nicaragua","15":"pa_size-gordito","16":"pa_strength-eros","17":"pa_wrapper-jalapa","18":"pa_wrapper-nicaraguan-cuban-seed","19":"pa_wrapper-shade-grown","21":"first","22":"instock","23":"purchasable","24":"product-type-simple"},"aioseo_notices":[],"_links":{"self":[{"href":"https:\/\/operatrafik.com\/hu\/wp-json\/wp\/v2\/product\/1698","targetHints":{"allow":["GET"]}}],"collection":[{"href":"https:\/\/operatrafik.com\/hu\/wp-json\/wp\/v2\/product"}],"about":[{"href":"https:\/\/operatrafik.com\/hu\/wp-json\/wp\/v2\/types\/product"}],"replies":[{"embeddable":true,"href":"https:\/\/operatrafik.com\/hu\/wp-json\/wp\/v2\/comments?post=1698"}],"wp:featuredmedia":[{"embeddable":true,"href":"https:\/\/operatrafik.com\/hu\/wp-json\/wp\/v2\/media\/1818"}],"wp:attachment":[{"href":"https:\/\/operatrafik.com\/hu\/wp-json\/wp\/v2\/media?parent=1698"}],"wp:term":[{"taxonomy":"product_brand","embeddable":true,"href":"https:\/\/operatrafik.com\/hu\/wp-json\/wp\/v2\/product_brand?post=1698"},{"taxonomy":"product_cat","embeddable":true,"href":"https:\/\/operatrafik.com\/hu\/wp-json\/wp\/v2\/product_cat?post=1698"},{"taxonomy":"product_tag","embeddable":true,"href":"https:\/\/operatrafik.com\/hu\/wp-json\/wp\/v2\/product_tag?post=1698"}],"curies":[{"name":"wp","href":"https:\/\/api.w.org\/{rel}","templated":true}]}}