{"id":1700,"date":"2025-08-15T09:38:55","date_gmt":"2025-08-15T09:38:55","guid":{"rendered":"https:\/\/operatrafik.com\/product\/casa-magna-connecticut-robusto\/"},"modified":"2025-08-18T07:15:58","modified_gmt":"2025-08-18T07:15:58","slug":"casa-magna-connecticut-robusto","status":"publish","type":"product","link":"https:\/\/operatrafik.com\/hu\/termek\/casa-magna-connecticut-robusto\/","title":{"rendered":"Casa Magna Connecticut Robusto"},"content":{"rendered":"<p>\u00cdzletes, teljes erej\u0171 szivar, kr\u00e9mes \u00e9s f\u0171szeres jegyekkel, f\u00f6ld \u00e9s k\u00e1v\u00e9 jegyekkel. Sima, vil\u00e1gosbarna ecuadori Connecticut Shade bor\u00edt\u00f3ja nicaraguai k\u00f6t\u0151anyagot \u00e9s t\u00f6lt\u0151anyagot takar. Ez a kontrasztos kever\u00e9k olyan intenz\u00edv doh\u00e1nyz\u00e1si \u00e9lm\u00e9nyt ny\u00fajt, amely a halad\u00f3 \u00e9s a kezd\u0151 doh\u00e1nyosok sz\u00e1m\u00e1ra is \u00e9lvezetes.<\/p>","protected":false},"excerpt":{"rendered":"<p>\u00cdzletes, teljes erej\u0171 szivar, kr\u00e9mes \u00e9s f\u0171szeres jegyekkel, f\u00f6ld \u00e9s k\u00e1v\u00e9 jegyekkel. Sima, vil\u00e1gosbarna ecuadori Connecticut Shade bor\u00edt\u00f3ja nicaraguai k\u00f6t\u0151anyagot \u00e9s t\u00f6lt\u0151anyagot takar. Ez a kontrasztos kever\u00e9k olyan intenz\u00edv doh\u00e1nyz\u00e1si \u00e9lm\u00e9nyt ny\u00fajt, amely a halad\u00f3 \u00e9s a kezd\u0151 doh\u00e1nyosok sz\u00e1m\u00e1ra is \u00e9lvezetes.<\/p>","protected":false},"featured_media":1820,"comment_status":"open","ping_status":"closed","template":"","meta":[],"product_brand":[349],"product_cat":[30],"product_tag":[],"class_list":{"0":"post-1700","1":"product","2":"type-product","3":"status-publish","4":"has-post-thumbnail","6":"product_brand-casa-magna","7":"product_cat-cigars","8":"pa_binder-nicaragua","9":"pa_color-claro","10":"pa_filler-origin-nicaragua","11":"pa_filler-type-longfiller","12":"pa_format-parejo","13":"pa_handmade-kezi-sodrasu","14":"pa_manufacturer-dominica","15":"pa_size-robusto","16":"pa_strength-eros","17":"pa_wrapper-ecuadorian-connecticut-shade","19":"first","20":"instock","21":"purchasable","22":"product-type-simple"},"aioseo_notices":[],"_links":{"self":[{"href":"https:\/\/operatrafik.com\/hu\/wp-json\/wp\/v2\/product\/1700","targetHints":{"allow":["GET"]}}],"collection":[{"href":"https:\/\/operatrafik.com\/hu\/wp-json\/wp\/v2\/product"}],"about":[{"href":"https:\/\/operatrafik.com\/hu\/wp-json\/wp\/v2\/types\/product"}],"replies":[{"embeddable":true,"href":"https:\/\/operatrafik.com\/hu\/wp-json\/wp\/v2\/comments?post=1700"}],"wp:featuredmedia":[{"embeddable":true,"href":"https:\/\/operatrafik.com\/hu\/wp-json\/wp\/v2\/media\/1820"}],"wp:attachment":[{"href":"https:\/\/operatrafik.com\/hu\/wp-json\/wp\/v2\/media?parent=1700"}],"wp:term":[{"taxonomy":"product_brand","embeddable":true,"href":"https:\/\/operatrafik.com\/hu\/wp-json\/wp\/v2\/product_brand?post=1700"},{"taxonomy":"product_cat","embeddable":true,"href":"https:\/\/operatrafik.com\/hu\/wp-json\/wp\/v2\/product_cat?post=1700"},{"taxonomy":"product_tag","embeddable":true,"href":"https:\/\/operatrafik.com\/hu\/wp-json\/wp\/v2\/product_tag?post=1700"}],"curies":[{"name":"wp","href":"https:\/\/api.w.org\/{rel}","templated":true}]}}