{"id":1702,"date":"2025-08-15T09:38:55","date_gmt":"2025-08-15T09:38:55","guid":{"rendered":"https:\/\/operatrafik.com\/product\/casa-magna-liga-f-robusto\/"},"modified":"2025-08-18T07:15:59","modified_gmt":"2025-08-18T07:15:59","slug":"casa-magna-liga-f-robusto","status":"publish","type":"product","link":"https:\/\/operatrafik.com\/hu\/termek\/casa-magna-liga-f-robusto\/","title":{"rendered":"Casa Magna Liga F Robusto"},"content":{"rendered":"<p>\u00c9des, testes f\u00fcst, elk\u00e9peszt\u0151 komplexit\u00e1ssal \u00e9s feh\u00e9r bors, fah\u00e9j, f\u00f6ld, eszpressz\u00f3 \u00e9s egy leheletnyi csokol\u00e1d\u00e9 gazdag, cs\u00e1b\u00edt\u00f3 \u00edz\u00e9vel.<\/p>","protected":false},"excerpt":{"rendered":"<p>\u00c9des, testes f\u00fcst, elk\u00e9peszt\u0151 komplexit\u00e1ssal \u00e9s feh\u00e9r bors, fah\u00e9j, f\u00f6ld, eszpressz\u00f3 \u00e9s egy leheletnyi csokol\u00e1d\u00e9 gazdag, cs\u00e1b\u00edt\u00f3 \u00edz\u00e9vel.<\/p>","protected":false},"featured_media":1822,"comment_status":"open","ping_status":"closed","template":"","meta":[],"product_brand":[349],"product_cat":[30],"product_tag":[],"class_list":{"0":"post-1702","1":"product","2":"type-product","3":"status-publish","4":"has-post-thumbnail","6":"product_brand-casa-magna","7":"product_cat-cigars","8":"pa_binder-dominica","9":"pa_color-colorado-maduro","10":"pa_filler-origin-dominica","11":"pa_filler-origin-nicaragua","12":"pa_filler-type-longfiller","13":"pa_format-parejo","14":"pa_handmade-kezi-sodrasu","15":"pa_manufacturer-dominica","16":"pa_size-robusto","17":"pa_strength-eros","18":"pa_wrapper-ecuadorian-sun-grown-corojo","20":"first","21":"instock","22":"purchasable","23":"product-type-simple"},"aioseo_notices":[],"_links":{"self":[{"href":"https:\/\/operatrafik.com\/hu\/wp-json\/wp\/v2\/product\/1702","targetHints":{"allow":["GET"]}}],"collection":[{"href":"https:\/\/operatrafik.com\/hu\/wp-json\/wp\/v2\/product"}],"about":[{"href":"https:\/\/operatrafik.com\/hu\/wp-json\/wp\/v2\/types\/product"}],"replies":[{"embeddable":true,"href":"https:\/\/operatrafik.com\/hu\/wp-json\/wp\/v2\/comments?post=1702"}],"wp:featuredmedia":[{"embeddable":true,"href":"https:\/\/operatrafik.com\/hu\/wp-json\/wp\/v2\/media\/1822"}],"wp:attachment":[{"href":"https:\/\/operatrafik.com\/hu\/wp-json\/wp\/v2\/media?parent=1702"}],"wp:term":[{"taxonomy":"product_brand","embeddable":true,"href":"https:\/\/operatrafik.com\/hu\/wp-json\/wp\/v2\/product_brand?post=1702"},{"taxonomy":"product_cat","embeddable":true,"href":"https:\/\/operatrafik.com\/hu\/wp-json\/wp\/v2\/product_cat?post=1702"},{"taxonomy":"product_tag","embeddable":true,"href":"https:\/\/operatrafik.com\/hu\/wp-json\/wp\/v2\/product_tag?post=1702"}],"curies":[{"name":"wp","href":"https:\/\/api.w.org\/{rel}","templated":true}]}}