{"id":1704,"date":"2025-08-15T09:38:55","date_gmt":"2025-08-15T09:38:55","guid":{"rendered":"https:\/\/operatrafik.com\/product\/casdagli-basilica-c1-toro\/"},"modified":"2025-08-18T07:15:59","modified_gmt":"2025-08-18T07:15:59","slug":"casdagli-basilica-c1-toro","status":"publish","type":"product","link":"https:\/\/operatrafik.com\/hu\/termek\/casdagli-basilica-c1-toro\/","title":{"rendered":"Casdagli Basilica C#1 Toro"},"content":{"rendered":"<p>K\u00f6zepesen testes szivar citrusos jegyekkel. A t\u00f6lt\u0151anyagot k\u00e9t k\u00f6t\u0151lev\u00e9l \u00f6leli k\u00f6r\u00fcl. Az egyik k\u00f6t\u0151anyag citrusos \u00edzeket biztos\u00edt a sz\u00e1jpadl\u00e1snak. A szivart \u00fagy tervezt\u00e9k, hogy a t\u00f6lt\u0151anyag a k\u00e9t k\u00f6t\u0151anyagon t\u00falmutat\u00f3 t\u00f6ltel\u00e9kkel kezdeti l\u00e1gy bevezet\u00e9st adjon. Ezek a citrusos jegyek a f\u00fcst sor\u00e1n v\u00e9gig megmaradnak, n\u00e9mi di\u00f3s \u00e9s \u00e9des \u00edzvil\u00e1ggal, amely a f\u00fcst sor\u00e1n fejl\u0151dik ki. Ez egy gy\u00f6ny\u00f6r\u0171 \u00e9s j\u00f3l kiegyens\u00falyozott szivar egy \u00f6sszetett kever\u00e9kkel.<\/p>","protected":false},"excerpt":{"rendered":"<p>K\u00f6zepesen testes szivar citrusos jegyekkel. A t\u00f6lt\u0151anyagot k\u00e9t k\u00f6t\u0151lev\u00e9l \u00f6leli k\u00f6r\u00fcl. Az egyik k\u00f6t\u0151anyag citrusos \u00edzeket biztos\u00edt a sz\u00e1jpadl\u00e1snak. A szivart \u00fagy tervezt\u00e9k, hogy a t\u00f6lt\u0151anyag a k\u00e9t k\u00f6t\u0151anyagon t\u00falmutat\u00f3 t\u00f6ltel\u00e9kkel kezdeti l\u00e1gy bevezet\u00e9st adjon. Ezek a citrusos jegyek a f\u00fcst sor\u00e1n v\u00e9gig megmaradnak, n\u00e9mi di\u00f3s \u00e9s \u00e9des \u00edzvil\u00e1ggal, amely a f\u00fcst sor\u00e1n fejl\u0151dik ki. [&hellip;]<\/p>","protected":false},"featured_media":1824,"comment_status":"open","ping_status":"closed","template":"","meta":[],"product_brand":[362],"product_cat":[30],"product_tag":[],"class_list":{"0":"post-1704","1":"product","2":"type-product","3":"status-publish","4":"has-post-thumbnail","6":"product_brand-casdagli","7":"product_cat-cigars","8":"pa_binder-dominica","9":"pa_binder-nicaragua","10":"pa_color-colorado-claro","11":"pa_filler-origin-dominica","12":"pa_filler-origin-nicaragua","13":"pa_filler-origin-peru","14":"pa_filler-type-longfiller","15":"pa_format-parejo","16":"pa_handmade-kezi-sodrasu","17":"pa_manufacturer-dominica","18":"pa_size-toro","19":"pa_strength-kozepes-eros","20":"pa_wrapper-brazilian-cubra","22":"first","23":"instock","24":"purchasable","25":"product-type-simple"},"aioseo_notices":[],"_links":{"self":[{"href":"https:\/\/operatrafik.com\/hu\/wp-json\/wp\/v2\/product\/1704","targetHints":{"allow":["GET"]}}],"collection":[{"href":"https:\/\/operatrafik.com\/hu\/wp-json\/wp\/v2\/product"}],"about":[{"href":"https:\/\/operatrafik.com\/hu\/wp-json\/wp\/v2\/types\/product"}],"replies":[{"embeddable":true,"href":"https:\/\/operatrafik.com\/hu\/wp-json\/wp\/v2\/comments?post=1704"}],"wp:featuredmedia":[{"embeddable":true,"href":"https:\/\/operatrafik.com\/hu\/wp-json\/wp\/v2\/media\/1824"}],"wp:attachment":[{"href":"https:\/\/operatrafik.com\/hu\/wp-json\/wp\/v2\/media?parent=1704"}],"wp:term":[{"taxonomy":"product_brand","embeddable":true,"href":"https:\/\/operatrafik.com\/hu\/wp-json\/wp\/v2\/product_brand?post=1704"},{"taxonomy":"product_cat","embeddable":true,"href":"https:\/\/operatrafik.com\/hu\/wp-json\/wp\/v2\/product_cat?post=1704"},{"taxonomy":"product_tag","embeddable":true,"href":"https:\/\/operatrafik.com\/hu\/wp-json\/wp\/v2\/product_tag?post=1704"}],"curies":[{"name":"wp","href":"https:\/\/api.w.org\/{rel}","templated":true}]}}