{"id":1705,"date":"2025-08-15T09:38:56","date_gmt":"2025-08-15T09:38:56","guid":{"rendered":"https:\/\/operatrafik.com\/product\/casdagli-cabinet-selection-rosetta-petit-pyramide\/"},"modified":"2025-08-18T07:15:59","modified_gmt":"2025-08-18T07:15:59","slug":"casdagli-cabinet-selection-rosetta-petit-pyramide","status":"publish","type":"product","link":"https:\/\/operatrafik.com\/hu\/termek\/casdagli-cabinet-selection-rosetta-petit-pyramide\/","title":{"rendered":"Casdagli Cabinet Selection Rosetta Petit Pyramide"},"content":{"rendered":"<p>Ezt a gy\u00f6ny\u00f6r\u0171 kis &#8220;k\u00fapos&#8221; szivart a 11 \u00e9vig \u00e9rlelt Bonao k\u00f6t\u0151lev\u00e9l uralja. Enyhe-k\u00f6zepes er\u0151ss\u00e9g\u0171, \u00e9des jegyeket biztos\u00edt.<br \/>\nEz az els\u0151 a Casdagli Cigars Cabinet Selection vonal\u00e1ban.<\/p>","protected":false},"excerpt":{"rendered":"<p>Ezt a gy\u00f6ny\u00f6r\u0171 kis &#8220;k\u00fapos&#8221; szivart a 11 \u00e9vig \u00e9rlelt Bonao k\u00f6t\u0151lev\u00e9l uralja. Enyhe-k\u00f6zepes er\u0151ss\u00e9g\u0171, \u00e9des jegyeket biztos\u00edt. Ez az els\u0151 a Casdagli Cigars Cabinet Selection vonal\u00e1ban.<\/p>","protected":false},"featured_media":1825,"comment_status":"open","ping_status":"closed","template":"","meta":[],"product_brand":[362],"product_cat":[30],"product_tag":[],"class_list":{"0":"post-1705","1":"product","2":"type-product","3":"status-publish","4":"has-post-thumbnail","6":"product_brand-casdagli","7":"product_cat-cigars","8":"pa_binder-dominica","9":"pa_color-colorado-claro","10":"pa_filler-origin-dominica","11":"pa_filler-type-longfiller","12":"pa_format-pyramid","13":"pa_handmade-kezi-sodrasu","14":"pa_manufacturer-dominica","15":"pa_size-petit-corona","16":"pa_strength-gyenge-kozepes","17":"pa_wrapper-dominican-cotui","19":"first","20":"instock","21":"purchasable","22":"product-type-simple"},"aioseo_notices":[],"_links":{"self":[{"href":"https:\/\/operatrafik.com\/hu\/wp-json\/wp\/v2\/product\/1705","targetHints":{"allow":["GET"]}}],"collection":[{"href":"https:\/\/operatrafik.com\/hu\/wp-json\/wp\/v2\/product"}],"about":[{"href":"https:\/\/operatrafik.com\/hu\/wp-json\/wp\/v2\/types\/product"}],"replies":[{"embeddable":true,"href":"https:\/\/operatrafik.com\/hu\/wp-json\/wp\/v2\/comments?post=1705"}],"wp:featuredmedia":[{"embeddable":true,"href":"https:\/\/operatrafik.com\/hu\/wp-json\/wp\/v2\/media\/1825"}],"wp:attachment":[{"href":"https:\/\/operatrafik.com\/hu\/wp-json\/wp\/v2\/media?parent=1705"}],"wp:term":[{"taxonomy":"product_brand","embeddable":true,"href":"https:\/\/operatrafik.com\/hu\/wp-json\/wp\/v2\/product_brand?post=1705"},{"taxonomy":"product_cat","embeddable":true,"href":"https:\/\/operatrafik.com\/hu\/wp-json\/wp\/v2\/product_cat?post=1705"},{"taxonomy":"product_tag","embeddable":true,"href":"https:\/\/operatrafik.com\/hu\/wp-json\/wp\/v2\/product_tag?post=1705"}],"curies":[{"name":"wp","href":"https:\/\/api.w.org\/{rel}","templated":true}]}}