{"id":1706,"date":"2025-08-15T09:38:56","date_gmt":"2025-08-15T09:38:56","guid":{"rendered":"https:\/\/operatrafik.com\/product\/casdagli-daughters-of-the-wind-pony-express-corona-gorda\/"},"modified":"2025-08-18T07:15:59","modified_gmt":"2025-08-18T07:15:59","slug":"casdagli-daughters-of-the-wind-pony-express-corona-gorda","status":"publish","type":"product","link":"https:\/\/operatrafik.com\/hu\/termek\/casdagli-daughters-of-the-wind-pony-express-corona-gorda\/","title":{"rendered":"Casdagli Daughters of the Wind Pony Express Corona Gorda"},"content":{"rendered":"<p>A Pony Express a Daughters of the Wind Line leg\u00fajabb tagja. A f\u0151 m\u00f3dos\u00edt\u00e1s az eredeti Daughter of the Wind kever\u00e9khez k\u00e9pest az extra mennyis\u00e9g\u0171 dominikai Oscuro Ligero t\u00f6lt\u0151anyag, amely tov\u00e1bb gazdag\u00edtja \u00e9s er\u0151s\u00edti a kever\u00e9ket. A m\u00e1sik v\u00e1ltoz\u00e1s a Daughters of the Wind Line kever\u00e9khez k\u00e9pest az, hogy a Pony Express-t mostant\u00f3l k\u00e9t k\u00f6t\u0151lev\u00e9llel \u00f6leli \u00e1t, bele\u00e9rtve a nicaraguai Esteli k\u00f6t\u0151anyagot a Costa Rica-i Puriscal mellett. A Pony Express k\u00e9zzel k\u00e9sz\u00fcl Costa Ric\u00e1ban, az IGM Cigars exkluz\u00edv butikgy\u00e1r\u00e1ban, San Jos\u00e9ban.<\/p>","protected":false},"excerpt":{"rendered":"<p>A Pony Express a Daughters of the Wind Line leg\u00fajabb tagja. A f\u0151 m\u00f3dos\u00edt\u00e1s az eredeti Daughter of the Wind kever\u00e9khez k\u00e9pest az extra mennyis\u00e9g\u0171 dominikai Oscuro Ligero t\u00f6lt\u0151anyag, amely tov\u00e1bb gazdag\u00edtja \u00e9s er\u0151s\u00edti a kever\u00e9ket. A m\u00e1sik v\u00e1ltoz\u00e1s a Daughters of the Wind Line kever\u00e9khez k\u00e9pest az, hogy a Pony Express-t mostant\u00f3l k\u00e9t k\u00f6t\u0151lev\u00e9llel [&hellip;]<\/p>","protected":false},"featured_media":1826,"comment_status":"open","ping_status":"closed","template":"","meta":[],"product_brand":[362],"product_cat":[30],"product_tag":[],"class_list":{"0":"post-1706","1":"product","2":"type-product","3":"status-publish","4":"has-post-thumbnail","6":"product_brand-casdagli","7":"product_cat-cigars","8":"pa_binder-costa-rica","9":"pa_binder-nicaragua","10":"pa_color-colorado-claro","11":"pa_filler-origin-dominica","12":"pa_filler-origin-peru","13":"pa_filler-type-longfiller","14":"pa_format-parejo","15":"pa_handmade-kezi-sodrasu","16":"pa_manufacturer-costa-rica","17":"pa_size-corona-grande","18":"pa_strength-kozepes-eros","19":"pa_wrapper-ecuadorian-habano","21":"first","22":"instock","23":"purchasable","24":"product-type-simple"},"aioseo_notices":[],"_links":{"self":[{"href":"https:\/\/operatrafik.com\/hu\/wp-json\/wp\/v2\/product\/1706","targetHints":{"allow":["GET"]}}],"collection":[{"href":"https:\/\/operatrafik.com\/hu\/wp-json\/wp\/v2\/product"}],"about":[{"href":"https:\/\/operatrafik.com\/hu\/wp-json\/wp\/v2\/types\/product"}],"replies":[{"embeddable":true,"href":"https:\/\/operatrafik.com\/hu\/wp-json\/wp\/v2\/comments?post=1706"}],"wp:featuredmedia":[{"embeddable":true,"href":"https:\/\/operatrafik.com\/hu\/wp-json\/wp\/v2\/media\/1826"}],"wp:attachment":[{"href":"https:\/\/operatrafik.com\/hu\/wp-json\/wp\/v2\/media?parent=1706"}],"wp:term":[{"taxonomy":"product_brand","embeddable":true,"href":"https:\/\/operatrafik.com\/hu\/wp-json\/wp\/v2\/product_brand?post=1706"},{"taxonomy":"product_cat","embeddable":true,"href":"https:\/\/operatrafik.com\/hu\/wp-json\/wp\/v2\/product_cat?post=1706"},{"taxonomy":"product_tag","embeddable":true,"href":"https:\/\/operatrafik.com\/hu\/wp-json\/wp\/v2\/product_tag?post=1706"}],"curies":[{"name":"wp","href":"https:\/\/api.w.org\/{rel}","templated":true}]}}