{"id":1707,"date":"2025-08-15T09:38:56","date_gmt":"2025-08-15T09:38:56","guid":{"rendered":"https:\/\/operatrafik.com\/product\/casdagli-traditional-line-25-anniversario\/"},"modified":"2025-08-18T07:15:59","modified_gmt":"2025-08-18T07:15:59","slug":"casdagli-traditional-line-25-anniversario","status":"publish","type":"product","link":"https:\/\/operatrafik.com\/hu\/termek\/casdagli-traditional-line-25-anniversario\/","title":{"rendered":"Casdagli Traditional Line 25 Anniversario"},"content":{"rendered":"<p>Ez a szivar Jeremy 25 \u00e9ves szakmai tev\u00e9kenys\u00e9g\u00e9t \u00e9s 10 \u00e9ves partners\u00e9g\u00e9t \u00fcnnepli Hendrik Kelner Jr. mesterkever\u0151vel a Kelner Boutique Factory-ban. Jeremy kedvenc szivarja, amelyet a kubai Torcedor Carlos Valdez Mosquera k\u00e9sz\u00edtett neki, egy Double Corona volt. A kubai gy\u00e1rt\u00e1st maga m\u00f6g\u00f6tt hagyva Jeremy tal\u00e1lkozott Hendrik Kelner Jr-ral, hogy megpr\u00f3b\u00e1ljon k\u00f6zel ker\u00fclni az eredeti kubai kever\u00e9kekhez. \u00cdgy sz\u00fcletett meg 2013-ban a Traditional Line. Term\u00e9szetesnek t\u0171nt, hogy mind a vitola, mind a Traditional Line kever\u00e9k \u00f6sszeh\u00e1zasodott erre az \u00fcnnepre.<\/p>","protected":false},"excerpt":{"rendered":"<p>Ez a szivar Jeremy 25 \u00e9ves szakmai tev\u00e9kenys\u00e9g\u00e9t \u00e9s 10 \u00e9ves partners\u00e9g\u00e9t \u00fcnnepli Hendrik Kelner Jr. mesterkever\u0151vel a Kelner Boutique Factory-ban. Jeremy kedvenc szivarja, amelyet a kubai Torcedor Carlos Valdez Mosquera k\u00e9sz\u00edtett neki, egy Double Corona volt. A kubai gy\u00e1rt\u00e1st maga m\u00f6g\u00f6tt hagyva Jeremy tal\u00e1lkozott Hendrik Kelner Jr-ral, hogy megpr\u00f3b\u00e1ljon k\u00f6zel ker\u00fclni az eredeti kubai [&hellip;]<\/p>","protected":false},"featured_media":1827,"comment_status":"open","ping_status":"closed","template":"","meta":[],"product_brand":[362],"product_cat":[30],"product_tag":[],"class_list":{"0":"post-1707","1":"product","2":"type-product","3":"status-publish","4":"has-post-thumbnail","6":"product_brand-casdagli","7":"product_cat-cigars","8":"pa_binder-dominica","9":"pa_color-colorado-claro","10":"pa_filler-origin-dominica","11":"pa_filler-origin-nicaragua","12":"pa_filler-origin-peru","13":"pa_filler-origin-usa","14":"pa_filler-type-longfiller","15":"pa_format-parejo","16":"pa_handmade-kezi-sodrasu","17":"pa_manufacturer-dominica","18":"pa_size-double-corona","19":"pa_strength-kozepes","20":"pa_wrapper-ecuador","22":"first","23":"instock","24":"purchasable","25":"product-type-simple"},"aioseo_notices":[],"_links":{"self":[{"href":"https:\/\/operatrafik.com\/hu\/wp-json\/wp\/v2\/product\/1707","targetHints":{"allow":["GET"]}}],"collection":[{"href":"https:\/\/operatrafik.com\/hu\/wp-json\/wp\/v2\/product"}],"about":[{"href":"https:\/\/operatrafik.com\/hu\/wp-json\/wp\/v2\/types\/product"}],"replies":[{"embeddable":true,"href":"https:\/\/operatrafik.com\/hu\/wp-json\/wp\/v2\/comments?post=1707"}],"wp:featuredmedia":[{"embeddable":true,"href":"https:\/\/operatrafik.com\/hu\/wp-json\/wp\/v2\/media\/1827"}],"wp:attachment":[{"href":"https:\/\/operatrafik.com\/hu\/wp-json\/wp\/v2\/media?parent=1707"}],"wp:term":[{"taxonomy":"product_brand","embeddable":true,"href":"https:\/\/operatrafik.com\/hu\/wp-json\/wp\/v2\/product_brand?post=1707"},{"taxonomy":"product_cat","embeddable":true,"href":"https:\/\/operatrafik.com\/hu\/wp-json\/wp\/v2\/product_cat?post=1707"},{"taxonomy":"product_tag","embeddable":true,"href":"https:\/\/operatrafik.com\/hu\/wp-json\/wp\/v2\/product_tag?post=1707"}],"curies":[{"name":"wp","href":"https:\/\/api.w.org\/{rel}","templated":true}]}}