{"id":1717,"date":"2025-08-15T09:38:59","date_gmt":"2025-08-15T09:38:59","guid":{"rendered":"https:\/\/operatrafik.com\/product\/casdagli-traditional-line-super-belicoso-pyramide\/"},"modified":"2025-08-18T07:16:00","modified_gmt":"2025-08-18T07:16:00","slug":"casdagli-traditional-line-super-belicoso-pyramide","status":"publish","type":"product","link":"https:\/\/operatrafik.com\/hu\/termek\/casdagli-traditional-line-super-belicoso-pyramide\/","title":{"rendered":"Casdagli Traditional Line Super Belicoso Pyramide"},"content":{"rendered":"<p>A nagyobb gy\u0171r\u0171m\u00e9retek fel\u00e9 mutat\u00f3 trendnek k\u00f6sz\u00f6nhet\u0151en \u00fajra bevezett\u00fck az egyik eredeti kubai m\u00e9retre szabott vitol\u00e1nkat &#8211; a Super Belicoso-t. A Super Belicoso a nagy gy\u0171r\u0171m\u00e9ret \u00e1ltal biztos\u00edtott komplex \u00e9s teljes \u00edzvil\u00e1ggal rendelkezik. A s\u0171r\u0171n csomagolt Tripa, amely \u00e9rlelt amerikai pennsylvaniai Broadleaf, dominikai, nicaraguai \u00e9s perui bor\u00edt\u00f3b\u00f3l \u00e1ll, a Kelner Family Reserve k\u00f6t\u0151anyaggal \u00e9s dominikai Cotui bor\u00edt\u00f3val \u00f6leli \u00e1t ezt a szivart, amely a Traditional vonal domin\u00e1ns jellemz\u0151j\u00e9t ny\u00fajtja: egy rendk\u00edv\u00fcli gazdag \u00e9s jellegzetesen \u00e9des \u00edz, amely az eredeti kubai kever\u00e9keket ut\u00e1nozza, amelyekkel Jeremy 2 \u00e9vtizeddel ezel\u0151tt dolgozott.<\/p>","protected":false},"excerpt":{"rendered":"<p>A nagyobb gy\u0171r\u0171m\u00e9retek fel\u00e9 mutat\u00f3 trendnek k\u00f6sz\u00f6nhet\u0151en \u00fajra bevezett\u00fck az egyik eredeti kubai m\u00e9retre szabott vitol\u00e1nkat &#8211; a Super Belicoso-t. A Super Belicoso a nagy gy\u0171r\u0171m\u00e9ret \u00e1ltal biztos\u00edtott komplex \u00e9s teljes \u00edzvil\u00e1ggal rendelkezik. A s\u0171r\u0171n csomagolt Tripa, amely \u00e9rlelt amerikai pennsylvaniai Broadleaf, dominikai, nicaraguai \u00e9s perui bor\u00edt\u00f3b\u00f3l \u00e1ll, a Kelner Family Reserve k\u00f6t\u0151anyaggal \u00e9s dominikai [&hellip;]<\/p>","protected":false},"featured_media":1830,"comment_status":"open","ping_status":"closed","template":"","meta":[],"product_brand":[362],"product_cat":[30],"product_tag":[],"class_list":{"0":"post-1717","1":"product","2":"type-product","3":"status-publish","4":"has-post-thumbnail","6":"product_brand-casdagli","7":"product_cat-cigars","8":"pa_binder-dominica","9":"pa_color-colorado-claro","10":"pa_filler-origin-dominica","11":"pa_filler-origin-nicaragua","12":"pa_filler-origin-peru","13":"pa_filler-origin-usa","14":"pa_filler-type-longfiller","15":"pa_format-belicoso","16":"pa_handmade-kezi-sodrasu","17":"pa_manufacturer-dominica","18":"pa_size-toro","19":"pa_strength-kozepes","20":"pa_wrapper-dominican-cotui","22":"first","23":"instock","24":"purchasable","25":"product-type-simple"},"aioseo_notices":[],"_links":{"self":[{"href":"https:\/\/operatrafik.com\/hu\/wp-json\/wp\/v2\/product\/1717","targetHints":{"allow":["GET"]}}],"collection":[{"href":"https:\/\/operatrafik.com\/hu\/wp-json\/wp\/v2\/product"}],"about":[{"href":"https:\/\/operatrafik.com\/hu\/wp-json\/wp\/v2\/types\/product"}],"replies":[{"embeddable":true,"href":"https:\/\/operatrafik.com\/hu\/wp-json\/wp\/v2\/comments?post=1717"}],"wp:featuredmedia":[{"embeddable":true,"href":"https:\/\/operatrafik.com\/hu\/wp-json\/wp\/v2\/media\/1830"}],"wp:attachment":[{"href":"https:\/\/operatrafik.com\/hu\/wp-json\/wp\/v2\/media?parent=1717"}],"wp:term":[{"taxonomy":"product_brand","embeddable":true,"href":"https:\/\/operatrafik.com\/hu\/wp-json\/wp\/v2\/product_brand?post=1717"},{"taxonomy":"product_cat","embeddable":true,"href":"https:\/\/operatrafik.com\/hu\/wp-json\/wp\/v2\/product_cat?post=1717"},{"taxonomy":"product_tag","embeddable":true,"href":"https:\/\/operatrafik.com\/hu\/wp-json\/wp\/v2\/product_tag?post=1717"}],"curies":[{"name":"wp","href":"https:\/\/api.w.org\/{rel}","templated":true}]}}