{"id":1720,"date":"2025-08-15T09:38:59","date_gmt":"2025-08-15T09:38:59","guid":{"rendered":"https:\/\/operatrafik.com\/product\/casdagli-villa-casdagli-nicarita-petit-exquisito\/"},"modified":"2025-08-18T07:16:00","modified_gmt":"2025-08-18T07:16:00","slug":"casdagli-villa-casdagli-nicarita-petit-exquisito","status":"publish","type":"product","link":"https:\/\/operatrafik.com\/hu\/termek\/casdagli-villa-casdagli-nicarita-petit-exquisito\/","title":{"rendered":"Casdagli Villa Casdagli Nicarita Petit Exquisito"},"content":{"rendered":"<p>A Villa Casdagli Petit Exquisitos sorozat m\u00e1sodik kiad\u00e1sa a nicaraguai Esteli Liger\u00f3t k\u00e9pviseli. A Nicarita egy lassan \u00e9g\u0151, 20-25 perces f\u00fcst, amely gazdag \u00e9s g\u00f6mb\u00f6lyded er\u0151t ad a sz\u00e1jpadl\u00e1snak, meleg di\u00f3s arom\u00e1val.<\/p>","protected":false},"excerpt":{"rendered":"<p>A Villa Casdagli Petit Exquisitos sorozat m\u00e1sodik kiad\u00e1sa a nicaraguai Esteli Liger\u00f3t k\u00e9pviseli. A Nicarita egy lassan \u00e9g\u0151, 20-25 perces f\u00fcst, amely gazdag \u00e9s g\u00f6mb\u00f6lyded er\u0151t ad a sz\u00e1jpadl\u00e1snak, meleg di\u00f3s arom\u00e1val.<\/p>","protected":false},"featured_media":1833,"comment_status":"open","ping_status":"closed","template":"","meta":[],"product_brand":[362],"product_cat":[30],"product_tag":[],"class_list":{"0":"post-1720","1":"product","2":"type-product","3":"status-publish","4":"has-post-thumbnail","6":"product_brand-casdagli","7":"product_cat-cigars","8":"pa_binder-ecuador","9":"pa_color-colorado-claro","10":"pa_filler-origin-sandwich-filler-a-mixture-of-long-and-short-leaf-of-just-one-type-of-tobacco-nicaraguan-esteli-ligero","11":"pa_filler-type-longfiller","12":"pa_format-parejo","13":"pa_handmade-kezi-sodrasu","14":"pa_manufacturer-costa-rica","15":"pa_size-petit-corona","16":"pa_strength-kozepes-eros","17":"pa_wrapper-ecuador","19":"first","20":"instock","21":"purchasable","22":"product-type-simple"},"aioseo_notices":[],"_links":{"self":[{"href":"https:\/\/operatrafik.com\/hu\/wp-json\/wp\/v2\/product\/1720","targetHints":{"allow":["GET"]}}],"collection":[{"href":"https:\/\/operatrafik.com\/hu\/wp-json\/wp\/v2\/product"}],"about":[{"href":"https:\/\/operatrafik.com\/hu\/wp-json\/wp\/v2\/types\/product"}],"replies":[{"embeddable":true,"href":"https:\/\/operatrafik.com\/hu\/wp-json\/wp\/v2\/comments?post=1720"}],"wp:featuredmedia":[{"embeddable":true,"href":"https:\/\/operatrafik.com\/hu\/wp-json\/wp\/v2\/media\/1833"}],"wp:attachment":[{"href":"https:\/\/operatrafik.com\/hu\/wp-json\/wp\/v2\/media?parent=1720"}],"wp:term":[{"taxonomy":"product_brand","embeddable":true,"href":"https:\/\/operatrafik.com\/hu\/wp-json\/wp\/v2\/product_brand?post=1720"},{"taxonomy":"product_cat","embeddable":true,"href":"https:\/\/operatrafik.com\/hu\/wp-json\/wp\/v2\/product_cat?post=1720"},{"taxonomy":"product_tag","embeddable":true,"href":"https:\/\/operatrafik.com\/hu\/wp-json\/wp\/v2\/product_tag?post=1720"}],"curies":[{"name":"wp","href":"https:\/\/api.w.org\/{rel}","templated":true}]}}