{"id":1726,"date":"2025-08-15T09:39:00","date_gmt":"2025-08-15T09:39:00","guid":{"rendered":"https:\/\/operatrafik.com\/product\/cle-connecticut-robusto\/"},"modified":"2025-08-18T07:16:01","modified_gmt":"2025-08-18T07:16:01","slug":"cle-connecticut-robusto","status":"publish","type":"product","link":"https:\/\/operatrafik.com\/hu\/termek\/cle-connecticut-robusto\/","title":{"rendered":"CLE Connecticut Robusto"},"content":{"rendered":"<p>Christian Eiroa m\u00e1s megk\u00f6zel\u00edt\u00e9st v\u00e1lasztott ezzel a k\u00f6zepes test\u0171 sz\u00e9ps\u00e9ggel.\u00a0Hib\u00e1tlan ecuadori Connecticut bor\u00edt\u00f3val \u00e9s \u00e9rlelt hondurasi hossz\u00fa t\u00f6ltel\u00e9kkel, minden egyes C.L.E. Connecticut p\u00f6rk\u00f6lt di\u00f3f\u00e9l\u00e9k, kr\u00e9m, b\u0151r \u00e9s egy csipetnyi f\u0171szer illat\u00e1t \u00e1rasztja.<\/p>","protected":false},"excerpt":{"rendered":"<p>Christian Eiroa m\u00e1s megk\u00f6zel\u00edt\u00e9st v\u00e1lasztott ezzel a k\u00f6zepes test\u0171 sz\u00e9ps\u00e9ggel.\u00a0Hib\u00e1tlan ecuadori Connecticut bor\u00edt\u00f3val \u00e9s \u00e9rlelt hondurasi hossz\u00fa t\u00f6ltel\u00e9kkel, minden egyes C.L.E. Connecticut p\u00f6rk\u00f6lt di\u00f3f\u00e9l\u00e9k, kr\u00e9m, b\u0151r \u00e9s egy csipetnyi f\u0171szer illat\u00e1t \u00e1rasztja.<\/p>","protected":false},"featured_media":1839,"comment_status":"open","ping_status":"closed","template":"","meta":[],"product_brand":[383],"product_cat":[30],"product_tag":[],"class_list":{"0":"post-1726","1":"product","2":"type-product","3":"status-publish","4":"has-post-thumbnail","6":"product_brand-cle","7":"product_cat-cigars","8":"pa_binder-honduras","9":"pa_color-colorado-claro","10":"pa_filler-origin-honduras","11":"pa_filler-type-longfiller","12":"pa_format-parejo","13":"pa_handmade-kezi-sodrasu","14":"pa_manufacturer-honduras","15":"pa_size-robusto","16":"pa_strength-kozepes","17":"pa_wrapper-ecuadorian-connecticut-shade","19":"first","20":"instock","21":"purchasable","22":"product-type-simple"},"aioseo_notices":[],"_links":{"self":[{"href":"https:\/\/operatrafik.com\/hu\/wp-json\/wp\/v2\/product\/1726","targetHints":{"allow":["GET"]}}],"collection":[{"href":"https:\/\/operatrafik.com\/hu\/wp-json\/wp\/v2\/product"}],"about":[{"href":"https:\/\/operatrafik.com\/hu\/wp-json\/wp\/v2\/types\/product"}],"replies":[{"embeddable":true,"href":"https:\/\/operatrafik.com\/hu\/wp-json\/wp\/v2\/comments?post=1726"}],"wp:featuredmedia":[{"embeddable":true,"href":"https:\/\/operatrafik.com\/hu\/wp-json\/wp\/v2\/media\/1839"}],"wp:attachment":[{"href":"https:\/\/operatrafik.com\/hu\/wp-json\/wp\/v2\/media?parent=1726"}],"wp:term":[{"taxonomy":"product_brand","embeddable":true,"href":"https:\/\/operatrafik.com\/hu\/wp-json\/wp\/v2\/product_brand?post=1726"},{"taxonomy":"product_cat","embeddable":true,"href":"https:\/\/operatrafik.com\/hu\/wp-json\/wp\/v2\/product_cat?post=1726"},{"taxonomy":"product_tag","embeddable":true,"href":"https:\/\/operatrafik.com\/hu\/wp-json\/wp\/v2\/product_tag?post=1726"}],"curies":[{"name":"wp","href":"https:\/\/api.w.org\/{rel}","templated":true}]}}