{"id":1727,"date":"2025-08-15T09:39:00","date_gmt":"2025-08-15T09:39:00","guid":{"rendered":"https:\/\/operatrafik.com\/product\/cle-corojo-robusto\/"},"modified":"2025-08-18T07:16:01","modified_gmt":"2025-08-18T07:16:01","slug":"cle-corojo-robusto","status":"publish","type":"product","link":"https:\/\/operatrafik.com\/hu\/termek\/cle-corojo-robusto\/","title":{"rendered":"CLE Corojo Robusto"},"content":{"rendered":"<p>A mer\u00e9sz \u00e9s er\u0151sen \u00edzes\u00edtett, figyelemfelkelt\u0151 C.L.E. Corojo testes profillal \u00e9s rengeteg bonyolult \u00e1rnyalattal rendelkezik. A C.L.E. k\u00f6nnyen tekinthet\u0151 a klasszikus Corojo-nak a f\u00f6ld, a fekete bors, a t\u00f6lgy \u00e9s a p\u00f6rk\u00f6lt k\u00e1v\u00e9 pik\u00e1ns jegyeivel &#8211; mindezeket hossz\u00fa \u00e9s sima lecseng\u00e9s k\u00eds\u00e9ri. Ez a sz\u00e9ps\u00e9g ki\u00e9rdemelt egy j\u00f3l meg\u00e9rdemelt 90-es \u00e9rt\u00e9kel\u00e9st, megjegyezve: &#8220;F\u00f6ldes k\u00e1v\u00e9s jegyek vezetnek egy \u00e9des van\u00edli\u00e1s befejez\u00e9shez ezen a j\u00f3l elk\u00e9sz\u00edtett, egyenletes \u00e9g\u00e9s\u0171 szivaron. Dombor\u00fa k\u00f6z\u00e9ppel, k\u00fapos l\u00e1bfejjel \u00e9s h\u00e1romvarr\u00e1sos kupakkal sodort\u00e1k&#8221;.<\/p>","protected":false},"excerpt":{"rendered":"<p>A mer\u00e9sz \u00e9s er\u0151sen \u00edzes\u00edtett, figyelemfelkelt\u0151 C.L.E. Corojo testes profillal \u00e9s rengeteg bonyolult \u00e1rnyalattal rendelkezik. A C.L.E. k\u00f6nnyen tekinthet\u0151 a klasszikus Corojo-nak a f\u00f6ld, a fekete bors, a t\u00f6lgy \u00e9s a p\u00f6rk\u00f6lt k\u00e1v\u00e9 pik\u00e1ns jegyeivel &#8211; mindezeket hossz\u00fa \u00e9s sima lecseng\u00e9s k\u00eds\u00e9ri. Ez a sz\u00e9ps\u00e9g ki\u00e9rdemelt egy j\u00f3l meg\u00e9rdemelt 90-es \u00e9rt\u00e9kel\u00e9st, megjegyezve: &#8220;F\u00f6ldes k\u00e1v\u00e9s jegyek [&hellip;]<\/p>","protected":false},"featured_media":1840,"comment_status":"open","ping_status":"closed","template":"","meta":[],"product_brand":[383],"product_cat":[30],"product_tag":[],"class_list":{"0":"post-1727","1":"product","2":"type-product","3":"status-publish","4":"has-post-thumbnail","6":"product_brand-cle","7":"product_cat-cigars","8":"pa_binder-honduras","9":"pa_color-colorado","10":"pa_filler-origin-hondurs-piloto","11":"pa_filler-type-longfiller","12":"pa_format-parejo","13":"pa_handmade-kezi-sodrasu","14":"pa_manufacturer-honduras","15":"pa_size-robusto","16":"pa_strength-kozepes","17":"pa_wrapper-honduran-corojo","19":"first","20":"instock","21":"purchasable","22":"product-type-simple"},"aioseo_notices":[],"_links":{"self":[{"href":"https:\/\/operatrafik.com\/hu\/wp-json\/wp\/v2\/product\/1727","targetHints":{"allow":["GET"]}}],"collection":[{"href":"https:\/\/operatrafik.com\/hu\/wp-json\/wp\/v2\/product"}],"about":[{"href":"https:\/\/operatrafik.com\/hu\/wp-json\/wp\/v2\/types\/product"}],"replies":[{"embeddable":true,"href":"https:\/\/operatrafik.com\/hu\/wp-json\/wp\/v2\/comments?post=1727"}],"wp:featuredmedia":[{"embeddable":true,"href":"https:\/\/operatrafik.com\/hu\/wp-json\/wp\/v2\/media\/1840"}],"wp:attachment":[{"href":"https:\/\/operatrafik.com\/hu\/wp-json\/wp\/v2\/media?parent=1727"}],"wp:term":[{"taxonomy":"product_brand","embeddable":true,"href":"https:\/\/operatrafik.com\/hu\/wp-json\/wp\/v2\/product_brand?post=1727"},{"taxonomy":"product_cat","embeddable":true,"href":"https:\/\/operatrafik.com\/hu\/wp-json\/wp\/v2\/product_cat?post=1727"},{"taxonomy":"product_tag","embeddable":true,"href":"https:\/\/operatrafik.com\/hu\/wp-json\/wp\/v2\/product_tag?post=1727"}],"curies":[{"name":"wp","href":"https:\/\/api.w.org\/{rel}","templated":true}]}}